{"id":129,"date":"2025-08-03T09:59:27","date_gmt":"2025-08-03T07:59:27","guid":{"rendered":"https:\/\/kaffee-fee.com\/de\/?page_id=129"},"modified":"2025-08-22T11:38:41","modified_gmt":"2025-08-22T09:38:41","slug":"bulletproof-coffee","status":"publish","type":"page","link":"https:\/\/kaffee-fee.com\/de\/bulletproof-coffee","title":{"rendered":"Bulletproof Coffee oder auch kugelsicherer Kaffee"},"content":{"rendered":"\n<figure class=\"wp-block-image\"><img decoding=\"async\" src=\"https:\/\/kaffee-fee.com\/media\/media\/bullet-coffee1.jpg\" alt=\"Bulletproof Coffee\"\/><\/figure>\n\n\n\n<h4 class=\"wp-block-heading\">Inhaltsverzeichnis:<\/h4>\n\n\n\n<p><a href=\"https:\/\/kaffee-fee.com\/de\/bulletproof-coffee#was\">Was genau ist Bulletproof Coffee?<\/a><br><a href=\"https:\/\/kaffee-fee.com\/de\/bulletproof-coffee#woher\">Woher kommt Bulletproof Coffee?<\/a><br><a href=\"https:\/\/kaffee-fee.com\/de\/bulletproof-coffee#wirkung\">Welche Wirkung hat Bulletproof Coffee?<\/a><br><a href=\"https:\/\/kaffee-fee.com\/de\/bulletproof-coffee#rezept\">Was ist das Original-Rezept f\u00fcr Bulletproof Coffee?<\/a><br><a href=\"https:\/\/kaffee-fee.com\/de\/bulletproof-coffee#wieviel-energie\">Wieviel Energie liefert mir denn ein Bulletproof Coffee?<\/a><br><a href=\"https:\/\/kaffee-fee.com\/de\/bulletproof-coffee#gesund\">Ist Bulletproof Coffee \u00fcberhaupt gesund?<\/a><br><a href=\"https:\/\/kaffee-fee.com\/de\/bulletproof-coffee#abnehmen\">Kann ich mit Bulleproof Coffee abnehmen?<\/a><br><a href=\"https:\/\/kaffee-fee.com\/de\/bulletproof-coffee#buttertee\">Kann ich auch Tee mit Butter trinken?<\/a><br><a href=\"https:\/\/kaffee-fee.com\/de\/bulletproof-coffee#welche-butter\">Welche Butter nehme ich f\u00fcr den Bulletproof Coffee?<\/a><br><a href=\"https:\/\/kaffee-fee.com\/de\/bulletproof-coffee#welche-bohne\">Welche Kaffeebohnen sind f\u00fcr den Bulletproof Coffee optimal?<\/a><br><a href=\"https:\/\/kaffee-fee.com\/de\/bulletproof-coffee#selbsttest\">Der Selbsttest<\/a><\/p>\n\n\n\n<hr class=\"wp-block-separator has-alpha-channel-opacity\"\/>\n\n\n\n<h2 class=\"wp-block-heading\"><a><\/a>Was genau ist Bulletproof Coffee?<\/h2>\n\n\n\n<p>16.07.2019 &#8211; Zur gro\u00dfen Palette an bekannten Kaffeevarianten wie Espresso, Latte Macchiato oder Cappuccino kommt nun eine ungew\u00f6hnliche Variante hinzu, die derzeit viele Kaffeetrinker begeistert. Leckerer frisch gebr\u00fchter Filterkaffee mit Zugabe von hochwertigem Kokos\u00f6l und Weidebutter. Diese ungew\u00f6hnliche neue Version wird als Bulletproof Coffee bezeichnet. Eine \u00fcberraschende Kaffeevariante mit Geschichte, die in unseren L\u00e4ngengraden bislang unbekannt war. Wer h\u00e4tte gedacht, dass die Mischung aus Butter und Kaffee ein gelungenes Geschmackserlebnis beschert. Die meisten reagieren erstmals kritisch nach dem Motto: was der Bauer nicht kennt, isst er nicht!<br>Was sich bei den meisten, die das erste Mal Bulletproof Coffee probieren, schnell wieder \u00e4ndert. Der buttrige Geschmack wird von den meisten als angenehm empfunden. Hinzu kommt die cremige Konsistenz an der Oberfl\u00e4che, die bis zum letzten Schluck best\u00e4ndig bleibt.<\/p>\n\n\n\n<script async src=\"https:\/\/pagead2.googlesyndication.com\/pagead\/js\/adsbygoogle.js?client=ca-pub-5253990762966564\"\n     crossorigin=\"anonymous\"><\/script>\n<!-- DisplayKaffee -->\n<ins class=\"adsbygoogle\"\n     style=\"display:block\"\n     data-ad-client=\"ca-pub-5253990762966564\"\n     data-ad-slot=\"9487734866\"\n     data-ad-format=\"auto\"\n     data-full-width-responsive=\"true\"><\/ins>\n<script>\n     (adsbygoogle = window.adsbygoogle || []).push({});\n<\/script>\n\n\n\n<h2 class=\"wp-block-heading\"><a><\/a>Woher kommt Bulletproof Coffee?<\/h2>\n\n\n\n<p>Kurz zur Geschichte: Butter in Hei\u00dfgetr\u00e4nken wird vom Volk der Sherpas zelebriert welches im Himalaya lebt. Dave Asprey, ein Unternehmer aus dem bekannten Silican Valley, lie\u00df sich von diesem Volk aus den Bergen des Himalaya begeistern. Er wollte sich als Bergsteiger selbst von der st\u00e4rkenden Wirkung eines traditionellen Tees \u00fcberzeugen. Dieses aufgebr\u00fchte Teegetr\u00e4nk wird mit Yak-Butter versetzt, was als nat\u00fcrliche Energiequelle genutzt wird. Dave Asprey war von dieser Idee extrem fasziniert, und brachte diese Methode in Form des Bulletproff Coffee zur\u00fcck zum Silicon Valley.<br>Allerdings brauchte es seine Zeit bis dieses Kult-Getr\u00e4nk seine Vollendung erfuhr. Mit unz\u00e4hligen Selbsttests bei sich und seinen Freunden, entstand nach einiger Zeit feierlich der originale Bulletproof Coffee. Ta da!<\/p>\n\n\n\n<h3 class=\"wp-block-heading\"><a><\/a>Welche Wirkung hat Bulletproof Coffee?<\/h3>\n\n\n\n<p>Bulletproof Coffee soll fit machen und beim Abnehmen helfen. Kling zu sch\u00f6n um wahr zu sein. Die Mischung aus Butter, Kokos\u00f6l und Kaffee setzt laut Theorie von Dave Asprey Energie frei, die f\u00fcr ein paar Stunden anhalten soll. Hinzu kommt ein angenehmes S\u00e4ttigungsgef\u00fchl. Fetthaltige Lebensmittel, wie gute Butter, beeinflussen den Blutzuckerspiegel nur geringf\u00fcgig. Perfekt f\u00fcr den Morgen, nicht wahr?<br>Nach Angaben einiger Bulletproof Coffee Genie\u00dfer wird dies vollends best\u00e4tigt. Sie erfreuen sich an mehr Power und einem angenehmen S\u00e4ttigungsgef\u00fchl, welches bis zum Mittag anhalten soll. Freunde der beliebten Paleo-Di\u00e4t und zahlreiche Stars wie Ed Sheeran und Shailene Woodley schw\u00f6ren auf den Trend-Kaffee, denn er ersetzt nach eigenen Angaben ein komplettes kohlenhydratreiches Fr\u00fchst\u00fcck.<\/p>\n\n\n\n<h3 class=\"wp-block-heading\"><a><\/a>Was ist das Original-Rezept f\u00fcr Bulletproof Coffee?<\/h3>\n\n\n\n<p>Die originale Zubereitung:<img loading=\"lazy\" decoding=\"async\" src=\"https:\/\/kaffee-fee.com\/media\/media\/bulletproof-kaffee.jpg\" alt=\"Bulletproof Coffee Rezept\" width=\"300\" height=\"313\"><\/p>\n\n\n\n<ol class=\"wp-block-list\">\n<li>&#8211; hochwertiger, frisch gebr\u00fchter gemahlener Bohnenkaffee (toxinarmer Kaffee: durch schonende R\u00f6stung weniger S\u00e4ureanteile und Bitterstoffe)<\/li>\n\n\n\n<li>&#8211; 1\u20132 Essl\u00f6ffel gute Butter von Weidek\u00fchen oder Ghee<\/li>\n\n\n\n<li>&#8211; 1\u20132 Essl\u00f6ffel MCT-\u00d6l aus Kokos\u00f6l<\/li>\n<\/ol>\n\n\n\n<p>Mixe alles mit einem Stab-Mixer durch. Falls kein Mixer vorhanden ist, reicht ein Milchsch\u00e4umer. Der Mix-Prozess ist sehr wichtig. Das ausgiebige mixen f\u00fchrt zur Bildung von Mizellen, auf die ich weiter unten eingehe. Du kannst aber auch hier direkt zur <a href=\"https:\/\/kaffee-fee.com\/de\/bulletproof-coffee#abnehmen\">Mizellen-Bildung springen<\/a>.<br>Bei Youtube findest Du viele Videos, die Dir bei der Zubereitung helfen!<\/p>\n\n\n\n<h3 class=\"wp-block-heading\"><a><\/a>Wieviel Energie liefert mir denn ein Bulletproof Coffee?<\/h3>\n\n\n\n<p>Butter bei die Fische. Laut unseren groben Berechnungen liefert eine Tasse Bulletproof Coffee schon mal ca. 200-300 kcal mehr als ohne Fettzugabe. Ich vermute, dass diese Werte reine Durchschnittswerte sind. Vergessen wir nicht die Energiewerte unterschiedlicher Kaffeebohnen. Robusta-Bohnen sind etwas \u00f6liger in der Konsistenz und haben somit h\u00f6here Energiewerte. Arabica-Bohnen dagegen haben weniger Fette. Viele Kaffeehersteller haben freundlicherweise Energiewerte-Tabellen f\u00fcr ihre hergestellten Kaffees ver\u00f6ffentlicht. Selbst die Energiewerte der Weidebutter sind etwas unterschiedlich. Lange Rede kurzer Sinn! Hier einigt man sich auf ein Mittelwert:<br>Eine Tasse Bulletproof Coffee (200 ml) entspricht ca. 215 Kalorien.<br>1 Essl\u00f6ffel Weidebutter + 1 Essl\u00f6ffel Kokos\u00f6l entsprechen ca. 25 Gramm Fett.<\/p>\n\n\n\n<p>Folgende Energiewerte zusammengefasst:<\/p>\n\n\n\n<ul class=\"wp-block-list\">\n<li>&#8211; 1 Tasse Kaffee mit 200 ml hat ca. 5\u20138kcal<\/li>\n\n\n\n<li>&#8211; 12,5 Gramm Weidebutter hat ca. 95kcal<\/li>\n\n\n\n<li>&#8211; 12,5 Gramm Kokos\u00f6l hat ca. 115kcal<\/li>\n<\/ul>\n\n\n\n<p>Achtet auf die Dosierung der Fette. In der originalen Rezeptur kann man statt je einem Essl\u00f6ffel auch 2 Essl\u00f6ffel nehmen. Bei je 2 Essl\u00f6ffel (50 Gramm Fette) h\u00e4tten wir einen Energiewert von 425kcal. Ich hoffe, dieser Beitrag konnte deine Frage ausreichend beantworten.<\/p>\n\n\n\n<h3 class=\"wp-block-heading\"><a><\/a>Ist Bulletproof Coffee \u00fcberhaupt gesund?<\/h3>\n\n\n\n<p>Vor allem stellt sich die Frage: ist Kaffee gesund? Dazu habe ich bereits einen Beitrag geschrieben. Daher m\u00f6chte ich mich etwas k\u00fcrzer fassen. Hier kannst du nachlesen ob <a href=\"https:\/\/kaffee-fee.com\/de\/ist-kaffee-gesund\/\">Kaffee gesund<\/a> ist. Die beiden zus\u00e4tzlichen Fette (Weidebutter und Kokos\u00f6l) liefern eine Sinfonie mittel- und langkettiger Triglyceride. Nat\u00fcrliche Fette bestehen zum \u00fcberwiegenden Teil aus Triglycerolen mit drei langkettigen Fetts\u00e4uren. Sie sind sehr gute Energielieferanten. Besonders die kurzkettigen Fetts\u00e4uren gelangen schneller zur Leber und liefern schneller Energie. Die langkettigen ben\u00f6tigen durch die Spaltung mehr Zeit und liefern verz\u00f6gert. So wird eine kontinuierliche Energielieferung sichergestellt, die nach Angaben des Erfinders bis zu 6 Stunden anhalten kann. Ein Gro\u00dfteil dieser Energie landet in der Leber, die die nicht ben\u00f6tige Energie in Ketone umwandelt. Diese Ketone werden von unserem K\u00f6rper als hochwertige Brennstoffquelle genutzt, um unsere Organe und unser Gewebe effektiv mit Energie zu versorgen. Dabei wird der Organismus nicht wesentlich belastet. Kokosfett mit seinen mittelkettigen Triglyceriden wird schon lange von vielen Forschern als hochwertige Energiequelle postuliert.<\/p>\n\n\n\n<h3 class=\"wp-block-heading\"><a><\/a>Kann ich mit Bulleproof Coffee abnehmen?<\/h3>\n\n\n\n<p>Laut Fit-for-Fun sollen mittelkettige Triglyceride (MCT = Medium-Chain-Triglycerides), die hoch konzentriert im Kokosnuss\u00f6l zu finden sind, beim Abnehmen helfen. Diese MCTs liefern etwas weniger Energie als andere Fette und gelten als leicht appetithemmend. Hinzu kommt ein erh\u00f6hter Verbrauch beim Verstoffwechseln. Eine gute Basis um Pfunde purzeln zu lassen! Des Weiteren ist der Mix-Prozess sehr wichtig. Dieser Prozess l\u00f6st alle feinen Kl\u00fcmpchen auf und bildet dabei Mizellen, die deinen K\u00f6rper beim Fettstoffwechsel helfen. Je h\u00f6her der Anteil an Mizellen, desto mehr Fett wird in Energie umgewandelt. Und je mehr Energie zur Verf\u00fcgung steht, desto l\u00e4nger k\u00f6nnen wir mit der Nahrungsaufnahme warten. Nat\u00fcrlich wird es in der Zukunft weitere Tests geben, da pauschale Aussagen \u00fcber die positiven Wirkungen des Bulletproof Coffee bislang nicht nachweisbar sind.<\/p>\n\n\n\n<p>J\u00fcngsten Studien zufolge (dazu folgendes Video) kann das Aussetzen des kohlenhydratreichen Fr\u00fchst\u00fcckes als kurze Fastenzeit eingestuft werden. Neuere Untersuchungen (Stand:07\/2017) haben gezeigt, dass ein Aussetzen der Nahrungsaufnahme von mindestens 16 Stunden am Tag ein Heil- und Regenerationseffekt haben k\u00f6nnen. Neben dieser positiven Eigenschaften wird auch das Thema Abnehmen in den Fokus genommen. Diese kurze t\u00e4gliche Fastenzeit wird Intervallfasten oder auch Intermittierendes Fasten genannt. Im folgenden Video wird erkl\u00e4rt, wie es genau funktioniert. Unserer Meinung nach unterst\u00fctzt der Bulletpoof Coffee diese Fastenart. Somit ist es ebenfalls einfacher m\u00f6glich nachhaltig ein paar Pfunde zu verlieren.<\/p>\n\n\n\n<h4 class=\"wp-block-heading\"><a><\/a>Kann ich auch Tee mit Butter trinken?<\/h4>\n\n\n\n<p>Buttertee ist in fern\u00f6stlichen Regionen nicht nur bekannt, sondern gilt in Tibet als Nationalgetr\u00e4nk. Der von Tibetern genannte Po Cha ist ein Tee mit Yakbutter und Salz. Laut Wiki ist dieser Tee in mehreren Regionen bekannt (Mongolei, Bhutan und Nepal). In Indien gibt es ebenfalls ein Hei\u00dfgetr\u00e4nk aus Tee und Butter namens Masala Chai. Rezepte zum Buttertee findest du unter chefkoch.de.<\/p>\n\n\n\n<h4 class=\"wp-block-heading\"><a><\/a>Welche Butter nehme ich f\u00fcr den Bulletproof Coffee?<\/h4>\n\n\n\n<p>Immer mehr Forscher kommen zu dem Ergebnis, dass der Verzehr von guter Butter einige positive Eigenschaften f\u00fcr unseren K\u00f6rper bereithalten. Hinzu kommt, dass Butter leicht verdaulich ist und das Aroma vieler Lebensmittel verst\u00e4rkt. Die gute Butter verliert so langfristig ihren schlechten Ruf. Das Team von der Kaffee-Fee empfiehlt zur optimalen Zubereitung von Bulletproof Coffee, wie der Erfinder Dave Asprey auch, ungesalzene Weidebutter.<\/p>\n\n\n\n<h4 class=\"wp-block-heading\"><a><\/a>Welche Kaffeebohnen sind f\u00fcr den Bulletproof Coffee optimal?<\/h4>\n\n\n\n<p>Unsere Empfehlung: nehmen Sie einen magenfreundlichen Kaffee f\u00fcr die Zubereitung ihres kugelsicheren Kaffees. Magenfreundlichere Kaffeesorten werden schonender und l\u00e4nger ger\u00f6stet, um den S\u00e4ureanteil und die Bitterstoffe zu reduzieren. Solch ein Kaffee w\u00e4re ideal f\u00fcr den fr\u00fchen Start. Besonders schonend ist Kaffee der Marke IDEE, Minges und Melitta.<\/p>\n\n\n\n<h5 class=\"wp-block-heading\">Meinungen \u00fcber Bulletproff Coffee<\/h5>\n\n\n\n<p>Einige Aussagen vieler Bulletproof Coffee Freunde sind nicht auf die Goldwaage zu legen. Wer grunds\u00e4tzlich auf buttrige Nuancen steht, wird mit dem Bulletproof Coffee eine gute Erfahrung machen. Das Kokos\u00f6l wird von vielen kaum geschmeckt, da die Butter geschmacklich dominiert. Dennoch hat es durch seinen Fetts\u00e4ure-Mix seine Daseinsberechtigung. Von den wenigsten wird er als eklig empfunden. M\u00f6glicherweise sind diese Menschen keine Kaffeetrinker oder haben mit der Konsistenz ein Problem. Die buttrige-cremige Konsistenz ist f\u00fcr viele eine Besonderheit, die oft als sehr lecker wahrgenommen wird. Je nach Trinkart werden die Lippen leicht gefettet, was ebenfalls von vielen als angenehm empfunden wird. Sie k\u00f6nnen ihren Bulletproof Coffee auch mit nat\u00fcrlichem Vanillepulver, Schokopulver oder Zimt verfeinern. Es schmeckt hervorragend.<br>Ein kleiner Bulletproof-Coffee-Slogen von uns: Der Lippenbalsam am Morgen vertreibt Hunger und Sorgen:)<\/p>\n\n\n\n<h6 class=\"wp-block-heading\"><a><\/a>Der Selbsttest<\/h6>\n\n\n\n<p>Man k\u00f6nnte Romane schreiben und B\u00fccher f\u00fcllen mit tollen Informationen um und zum Bulletproof Coffee. Aber im Kern gibt es offensichtlich nicht viel zu sagen. Probieren Sie es aus und machen Sie eigene Erfahrungen mit dem kugelsicheren Kaffee. Viele Bewunderer dieses Kaffees sind davon \u00fcberzeugt, dass sie neben dem Energiegewinn auch schlanker werden.<br>Liebe Gr\u00fc\u00dfe von ihrer Kaffee-Fee<\/p>\n","protected":false},"excerpt":{"rendered":"<p>Inhaltsverzeichnis: Was genau ist Bulletproof Coffee?Woher kommt Bulletproof Coffee?Welche Wirkung hat Bulletproof Coffee?Was ist das Original-Rezept f\u00fcr Bulletproof Coffee?Wieviel Energie liefert mir denn ein Bulletproof Coffee?Ist Bulletproof Coffee \u00fcberhaupt gesund?Kann ich mit Bulleproof Coffee abnehmen?Kann ich auch Tee mit Butter trinken?Welche Butter nehme ich f\u00fcr den Bulletproof Coffee?Welche Kaffeebohnen sind f\u00fcr den Bulletproof Coffee optimal?Der [&hellip;]<\/p>\n","protected":false},"author":1,"featured_media":0,"parent":0,"menu_order":0,"comment_status":"closed","ping_status":"closed","template":"","meta":{"footnotes":""},"class_list":["post-129","page","type-page","status-publish","hentry"],"yoast_head":"<!-- This site is optimized with the Yoast SEO plugin v26.9 - https:\/\/yoast.com\/product\/yoast-seo-wordpress\/ -->\n<title>Bulletproof Coffee oder auch kugelsicherer Kaffee - kaffee-fee.com<\/title>\n<meta name=\"robots\" content=\"index, follow, max-snippet:-1, max-image-preview:large, max-video-preview:-1\" \/>\n<link rel=\"canonical\" href=\"https:\/\/kaffee-fee.com\/de\/bulletproof-coffee\" \/>\n<meta property=\"og:locale\" content=\"de_DE\" \/>\n<meta property=\"og:type\" content=\"article\" \/>\n<meta property=\"og:title\" content=\"Bulletproof Coffee oder auch kugelsicherer Kaffee - kaffee-fee.com\" \/>\n<meta property=\"og:description\" content=\"Inhaltsverzeichnis: Was genau ist Bulletproof Coffee?Woher kommt Bulletproof Coffee?Welche Wirkung hat Bulletproof Coffee?Was ist das Original-Rezept f\u00fcr Bulletproof Coffee?Wieviel Energie liefert mir denn ein Bulletproof Coffee?Ist Bulletproof Coffee \u00fcberhaupt gesund?Kann ich mit Bulleproof Coffee abnehmen?Kann ich auch Tee mit Butter trinken?Welche Butter nehme ich f\u00fcr den Bulletproof Coffee?Welche Kaffeebohnen sind f\u00fcr den Bulletproof Coffee optimal?Der [&hellip;]\" \/>\n<meta property=\"og:url\" content=\"https:\/\/kaffee-fee.com\/de\/bulletproof-coffee\" \/>\n<meta property=\"og:site_name\" content=\"kaffee-fee.com\" \/>\n<meta property=\"article:modified_time\" content=\"2025-08-22T09:38:41+00:00\" \/>\n<meta property=\"og:image\" content=\"https:\/\/kaffee-fee.com\/media\/media\/bullet-coffee1.jpg\" \/>\n<meta name=\"twitter:card\" content=\"summary_large_image\" \/>\n<meta name=\"twitter:label1\" content=\"Gesch\u00e4tzte Lesezeit\" \/>\n\t<meta name=\"twitter:data1\" content=\"9\u00a0Minuten\" \/>\n<script type=\"application\/ld+json\" class=\"yoast-schema-graph\">{\"@context\":\"https:\/\/schema.org\",\"@graph\":[{\"@type\":\"WebPage\",\"@id\":\"https:\/\/kaffee-fee.com\/de\/bulletproof-coffee\",\"url\":\"https:\/\/kaffee-fee.com\/de\/bulletproof-coffee\",\"name\":\"Bulletproof Coffee oder auch kugelsicherer Kaffee - kaffee-fee.com\",\"isPartOf\":{\"@id\":\"https:\/\/kaffee-fee.com\/de\/#website\"},\"primaryImageOfPage\":{\"@id\":\"https:\/\/kaffee-fee.com\/de\/bulletproof-coffee#primaryimage\"},\"image\":{\"@id\":\"https:\/\/kaffee-fee.com\/de\/bulletproof-coffee#primaryimage\"},\"thumbnailUrl\":\"https:\/\/kaffee-fee.com\/media\/media\/bullet-coffee1.jpg\",\"datePublished\":\"2025-08-03T07:59:27+00:00\",\"dateModified\":\"2025-08-22T09:38:41+00:00\",\"breadcrumb\":{\"@id\":\"https:\/\/kaffee-fee.com\/de\/bulletproof-coffee#breadcrumb\"},\"inLanguage\":\"de\",\"potentialAction\":[{\"@type\":\"ReadAction\",\"target\":[\"https:\/\/kaffee-fee.com\/de\/bulletproof-coffee\"]}]},{\"@type\":\"ImageObject\",\"inLanguage\":\"de\",\"@id\":\"https:\/\/kaffee-fee.com\/de\/bulletproof-coffee#primaryimage\",\"url\":\"https:\/\/kaffee-fee.com\/media\/media\/bullet-coffee1.jpg\",\"contentUrl\":\"https:\/\/kaffee-fee.com\/media\/media\/bullet-coffee1.jpg\"},{\"@type\":\"BreadcrumbList\",\"@id\":\"https:\/\/kaffee-fee.com\/de\/bulletproof-coffee#breadcrumb\",\"itemListElement\":[{\"@type\":\"ListItem\",\"position\":1,\"name\":\"Startseite\",\"item\":\"https:\/\/kaffee-fee.com\/de\/\"},{\"@type\":\"ListItem\",\"position\":2,\"name\":\"Bulletproof Coffee oder auch kugelsicherer Kaffee\"}]},{\"@type\":\"WebSite\",\"@id\":\"https:\/\/kaffee-fee.com\/de\/#website\",\"url\":\"https:\/\/kaffee-fee.com\/de\/\",\"name\":\"kaffee-fee.com\",\"description\":\"\",\"publisher\":{\"@id\":\"https:\/\/kaffee-fee.com\/de\/#\/schema\/person\/f674e74d619d094bd78b6c47b7beecd0\"},\"potentialAction\":[{\"@type\":\"SearchAction\",\"target\":{\"@type\":\"EntryPoint\",\"urlTemplate\":\"https:\/\/kaffee-fee.com\/de\/?s={search_term_string}\"},\"query-input\":{\"@type\":\"PropertyValueSpecification\",\"valueRequired\":true,\"valueName\":\"search_term_string\"}}],\"inLanguage\":\"de\"},{\"@type\":[\"Person\",\"Organization\"],\"@id\":\"https:\/\/kaffee-fee.com\/de\/#\/schema\/person\/f674e74d619d094bd78b6c47b7beecd0\",\"name\":\"Kaffee-Fee\",\"image\":{\"@type\":\"ImageObject\",\"inLanguage\":\"de\",\"@id\":\"https:\/\/kaffee-fee.com\/de\/#\/schema\/person\/image\/\",\"url\":\"https:\/\/kaffee-fee.com\/de\/wp-content\/uploads\/2025\/08\/cropped-kaffee-fee-logo-bohnen-328x170-1.jpg\",\"contentUrl\":\"https:\/\/kaffee-fee.com\/de\/wp-content\/uploads\/2025\/08\/cropped-kaffee-fee-logo-bohnen-328x170-1.jpg\",\"width\":200,\"height\":103,\"caption\":\"Kaffee-Fee\"},\"logo\":{\"@id\":\"https:\/\/kaffee-fee.com\/de\/#\/schema\/person\/image\/\"},\"sameAs\":[\"https:\/\/kaffee-fee.com\/de\"]}]}<\/script>\n<!-- \/ Yoast SEO plugin. -->","yoast_head_json":{"title":"Bulletproof Coffee oder auch kugelsicherer Kaffee - kaffee-fee.com","robots":{"index":"index","follow":"follow","max-snippet":"max-snippet:-1","max-image-preview":"max-image-preview:large","max-video-preview":"max-video-preview:-1"},"canonical":"https:\/\/kaffee-fee.com\/de\/bulletproof-coffee","og_locale":"de_DE","og_type":"article","og_title":"Bulletproof Coffee oder auch kugelsicherer Kaffee - kaffee-fee.com","og_description":"Inhaltsverzeichnis: Was genau ist Bulletproof Coffee?Woher kommt Bulletproof Coffee?Welche Wirkung hat Bulletproof Coffee?Was ist das Original-Rezept f\u00fcr Bulletproof Coffee?Wieviel Energie liefert mir denn ein Bulletproof Coffee?Ist Bulletproof Coffee \u00fcberhaupt gesund?Kann ich mit Bulleproof Coffee abnehmen?Kann ich auch Tee mit Butter trinken?Welche Butter nehme ich f\u00fcr den Bulletproof Coffee?Welche Kaffeebohnen sind f\u00fcr den Bulletproof Coffee optimal?Der [&hellip;]","og_url":"https:\/\/kaffee-fee.com\/de\/bulletproof-coffee","og_site_name":"kaffee-fee.com","article_modified_time":"2025-08-22T09:38:41+00:00","og_image":[{"url":"https:\/\/kaffee-fee.com\/media\/media\/bullet-coffee1.jpg","type":"","width":"","height":""}],"twitter_card":"summary_large_image","twitter_misc":{"Gesch\u00e4tzte Lesezeit":"9\u00a0Minuten"},"schema":{"@context":"https:\/\/schema.org","@graph":[{"@type":"WebPage","@id":"https:\/\/kaffee-fee.com\/de\/bulletproof-coffee","url":"https:\/\/kaffee-fee.com\/de\/bulletproof-coffee","name":"Bulletproof Coffee oder auch kugelsicherer Kaffee - kaffee-fee.com","isPartOf":{"@id":"https:\/\/kaffee-fee.com\/de\/#website"},"primaryImageOfPage":{"@id":"https:\/\/kaffee-fee.com\/de\/bulletproof-coffee#primaryimage"},"image":{"@id":"https:\/\/kaffee-fee.com\/de\/bulletproof-coffee#primaryimage"},"thumbnailUrl":"https:\/\/kaffee-fee.com\/media\/media\/bullet-coffee1.jpg","datePublished":"2025-08-03T07:59:27+00:00","dateModified":"2025-08-22T09:38:41+00:00","breadcrumb":{"@id":"https:\/\/kaffee-fee.com\/de\/bulletproof-coffee#breadcrumb"},"inLanguage":"de","potentialAction":[{"@type":"ReadAction","target":["https:\/\/kaffee-fee.com\/de\/bulletproof-coffee"]}]},{"@type":"ImageObject","inLanguage":"de","@id":"https:\/\/kaffee-fee.com\/de\/bulletproof-coffee#primaryimage","url":"https:\/\/kaffee-fee.com\/media\/media\/bullet-coffee1.jpg","contentUrl":"https:\/\/kaffee-fee.com\/media\/media\/bullet-coffee1.jpg"},{"@type":"BreadcrumbList","@id":"https:\/\/kaffee-fee.com\/de\/bulletproof-coffee#breadcrumb","itemListElement":[{"@type":"ListItem","position":1,"name":"Startseite","item":"https:\/\/kaffee-fee.com\/de\/"},{"@type":"ListItem","position":2,"name":"Bulletproof Coffee oder auch kugelsicherer Kaffee"}]},{"@type":"WebSite","@id":"https:\/\/kaffee-fee.com\/de\/#website","url":"https:\/\/kaffee-fee.com\/de\/","name":"kaffee-fee.com","description":"","publisher":{"@id":"https:\/\/kaffee-fee.com\/de\/#\/schema\/person\/f674e74d619d094bd78b6c47b7beecd0"},"potentialAction":[{"@type":"SearchAction","target":{"@type":"EntryPoint","urlTemplate":"https:\/\/kaffee-fee.com\/de\/?s={search_term_string}"},"query-input":{"@type":"PropertyValueSpecification","valueRequired":true,"valueName":"search_term_string"}}],"inLanguage":"de"},{"@type":["Person","Organization"],"@id":"https:\/\/kaffee-fee.com\/de\/#\/schema\/person\/f674e74d619d094bd78b6c47b7beecd0","name":"Kaffee-Fee","image":{"@type":"ImageObject","inLanguage":"de","@id":"https:\/\/kaffee-fee.com\/de\/#\/schema\/person\/image\/","url":"https:\/\/kaffee-fee.com\/de\/wp-content\/uploads\/2025\/08\/cropped-kaffee-fee-logo-bohnen-328x170-1.jpg","contentUrl":"https:\/\/kaffee-fee.com\/de\/wp-content\/uploads\/2025\/08\/cropped-kaffee-fee-logo-bohnen-328x170-1.jpg","width":200,"height":103,"caption":"Kaffee-Fee"},"logo":{"@id":"https:\/\/kaffee-fee.com\/de\/#\/schema\/person\/image\/"},"sameAs":["https:\/\/kaffee-fee.com\/de"]}]}},"_links":{"self":[{"href":"https:\/\/kaffee-fee.com\/de\/wp-json\/wp\/v2\/pages\/129","targetHints":{"allow":["GET"]}}],"collection":[{"href":"https:\/\/kaffee-fee.com\/de\/wp-json\/wp\/v2\/pages"}],"about":[{"href":"https:\/\/kaffee-fee.com\/de\/wp-json\/wp\/v2\/types\/page"}],"author":[{"embeddable":true,"href":"https:\/\/kaffee-fee.com\/de\/wp-json\/wp\/v2\/users\/1"}],"replies":[{"embeddable":true,"href":"https:\/\/kaffee-fee.com\/de\/wp-json\/wp\/v2\/comments?post=129"}],"version-history":[{"count":2,"href":"https:\/\/kaffee-fee.com\/de\/wp-json\/wp\/v2\/pages\/129\/revisions"}],"predecessor-version":[{"id":328,"href":"https:\/\/kaffee-fee.com\/de\/wp-json\/wp\/v2\/pages\/129\/revisions\/328"}],"wp:attachment":[{"href":"https:\/\/kaffee-fee.com\/de\/wp-json\/wp\/v2\/media?parent=129"}],"curies":[{"name":"wp","href":"https:\/\/api.w.org\/{rel}","templated":true}]}}