{"id":133,"date":"2025-08-03T10:01:10","date_gmt":"2025-08-03T08:01:10","guid":{"rendered":"https:\/\/kaffee-fee.com\/de\/?page_id=133"},"modified":"2025-08-22T11:57:55","modified_gmt":"2025-08-22T09:57:55","slug":"fotokalender-kostenlos-pdf","status":"publish","type":"page","link":"https:\/\/kaffee-fee.com\/de\/fotokalender-kostenlos-pdf","title":{"rendered":"Kalender zum Audsrucken 2025 kostenlos downloaden"},"content":{"rendered":"\n<h2 class=\"wp-block-heading\">Wir bedanken uns f\u00fcr das vergangene Jahr mit diesem Kaffee-Fotokalender<\/h2>\n\n\n\n<p><a href=\"https:\/\/kaffeeversand24.com\/2025\/fotokalender-kaffee-2025.pdf\" target=\"_blank\" rel=\"noreferrer noopener\"><\/a>Wir bedanken uns bei Ihnen f\u00fcr Ihre Treue und haben einen kostenlosen Fotokalender mit dem Thema &#8218;Kaffee&#8216; kostenlos zum Download angefertigt. Sie k\u00f6nnen diesen Kalender vom Jahr 2025 kostenlos als PDF herunterladen. Das Format haben wir bewusst im DIN A4 gehalten. Nat\u00fcrlich bedanke ich mich auch bei den Fotografen, die diese tollen Fotos kostenlos zur Verf\u00fcgung gestellt haben. <a href=\"https:\/\/kaffeeversand24.com\/2025\/fotokalender-kaffee-2025.pdf\" target=\"_blank\" rel=\"noreferrer noopener\">Hier k\u00f6nnen Sie den Kaffee-Fotokalender herunterladen.<\/a><\/p>\n\n\n\n<script async src=\"https:\/\/pagead2.googlesyndication.com\/pagead\/js\/adsbygoogle.js?client=ca-pub-5253990762966564\"\n     crossorigin=\"anonymous\"><\/script>\n<!-- DisplayKaffee -->\n<ins class=\"adsbygoogle\"\n     style=\"display:block\"\n     data-ad-client=\"ca-pub-5253990762966564\"\n     data-ad-slot=\"9487734866\"\n     data-ad-format=\"auto\"\n     data-full-width-responsive=\"true\"><\/ins>\n<script>\n     (adsbygoogle = window.adsbygoogle || []).push({});\n<\/script>\n\n\n\n<h3 class=\"wp-block-heading\">Kalender zum Ausdrucken &#8211; Wie laden Sie den Fotokalender kostenlos herunter?<\/h3>\n\n\n\n<p>Wenn Sie auf das Bild klicken oder den Link oben nutzen, kommen Sie auf unsere Seite kaffeeversand24.com. Dort ist das kostenlose PDF hinterlegt, die Sie sofort kostenfrei und unverbindlich herunterladen k\u00f6nnen. Bei einem PDF wird meistens ein Pfeil angezeigt, der nach unten zeigt. Diesen Pfeil k\u00f6nnen Sie zum Herunterladen klicken. Geben Sie einen Ort an, wo Sie diese Datei gespeichert haben wollen. Die Voreinstellung ist meisten der &#8218;Downloads&#8216; Ordner. Rufen Sie diese Datei dann aus Ihrem gew\u00e4hlten Ordner auf. Dieses PDF k\u00f6nnen Sie nun auf Wunsch ausdrucken. Viel Spa\u00df mit Ihrem Fotokalender 2025.<\/p>\n\n\n\n<p>Trotz der turbulenten Zeiten und der leider immer noch steigenden Preise, w\u00fcnschen wir Ihnen ein sch\u00f6nes entschleunigtes Jahr mit leckerem Kaffee-Genuss. Haben Sie Freude mit Ihren Liebsten. Vielleicht hei\u00dft es f\u00fcr dieses Jahr, dass wir alle gemeinsam etwas mehr zusammenr\u00fccken, um die Sorgen miteinander teilen und durchstehen zu k\u00f6nnen.<\/p>\n\n\n\n<p>Bleiben Sie gesund, munter und wie wir optimistisch. Auf ein sch\u00f6nes Jahr 2025<br>Ihre Kaffee Fee<\/p>\n","protected":false},"excerpt":{"rendered":"<p>Wir bedanken uns f\u00fcr das vergangene Jahr mit diesem Kaffee-Fotokalender Wir bedanken uns bei Ihnen f\u00fcr Ihre Treue und haben einen kostenlosen Fotokalender mit dem Thema &#8218;Kaffee&#8216; kostenlos zum Download angefertigt. Sie k\u00f6nnen diesen Kalender vom Jahr 2025 kostenlos als PDF herunterladen. Das Format haben wir bewusst im DIN A4 gehalten. Nat\u00fcrlich bedanke ich mich [&hellip;]<\/p>\n","protected":false},"author":1,"featured_media":0,"parent":0,"menu_order":0,"comment_status":"closed","ping_status":"closed","template":"","meta":{"footnotes":""},"class_list":["post-133","page","type-page","status-publish","hentry"],"yoast_head":"<!-- This site is optimized with the Yoast SEO plugin v26.9 - https:\/\/yoast.com\/product\/yoast-seo-wordpress\/ -->\n<title>Kalender zum Audsrucken 2025 kostenlos downloaden - kaffee-fee.com<\/title>\n<meta name=\"robots\" content=\"index, follow, max-snippet:-1, max-image-preview:large, max-video-preview:-1\" \/>\n<link rel=\"canonical\" href=\"https:\/\/kaffee-fee.com\/de\/fotokalender-kostenlos-pdf\" \/>\n<meta property=\"og:locale\" content=\"de_DE\" \/>\n<meta property=\"og:type\" content=\"article\" \/>\n<meta property=\"og:title\" content=\"Kalender zum Audsrucken 2025 kostenlos downloaden - kaffee-fee.com\" \/>\n<meta property=\"og:description\" content=\"Wir bedanken uns f\u00fcr das vergangene Jahr mit diesem Kaffee-Fotokalender Wir bedanken uns bei Ihnen f\u00fcr Ihre Treue und haben einen kostenlosen Fotokalender mit dem Thema &#8218;Kaffee&#8216; kostenlos zum Download angefertigt. Sie k\u00f6nnen diesen Kalender vom Jahr 2025 kostenlos als PDF herunterladen. Das Format haben wir bewusst im DIN A4 gehalten. Nat\u00fcrlich bedanke ich mich [&hellip;]\" \/>\n<meta property=\"og:url\" content=\"https:\/\/kaffee-fee.com\/de\/fotokalender-kostenlos-pdf\" \/>\n<meta property=\"og:site_name\" content=\"kaffee-fee.com\" \/>\n<meta property=\"article:modified_time\" content=\"2025-08-22T09:57:55+00:00\" \/>\n<meta name=\"twitter:card\" content=\"summary_large_image\" \/>\n<meta name=\"twitter:label1\" content=\"Gesch\u00e4tzte Lesezeit\" \/>\n\t<meta name=\"twitter:data1\" content=\"2\u00a0Minuten\" \/>\n<script type=\"application\/ld+json\" class=\"yoast-schema-graph\">{\"@context\":\"https:\/\/schema.org\",\"@graph\":[{\"@type\":\"WebPage\",\"@id\":\"https:\/\/kaffee-fee.com\/de\/fotokalender-kostenlos-pdf\",\"url\":\"https:\/\/kaffee-fee.com\/de\/fotokalender-kostenlos-pdf\",\"name\":\"Kalender zum Audsrucken 2025 kostenlos downloaden - kaffee-fee.com\",\"isPartOf\":{\"@id\":\"https:\/\/kaffee-fee.com\/de\/#website\"},\"datePublished\":\"2025-08-03T08:01:10+00:00\",\"dateModified\":\"2025-08-22T09:57:55+00:00\",\"breadcrumb\":{\"@id\":\"https:\/\/kaffee-fee.com\/de\/fotokalender-kostenlos-pdf#breadcrumb\"},\"inLanguage\":\"de\",\"potentialAction\":[{\"@type\":\"ReadAction\",\"target\":[\"https:\/\/kaffee-fee.com\/de\/fotokalender-kostenlos-pdf\"]}]},{\"@type\":\"BreadcrumbList\",\"@id\":\"https:\/\/kaffee-fee.com\/de\/fotokalender-kostenlos-pdf#breadcrumb\",\"itemListElement\":[{\"@type\":\"ListItem\",\"position\":1,\"name\":\"Startseite\",\"item\":\"https:\/\/kaffee-fee.com\/de\/\"},{\"@type\":\"ListItem\",\"position\":2,\"name\":\"Kalender zum Audsrucken 2025 kostenlos downloaden\"}]},{\"@type\":\"WebSite\",\"@id\":\"https:\/\/kaffee-fee.com\/de\/#website\",\"url\":\"https:\/\/kaffee-fee.com\/de\/\",\"name\":\"kaffee-fee.com\",\"description\":\"\",\"publisher\":{\"@id\":\"https:\/\/kaffee-fee.com\/de\/#\/schema\/person\/f674e74d619d094bd78b6c47b7beecd0\"},\"potentialAction\":[{\"@type\":\"SearchAction\",\"target\":{\"@type\":\"EntryPoint\",\"urlTemplate\":\"https:\/\/kaffee-fee.com\/de\/?s={search_term_string}\"},\"query-input\":{\"@type\":\"PropertyValueSpecification\",\"valueRequired\":true,\"valueName\":\"search_term_string\"}}],\"inLanguage\":\"de\"},{\"@type\":[\"Person\",\"Organization\"],\"@id\":\"https:\/\/kaffee-fee.com\/de\/#\/schema\/person\/f674e74d619d094bd78b6c47b7beecd0\",\"name\":\"Kaffee-Fee\",\"image\":{\"@type\":\"ImageObject\",\"inLanguage\":\"de\",\"@id\":\"https:\/\/kaffee-fee.com\/de\/#\/schema\/person\/image\/\",\"url\":\"https:\/\/kaffee-fee.com\/de\/wp-content\/uploads\/2025\/08\/cropped-kaffee-fee-logo-bohnen-328x170-1.jpg\",\"contentUrl\":\"https:\/\/kaffee-fee.com\/de\/wp-content\/uploads\/2025\/08\/cropped-kaffee-fee-logo-bohnen-328x170-1.jpg\",\"width\":200,\"height\":103,\"caption\":\"Kaffee-Fee\"},\"logo\":{\"@id\":\"https:\/\/kaffee-fee.com\/de\/#\/schema\/person\/image\/\"},\"sameAs\":[\"https:\/\/kaffee-fee.com\/de\"]}]}<\/script>\n<!-- \/ Yoast SEO plugin. -->","yoast_head_json":{"title":"Kalender zum Audsrucken 2025 kostenlos downloaden - kaffee-fee.com","robots":{"index":"index","follow":"follow","max-snippet":"max-snippet:-1","max-image-preview":"max-image-preview:large","max-video-preview":"max-video-preview:-1"},"canonical":"https:\/\/kaffee-fee.com\/de\/fotokalender-kostenlos-pdf","og_locale":"de_DE","og_type":"article","og_title":"Kalender zum Audsrucken 2025 kostenlos downloaden - kaffee-fee.com","og_description":"Wir bedanken uns f\u00fcr das vergangene Jahr mit diesem Kaffee-Fotokalender Wir bedanken uns bei Ihnen f\u00fcr Ihre Treue und haben einen kostenlosen Fotokalender mit dem Thema &#8218;Kaffee&#8216; kostenlos zum Download angefertigt. Sie k\u00f6nnen diesen Kalender vom Jahr 2025 kostenlos als PDF herunterladen. Das Format haben wir bewusst im DIN A4 gehalten. Nat\u00fcrlich bedanke ich mich [&hellip;]","og_url":"https:\/\/kaffee-fee.com\/de\/fotokalender-kostenlos-pdf","og_site_name":"kaffee-fee.com","article_modified_time":"2025-08-22T09:57:55+00:00","twitter_card":"summary_large_image","twitter_misc":{"Gesch\u00e4tzte Lesezeit":"2\u00a0Minuten"},"schema":{"@context":"https:\/\/schema.org","@graph":[{"@type":"WebPage","@id":"https:\/\/kaffee-fee.com\/de\/fotokalender-kostenlos-pdf","url":"https:\/\/kaffee-fee.com\/de\/fotokalender-kostenlos-pdf","name":"Kalender zum Audsrucken 2025 kostenlos downloaden - kaffee-fee.com","isPartOf":{"@id":"https:\/\/kaffee-fee.com\/de\/#website"},"datePublished":"2025-08-03T08:01:10+00:00","dateModified":"2025-08-22T09:57:55+00:00","breadcrumb":{"@id":"https:\/\/kaffee-fee.com\/de\/fotokalender-kostenlos-pdf#breadcrumb"},"inLanguage":"de","potentialAction":[{"@type":"ReadAction","target":["https:\/\/kaffee-fee.com\/de\/fotokalender-kostenlos-pdf"]}]},{"@type":"BreadcrumbList","@id":"https:\/\/kaffee-fee.com\/de\/fotokalender-kostenlos-pdf#breadcrumb","itemListElement":[{"@type":"ListItem","position":1,"name":"Startseite","item":"https:\/\/kaffee-fee.com\/de\/"},{"@type":"ListItem","position":2,"name":"Kalender zum Audsrucken 2025 kostenlos downloaden"}]},{"@type":"WebSite","@id":"https:\/\/kaffee-fee.com\/de\/#website","url":"https:\/\/kaffee-fee.com\/de\/","name":"kaffee-fee.com","description":"","publisher":{"@id":"https:\/\/kaffee-fee.com\/de\/#\/schema\/person\/f674e74d619d094bd78b6c47b7beecd0"},"potentialAction":[{"@type":"SearchAction","target":{"@type":"EntryPoint","urlTemplate":"https:\/\/kaffee-fee.com\/de\/?s={search_term_string}"},"query-input":{"@type":"PropertyValueSpecification","valueRequired":true,"valueName":"search_term_string"}}],"inLanguage":"de"},{"@type":["Person","Organization"],"@id":"https:\/\/kaffee-fee.com\/de\/#\/schema\/person\/f674e74d619d094bd78b6c47b7beecd0","name":"Kaffee-Fee","image":{"@type":"ImageObject","inLanguage":"de","@id":"https:\/\/kaffee-fee.com\/de\/#\/schema\/person\/image\/","url":"https:\/\/kaffee-fee.com\/de\/wp-content\/uploads\/2025\/08\/cropped-kaffee-fee-logo-bohnen-328x170-1.jpg","contentUrl":"https:\/\/kaffee-fee.com\/de\/wp-content\/uploads\/2025\/08\/cropped-kaffee-fee-logo-bohnen-328x170-1.jpg","width":200,"height":103,"caption":"Kaffee-Fee"},"logo":{"@id":"https:\/\/kaffee-fee.com\/de\/#\/schema\/person\/image\/"},"sameAs":["https:\/\/kaffee-fee.com\/de"]}]}},"_links":{"self":[{"href":"https:\/\/kaffee-fee.com\/de\/wp-json\/wp\/v2\/pages\/133","targetHints":{"allow":["GET"]}}],"collection":[{"href":"https:\/\/kaffee-fee.com\/de\/wp-json\/wp\/v2\/pages"}],"about":[{"href":"https:\/\/kaffee-fee.com\/de\/wp-json\/wp\/v2\/types\/page"}],"author":[{"embeddable":true,"href":"https:\/\/kaffee-fee.com\/de\/wp-json\/wp\/v2\/users\/1"}],"replies":[{"embeddable":true,"href":"https:\/\/kaffee-fee.com\/de\/wp-json\/wp\/v2\/comments?post=133"}],"version-history":[{"count":2,"href":"https:\/\/kaffee-fee.com\/de\/wp-json\/wp\/v2\/pages\/133\/revisions"}],"predecessor-version":[{"id":338,"href":"https:\/\/kaffee-fee.com\/de\/wp-json\/wp\/v2\/pages\/133\/revisions\/338"}],"wp:attachment":[{"href":"https:\/\/kaffee-fee.com\/de\/wp-json\/wp\/v2\/media?parent=133"}],"curies":[{"name":"wp","href":"https:\/\/api.w.org\/{rel}","templated":true}]}}