{"id":135,"date":"2025-08-03T10:02:46","date_gmt":"2025-08-03T08:02:46","guid":{"rendered":"https:\/\/kaffee-fee.com\/de\/?page_id=135"},"modified":"2025-08-22T11:56:20","modified_gmt":"2025-08-22T09:56:20","slug":"french-press-kaffee","status":"publish","type":"page","link":"https:\/\/kaffee-fee.com\/de\/french-press-kaffee","title":{"rendered":"French Press Kaffee Zubereitung mit Ihrer Kaffeestempelkanne"},"content":{"rendered":"\n<h2 class=\"wp-block-heading\">Einfache French Press Zubereitung<\/h2>\n\n\n\n<h3 class=\"wp-block-heading\"><img loading=\"lazy\" decoding=\"async\" src=\"https:\/\/kaffee-fee.com\/media\/wysiwyg\/french-press\/french0.jpg\" alt=\"Anleitung\" width=\"75\" height=\"38\">Vollmundiger Kaffee ohne Filterpapier? Mit der French Press gelingt es!<\/h3>\n\n\n\n<p><strong>Kaffee kochen ohne Filterpapier &#8211; die French Press Zubereitung geht mit einer Stempelkanne (Kaffeepresse) im Handumdrehen. Mit Ihrer French Press zaubern Sie intensiven Kaffeegenuss, indem Sie das Kaffeepulver mit einfach hei\u00dfem Wasser aufbr\u00fchen, ziehen lassen und den Kaffeesatz mit einem Stempel samt integriertem Sieb auf den Boden der Kanne dr\u00fccken. Mit einer Wassermenge von 750 ml und 45 Gramm milden Kaffeebohnen zeigen ich Ihnen, wie einfach es geht.<\/strong><\/p>\n\n\n\n<hr class=\"wp-block-separator has-alpha-channel-opacity\"\/>\n\n\n\n<p><a><\/a><img loading=\"lazy\" decoding=\"async\" src=\"https:\/\/kaffee-fee.com\/media\/wysiwyg\/french-press\/french1.jpg\" alt=\"French Press Kaffee Zubereitung\" width=\"75\" height=\"38\"><strong>Inhaltsverzeichnis: (per Klick direkt zu den Themen)<\/strong><br><br><a href=\"https:\/\/kaffee-fee.com\/de\/french-press-kaffee#wie\">Wie am besten einen leckeren French Press Kaffee zubereiten?<\/a><br><a href=\"https:\/\/kaffee-fee.com\/de\/french-press-kaffee#welchen\">Welchen Kaffee f\u00fcr French Press nutzen?<\/a><br><a href=\"https:\/\/kaffee-fee.com\/de\/french-press-kaffee#mahlen\">Fertiges Kaffeepulver oder selber mahlen?<\/a><br><a href=\"https:\/\/kaffee-fee.com\/de\/french-press-kaffee#dosis\">Welche French Press Kaffee Menge (Dosierung) ist ideal?<\/a><br><a href=\"https:\/\/kaffee-fee.com\/de\/french-press-kaffee#temperatur\">Ideale Wassertemperatur f\u00fcr den French Press?<\/a><br><a href=\"https:\/\/kaffee-fee.com\/de\/french-press-kaffee#ziehzeit\">Wie lange ist die French Press Ziehzeit (Ziehdauer)?<\/a><br><a href=\"https:\/\/kaffee-fee.com\/de\/french-press-kaffee#reinigen\">French Press reinigen &#8211; Einfacher geht&#8217;s nicht!<\/a><br><br><br><br><br><\/p>\n\n\n\n<hr class=\"wp-block-separator has-alpha-channel-opacity\"\/>\n\n\n\n<h2 class=\"wp-block-heading\">Wie am besten einen leckeren French Press Kaffee zubereiten?<\/h2>\n\n\n\n<h3 class=\"wp-block-heading\">Einfache und schnelle Video Anleitung<\/h3>\n\n\n\n\n\n<h3 class=\"wp-block-heading\">French Press Schnell-Anleitung<\/h3>\n\n\n\n<ol class=\"wp-block-list\">\n<li>Kaffee mahlen<\/li>\n\n\n\n<li>Kanne mit hei\u00dfem Wasser vorw\u00e4rmen<\/li>\n\n\n\n<li>Kaffeepulver in die Kanne geben<\/li>\n\n\n\n<li>Aufgekochtes und kurz abgek\u00fchltes Wasser dazugeben (noch nicht die gesamte Wassermenge)<\/li>\n\n\n\n<li>Umr\u00fchren<\/li>\n\n\n\n<li>Mit dem restlichen Wasser aufgie\u00dfen und bis zur gew\u00fcnschten St\u00e4rke ziehen lassen<\/li>\n\n\n\n<li>Oberteil auf die Kanne setzen und den Stempel langsam herunterdr\u00fccken. Der Kaffeesatz bleibt am Boden der Kanne<\/li>\n<\/ol>\n\n\n\n<h2 class=\"wp-block-heading\">Welchen Kaffee f\u00fcr French Press nutzen?<\/h2>\n\n\n\n<p><a><\/a><img loading=\"lazy\" decoding=\"async\" src=\"https:\/\/kaffee-fee.com\/media\/wysiwyg\/french-press\/french2.jpg\" alt=\"Anleitung\" width=\"75\" height=\"38\">Br\u00fchen Sie Ihren Kaffee mit der French Press, entfaltet er ein st\u00e4rkeres Aroma als Filterkaffee. Empfohlen werden helle bis mittlere R\u00f6stungen aus Arabica Bohnen, wenn Sie es mild m\u00f6gen. F\u00fcr ein starkes Geschmackserlebnis verwenden Sie Kaffeesorten, die einen h\u00f6heren Anteil an Robusta Bohnen aufweisen.<\/p>\n\n\n\n<script async src=\"https:\/\/pagead2.googlesyndication.com\/pagead\/js\/adsbygoogle.js?client=ca-pub-5253990762966564\"\n     crossorigin=\"anonymous\"><\/script>\n<!-- DisplayKaffee -->\n<ins class=\"adsbygoogle\"\n     style=\"display:block\"\n     data-ad-client=\"ca-pub-5253990762966564\"\n     data-ad-slot=\"9487734866\"\n     data-ad-format=\"auto\"\n     data-full-width-responsive=\"true\"><\/ins>\n<script>\n     (adsbygoogle = window.adsbygoogle || []).push({});\n<\/script>\n\n\n\n<h2 class=\"wp-block-heading\">Fertiges Kaffeepulver oder selber mahlen?<\/h2>\n\n\n\n<p><a><\/a>Richtig schmackhaft wird der Kaffee, wenn Sie das Kaffeepulver selber mit dem richtigen Mahlgrad herstellen. Fertiges Kaffeepulver ist in den meisten F\u00e4llen sehr fein gemahlen, wodurch mehr Bitterstoffe in den Kaffee gelangen k\u00f6nnen. Der perfekte French Press Kaffee entsteht jedoch durch einen gr\u00f6beren Feinheitsgrad. Dieser sollte eine K\u00f6rnung aufweisen, die ungef\u00e4hr grobem Meersalz entspricht. Zudem kann das gr\u00f6bere Kaffeepulver auch besser ausgesiebt werden. Ich empfehle f\u00fcr Ihren French Press eine mildere Kaffeesorte wie <a href=\"https:\/\/kaffee-fee.com\/de\/1kg-kaefer-kaffeebohnen-caffe-creme-mild.html\">K\u00e4fer Kaffee mild<\/a>, <a href=\"https:\/\/kaffee-fee.com\/de\/1kg-jacobs-crema-gold-expertenroestung.html\">Jacos Crema Gold<\/a> oder <a href=\"https:\/\/kaffee-fee.com\/de\/1kg-dallmayr-barista-crema-dolce.html\">Dallmayr Crema Dolce<\/a>.<\/p>\n\n\n\n<h2 class=\"wp-block-heading\">Welche French Press Kaffeemenge (Dosierung) ist ideal?<\/h2>\n\n\n\n<p><img loading=\"lazy\" decoding=\"async\" src=\"https:\/\/kaffee-fee.com\/media\/wysiwyg\/french-press\/french3.jpg\" alt=\"Anleitung\" width=\"75\" height=\"38\">Die Dosierung des Kaffeepulvers ist von der Gr\u00f6\u00dfe der French Press und der Kaffeesorte abh\u00e4ngig. Au\u00dferdem z\u00e4hlt der pers\u00f6nliche Geschmack. Bei einer French Press Kanne mit einem Fassungsverm\u00f6gen von 750 ml sollten Sie ca. 45 Gramm Kaffeepulver verwenden.<\/p>\n\n\n\n<h3 class=\"wp-block-heading\">Wie viel Kaffee brauche ich f\u00fcr 1 Liter French Press Kaffee?<\/h3>\n\n\n\n<p><a><\/a>F\u00fcr einen Liter French Press Kaffee ben\u00f6tigen Sie 60 Gramm Kaffeepulver. Zum Abwiegen benutzen Sie eine Waage oder einen genormten Kaffeel\u00f6ffel. Fehlt dieses Equipment, reicht ein einfacher Essl\u00f6ffel. Dieser fasst ungef\u00e4hr 10 Gramm, womit Sie 6 Essl\u00f6ffel Kaffeepulver f\u00fcr einen Liter Kaffee ben\u00f6tigen.<\/p>\n\n\n\n<h2 class=\"wp-block-heading\">Ideale Wassertemperatur f\u00fcr den French Press<\/h2>\n\n\n\n<p><a><\/a><img loading=\"lazy\" decoding=\"async\" src=\"https:\/\/kaffee-fee.com\/media\/wysiwyg\/french-press\/french4.jpg\" alt=\"Anleitung\" width=\"75\" height=\"38\">Die ideale Wassertemperatur f\u00fcr French Press Kaffee liegt zwischen 92 und 96 Grad Celsius. Um diesen Wert zu treffen, kochen Sie das Wasser einmal sprudelnd auf und lassen es anschlie\u00dfend einen kurzen Moment abk\u00fchlen. Schon ist die richtige Temperatur erreicht.<\/p>\n\n\n\n<h2 class=\"wp-block-heading\">Wie lange ist die French Press Ziehzeit (Ziehdauer)?<\/h2>\n\n\n\n<p><a><\/a>In einer French Press wird Kaffee 3 bis 5 Minuten gebr\u00fcht. Je l\u00e4nger der Kaffee zieht, desto kr\u00e4ftiger wird sein Geschmack. Da die Stempelkanne ohne Filterpapier arbeitet, gehen alle Geschmacksstoffe direkt in das Getr\u00e4nk \u00fcber. Daher l\u00e4sst sich das Aroma des fertigen Kaffees leicht \u00fcber die Ziehdauer beeinflussen. M\u00f6gen Sie es stark, nutzen Sie das Maximum der Br\u00fchzeit, um gen\u00fcgend Bitterstoffe aus dem Kaffeepulver zu ziehen. Bevorzugen Sie einen milden Geschmack, verk\u00fcrzen Sie die Ziehdauer auf das Minimum.<\/p>\n\n\n\n<h2 class=\"wp-block-heading\">French Press reinigen &#8211; Einfacher geht&#8217;s nicht!<\/h2>\n\n\n\n<p><img loading=\"lazy\" decoding=\"async\" src=\"https:\/\/kaffee-fee.com\/media\/wysiwyg\/french-press\/french5.jpg\" alt=\"Anleitung\" width=\"75\" height=\"38\">Ist Ihre French Press sp\u00fclmaschinenfest, entfernen Sie Stempel und Filter aus der Kanne und sortieren alle Teile in die Sp\u00fclmaschine. F\u00fcr die Reinigung per Hand entfernen Sie Stempel und Filter und sp\u00fclen alle Teile unter warmem Wasser ab. Haben sich Kaffeer\u00e4nder am Glas der Kanne abgesetzt, bauen Sie die French Press wieder zusammen und bewegen den Stempel in der Kanne zur Reinigung mehrere Male auf und ab.<\/p>\n","protected":false},"excerpt":{"rendered":"<p>Einfache French Press Zubereitung Vollmundiger Kaffee ohne Filterpapier? Mit der French Press gelingt es! Kaffee kochen ohne Filterpapier &#8211; die French Press Zubereitung geht mit einer Stempelkanne (Kaffeepresse) im Handumdrehen. Mit Ihrer French Press zaubern Sie intensiven Kaffeegenuss, indem Sie das Kaffeepulver mit einfach hei\u00dfem Wasser aufbr\u00fchen, ziehen lassen und den Kaffeesatz mit einem Stempel [&hellip;]<\/p>\n","protected":false},"author":1,"featured_media":0,"parent":0,"menu_order":0,"comment_status":"closed","ping_status":"closed","template":"","meta":{"footnotes":""},"class_list":["post-135","page","type-page","status-publish","hentry"],"yoast_head":"<!-- This site is optimized with the Yoast SEO plugin v26.9 - https:\/\/yoast.com\/product\/yoast-seo-wordpress\/ -->\n<title>French Press Kaffee Zubereitung mit Ihrer Kaffeestempelkanne - kaffee-fee.com<\/title>\n<meta name=\"robots\" content=\"index, follow, max-snippet:-1, max-image-preview:large, max-video-preview:-1\" \/>\n<link rel=\"canonical\" href=\"https:\/\/kaffee-fee.com\/de\/french-press-kaffee\" \/>\n<meta property=\"og:locale\" content=\"de_DE\" \/>\n<meta property=\"og:type\" content=\"article\" \/>\n<meta property=\"og:title\" content=\"French Press Kaffee Zubereitung mit Ihrer Kaffeestempelkanne - kaffee-fee.com\" \/>\n<meta property=\"og:description\" content=\"Einfache French Press Zubereitung Vollmundiger Kaffee ohne Filterpapier? Mit der French Press gelingt es! Kaffee kochen ohne Filterpapier &#8211; die French Press Zubereitung geht mit einer Stempelkanne (Kaffeepresse) im Handumdrehen. Mit Ihrer French Press zaubern Sie intensiven Kaffeegenuss, indem Sie das Kaffeepulver mit einfach hei\u00dfem Wasser aufbr\u00fchen, ziehen lassen und den Kaffeesatz mit einem Stempel [&hellip;]\" \/>\n<meta property=\"og:url\" content=\"https:\/\/kaffee-fee.com\/de\/french-press-kaffee\" \/>\n<meta property=\"og:site_name\" content=\"kaffee-fee.com\" \/>\n<meta property=\"article:modified_time\" content=\"2025-08-22T09:56:20+00:00\" \/>\n<meta property=\"og:image\" content=\"https:\/\/kaffee-fee.com\/media\/wysiwyg\/french-press\/french0.jpg\" \/>\n<meta name=\"twitter:card\" content=\"summary_large_image\" \/>\n<meta name=\"twitter:label1\" content=\"Gesch\u00e4tzte Lesezeit\" \/>\n\t<meta name=\"twitter:data1\" content=\"6\u00a0Minuten\" \/>\n<script type=\"application\/ld+json\" class=\"yoast-schema-graph\">{\"@context\":\"https:\/\/schema.org\",\"@graph\":[{\"@type\":\"WebPage\",\"@id\":\"https:\/\/kaffee-fee.com\/de\/french-press-kaffee\",\"url\":\"https:\/\/kaffee-fee.com\/de\/french-press-kaffee\",\"name\":\"French Press Kaffee Zubereitung mit Ihrer Kaffeestempelkanne - kaffee-fee.com\",\"isPartOf\":{\"@id\":\"https:\/\/kaffee-fee.com\/de\/#website\"},\"primaryImageOfPage\":{\"@id\":\"https:\/\/kaffee-fee.com\/de\/french-press-kaffee#primaryimage\"},\"image\":{\"@id\":\"https:\/\/kaffee-fee.com\/de\/french-press-kaffee#primaryimage\"},\"thumbnailUrl\":\"https:\/\/kaffee-fee.com\/media\/wysiwyg\/french-press\/french0.jpg\",\"datePublished\":\"2025-08-03T08:02:46+00:00\",\"dateModified\":\"2025-08-22T09:56:20+00:00\",\"breadcrumb\":{\"@id\":\"https:\/\/kaffee-fee.com\/de\/french-press-kaffee#breadcrumb\"},\"inLanguage\":\"de\",\"potentialAction\":[{\"@type\":\"ReadAction\",\"target\":[\"https:\/\/kaffee-fee.com\/de\/french-press-kaffee\"]}]},{\"@type\":\"ImageObject\",\"inLanguage\":\"de\",\"@id\":\"https:\/\/kaffee-fee.com\/de\/french-press-kaffee#primaryimage\",\"url\":\"https:\/\/kaffee-fee.com\/media\/wysiwyg\/french-press\/french0.jpg\",\"contentUrl\":\"https:\/\/kaffee-fee.com\/media\/wysiwyg\/french-press\/french0.jpg\"},{\"@type\":\"BreadcrumbList\",\"@id\":\"https:\/\/kaffee-fee.com\/de\/french-press-kaffee#breadcrumb\",\"itemListElement\":[{\"@type\":\"ListItem\",\"position\":1,\"name\":\"Startseite\",\"item\":\"https:\/\/kaffee-fee.com\/de\/\"},{\"@type\":\"ListItem\",\"position\":2,\"name\":\"French Press Kaffee Zubereitung mit Ihrer Kaffeestempelkanne\"}]},{\"@type\":\"WebSite\",\"@id\":\"https:\/\/kaffee-fee.com\/de\/#website\",\"url\":\"https:\/\/kaffee-fee.com\/de\/\",\"name\":\"kaffee-fee.com\",\"description\":\"\",\"publisher\":{\"@id\":\"https:\/\/kaffee-fee.com\/de\/#\/schema\/person\/f674e74d619d094bd78b6c47b7beecd0\"},\"potentialAction\":[{\"@type\":\"SearchAction\",\"target\":{\"@type\":\"EntryPoint\",\"urlTemplate\":\"https:\/\/kaffee-fee.com\/de\/?s={search_term_string}\"},\"query-input\":{\"@type\":\"PropertyValueSpecification\",\"valueRequired\":true,\"valueName\":\"search_term_string\"}}],\"inLanguage\":\"de\"},{\"@type\":[\"Person\",\"Organization\"],\"@id\":\"https:\/\/kaffee-fee.com\/de\/#\/schema\/person\/f674e74d619d094bd78b6c47b7beecd0\",\"name\":\"Kaffee-Fee\",\"image\":{\"@type\":\"ImageObject\",\"inLanguage\":\"de\",\"@id\":\"https:\/\/kaffee-fee.com\/de\/#\/schema\/person\/image\/\",\"url\":\"https:\/\/kaffee-fee.com\/de\/wp-content\/uploads\/2025\/08\/cropped-kaffee-fee-logo-bohnen-328x170-1.jpg\",\"contentUrl\":\"https:\/\/kaffee-fee.com\/de\/wp-content\/uploads\/2025\/08\/cropped-kaffee-fee-logo-bohnen-328x170-1.jpg\",\"width\":200,\"height\":103,\"caption\":\"Kaffee-Fee\"},\"logo\":{\"@id\":\"https:\/\/kaffee-fee.com\/de\/#\/schema\/person\/image\/\"},\"sameAs\":[\"https:\/\/kaffee-fee.com\/de\"]}]}<\/script>\n<!-- \/ Yoast SEO plugin. -->","yoast_head_json":{"title":"French Press Kaffee Zubereitung mit Ihrer Kaffeestempelkanne - kaffee-fee.com","robots":{"index":"index","follow":"follow","max-snippet":"max-snippet:-1","max-image-preview":"max-image-preview:large","max-video-preview":"max-video-preview:-1"},"canonical":"https:\/\/kaffee-fee.com\/de\/french-press-kaffee","og_locale":"de_DE","og_type":"article","og_title":"French Press Kaffee Zubereitung mit Ihrer Kaffeestempelkanne - kaffee-fee.com","og_description":"Einfache French Press Zubereitung Vollmundiger Kaffee ohne Filterpapier? Mit der French Press gelingt es! Kaffee kochen ohne Filterpapier &#8211; die French Press Zubereitung geht mit einer Stempelkanne (Kaffeepresse) im Handumdrehen. Mit Ihrer French Press zaubern Sie intensiven Kaffeegenuss, indem Sie das Kaffeepulver mit einfach hei\u00dfem Wasser aufbr\u00fchen, ziehen lassen und den Kaffeesatz mit einem Stempel [&hellip;]","og_url":"https:\/\/kaffee-fee.com\/de\/french-press-kaffee","og_site_name":"kaffee-fee.com","article_modified_time":"2025-08-22T09:56:20+00:00","og_image":[{"url":"https:\/\/kaffee-fee.com\/media\/wysiwyg\/french-press\/french0.jpg","type":"","width":"","height":""}],"twitter_card":"summary_large_image","twitter_misc":{"Gesch\u00e4tzte Lesezeit":"6\u00a0Minuten"},"schema":{"@context":"https:\/\/schema.org","@graph":[{"@type":"WebPage","@id":"https:\/\/kaffee-fee.com\/de\/french-press-kaffee","url":"https:\/\/kaffee-fee.com\/de\/french-press-kaffee","name":"French Press Kaffee Zubereitung mit Ihrer Kaffeestempelkanne - kaffee-fee.com","isPartOf":{"@id":"https:\/\/kaffee-fee.com\/de\/#website"},"primaryImageOfPage":{"@id":"https:\/\/kaffee-fee.com\/de\/french-press-kaffee#primaryimage"},"image":{"@id":"https:\/\/kaffee-fee.com\/de\/french-press-kaffee#primaryimage"},"thumbnailUrl":"https:\/\/kaffee-fee.com\/media\/wysiwyg\/french-press\/french0.jpg","datePublished":"2025-08-03T08:02:46+00:00","dateModified":"2025-08-22T09:56:20+00:00","breadcrumb":{"@id":"https:\/\/kaffee-fee.com\/de\/french-press-kaffee#breadcrumb"},"inLanguage":"de","potentialAction":[{"@type":"ReadAction","target":["https:\/\/kaffee-fee.com\/de\/french-press-kaffee"]}]},{"@type":"ImageObject","inLanguage":"de","@id":"https:\/\/kaffee-fee.com\/de\/french-press-kaffee#primaryimage","url":"https:\/\/kaffee-fee.com\/media\/wysiwyg\/french-press\/french0.jpg","contentUrl":"https:\/\/kaffee-fee.com\/media\/wysiwyg\/french-press\/french0.jpg"},{"@type":"BreadcrumbList","@id":"https:\/\/kaffee-fee.com\/de\/french-press-kaffee#breadcrumb","itemListElement":[{"@type":"ListItem","position":1,"name":"Startseite","item":"https:\/\/kaffee-fee.com\/de\/"},{"@type":"ListItem","position":2,"name":"French Press Kaffee Zubereitung mit Ihrer Kaffeestempelkanne"}]},{"@type":"WebSite","@id":"https:\/\/kaffee-fee.com\/de\/#website","url":"https:\/\/kaffee-fee.com\/de\/","name":"kaffee-fee.com","description":"","publisher":{"@id":"https:\/\/kaffee-fee.com\/de\/#\/schema\/person\/f674e74d619d094bd78b6c47b7beecd0"},"potentialAction":[{"@type":"SearchAction","target":{"@type":"EntryPoint","urlTemplate":"https:\/\/kaffee-fee.com\/de\/?s={search_term_string}"},"query-input":{"@type":"PropertyValueSpecification","valueRequired":true,"valueName":"search_term_string"}}],"inLanguage":"de"},{"@type":["Person","Organization"],"@id":"https:\/\/kaffee-fee.com\/de\/#\/schema\/person\/f674e74d619d094bd78b6c47b7beecd0","name":"Kaffee-Fee","image":{"@type":"ImageObject","inLanguage":"de","@id":"https:\/\/kaffee-fee.com\/de\/#\/schema\/person\/image\/","url":"https:\/\/kaffee-fee.com\/de\/wp-content\/uploads\/2025\/08\/cropped-kaffee-fee-logo-bohnen-328x170-1.jpg","contentUrl":"https:\/\/kaffee-fee.com\/de\/wp-content\/uploads\/2025\/08\/cropped-kaffee-fee-logo-bohnen-328x170-1.jpg","width":200,"height":103,"caption":"Kaffee-Fee"},"logo":{"@id":"https:\/\/kaffee-fee.com\/de\/#\/schema\/person\/image\/"},"sameAs":["https:\/\/kaffee-fee.com\/de"]}]}},"_links":{"self":[{"href":"https:\/\/kaffee-fee.com\/de\/wp-json\/wp\/v2\/pages\/135","targetHints":{"allow":["GET"]}}],"collection":[{"href":"https:\/\/kaffee-fee.com\/de\/wp-json\/wp\/v2\/pages"}],"about":[{"href":"https:\/\/kaffee-fee.com\/de\/wp-json\/wp\/v2\/types\/page"}],"author":[{"embeddable":true,"href":"https:\/\/kaffee-fee.com\/de\/wp-json\/wp\/v2\/users\/1"}],"replies":[{"embeddable":true,"href":"https:\/\/kaffee-fee.com\/de\/wp-json\/wp\/v2\/comments?post=135"}],"version-history":[{"count":2,"href":"https:\/\/kaffee-fee.com\/de\/wp-json\/wp\/v2\/pages\/135\/revisions"}],"predecessor-version":[{"id":333,"href":"https:\/\/kaffee-fee.com\/de\/wp-json\/wp\/v2\/pages\/135\/revisions\/333"}],"wp:attachment":[{"href":"https:\/\/kaffee-fee.com\/de\/wp-json\/wp\/v2\/media?parent=135"}],"curies":[{"name":"wp","href":"https:\/\/api.w.org\/{rel}","templated":true}]}}