{"id":143,"date":"2025-08-03T10:05:30","date_gmt":"2025-08-03T08:05:30","guid":{"rendered":"https:\/\/kaffee-fee.com\/de\/?page_id=143"},"modified":"2025-08-22T11:57:05","modified_gmt":"2025-08-22T09:57:05","slug":"kaffee-optimal-bruehen","status":"publish","type":"page","link":"https:\/\/kaffee-fee.com\/de\/kaffee-optimal-bruehen","title":{"rendered":"Kaffee optimal von Hand br\u00fchen"},"content":{"rendered":"\n<h4 class=\"wp-block-heading\"><img loading=\"lazy\" decoding=\"async\" src=\"https:\/\/www.kaffee-fee.com\/media\/wysiwyg\/kaffee-bruehen1.jpg\" alt=\"Kaffee richtig aufbr\u00fchen von Hand\" width=\"75\" height=\"38\">Inhaltsverzeichnis \/ Sprungmarker:<\/h4>\n\n\n\n<p><br><br><br><a href=\"https:\/\/kaffee-fee.com\/de\/kaffee-optimal-bruehen#3komponenten\">Was brauche ich zum optimalen Br\u00fchen von Hand?<\/a><br><a href=\"https:\/\/kaffee-fee.com\/de\/kaffee-optimal-bruehen#beachte\">Was gilt es vor dem Kaffee br\u00fchen zu beachten?<\/a><br><a href=\"https:\/\/kaffee-fee.com\/de\/kaffee-optimal-bruehen#mahlst\u00e4rke\">Der richtige Mahlgrad: eine Wahl zwischen grob und fein<\/a><br><a href=\"https:\/\/kaffee-fee.com\/de\/kaffee-optimal-bruehen#so\">Kaffee br\u00fchen: und so wird&#8217;s gemacht!<\/a><br><a href=\"https:\/\/kaffee-fee.com\/de\/kaffee-optimal-bruehen#filter\">W\u00e4rmen Sie ihren Filter vor<\/a><br><a href=\"https:\/\/kaffee-fee.com\/de\/kaffee-optimal-bruehen#\u00fcberall\">Klassisch Kaffee per Hand br\u00fchen immer und \u00fcberall!<\/a><\/p>\n\n\n\n<hr class=\"wp-block-separator has-alpha-channel-opacity\"\/>\n\n\n\n<h2 class=\"wp-block-heading\">Kaffee richtig und optimal aufbr\u00fchen: wertvolle Tipps zum Br\u00fchen von Hand<\/h2>\n\n\n\n<p>26.02.2018 &#8211; der Markt ist voll von Kaffeemaschinen, die ein erstklassiges Aroma und vollkommenen Kaffeegenuss versprechen. Doch wer wie zu Gro\u00dfmutters Zeiten mit der Hand seinen Kaffee aufbr\u00fchen m\u00f6chte, wird eine Geschmacksexplosion erleben. Kaffee br\u00fchen mit der Maschine birgt sicherlich Vorteile, wie die Schnelligkeit oder einfach per Knopfdruck eine Tasse frisch gebr\u00fchten Kaffee zu erhalten. Dennoch sprechen viele Fakten f\u00fcrs klassische Br\u00fchen per Hand.<\/p>\n\n\n\n<script async src=\"https:\/\/pagead2.googlesyndication.com\/pagead\/js\/adsbygoogle.js?client=ca-pub-5253990762966564\"\n     crossorigin=\"anonymous\"><\/script>\n<!-- DisplayKaffee -->\n<ins class=\"adsbygoogle\"\n     style=\"display:block\"\n     data-ad-client=\"ca-pub-5253990762966564\"\n     data-ad-slot=\"9487734866\"\n     data-ad-format=\"auto\"\n     data-full-width-responsive=\"true\"><\/ins>\n<script>\n     (adsbygoogle = window.adsbygoogle || []).push({});\n<\/script>\n\n\n\n<h2 class=\"wp-block-heading\"><a><\/a>Klassisch Kaffee br\u00fchen per Hand: nur drei Komponenten!<\/h2>\n\n\n\n<p>W\u00e4hrend Kaffeevollautomaten preislich bei 300 Euro aufw\u00e4rts liegen, ben\u00f6tigen Sie f\u00fcr ein klassisch gebr\u00fchten Kaffee nur folgende Utensilien: Filtereinsatz, Kaffeefilter (meist Papierfilter) und eine Kanne. Die Anschaffungskosten liegen bei weit weniger als 100 Euro. Meist sind diese Komponenten bereits in der K\u00fcche vorhanden. Nahezu jeder Haushalt verf\u00fcgt \u00fcber eine Thermoskanne und sehr oft sind noch Kaffeefilter aus fr\u00fcheren Zeiten vorhanden. Wenn nicht, gibt es heute immer noch in s\u00e4mtlichen Superm\u00e4rkten unterschiedliche Filtereins\u00e4tze zu kaufen. Die Eins\u00e4tze unterscheiden sich nur durch wenige Details wie Material und Kaffeeauslass. Da diese klassische Zubereitungsart stetig beliebter wird, k\u00f6nnte es vielleicht in der Zukunft noch neuere und sch\u00f6nere Varianten geben. Lassen wir uns \u00fcberraschen.<\/p>\n\n\n\n<h3 class=\"wp-block-heading\"><a><\/a>Das gilt es vor dem Kaffee br\u00fchen zu beachten?<\/h3>\n\n\n\n<p><img loading=\"lazy\" decoding=\"async\" src=\"https:\/\/www.kaffee-fee.com\/media\/wysiwyg\/kaffeeprodukte-start.jpg\" alt=\"Kaffee richtig aufbr\u00fchen von Hand\" width=\"75\" height=\"38\">Haben Sie alle Komponenten zum Kaffee br\u00fchen zur Hand, fehlt nat\u00fcrlich die wichtigste Zutat: der Kaffee. Frisch gemahlener Kaffee schmeckt einfach besser als fertig abgepackter gemahlener Kaffee. Um aus den Kaffeebohnen ein Pulver zu gewinnen, ist eine Kaffeem\u00fchle das unentbehrlichste Utensil. Hier gibt es unterschiedliche Modelle. Es gibt hochwertige Kaffeem\u00fchlen mit Keramikmahlwerk, M\u00fchlen mit einem normalen Schlagwerk (kleine Schneidwerkzeuge, welche die Kaffeebohnen zerhacken) und klassische M\u00fchlen mit Scheibenmahlwerk. Welche die passende Kaffeem\u00fchle ist, k\u00f6nnen nur Sie entscheiden, da jeder Geschmack anders ist und auch jeder eine andere Handhabung bevorzugt. In der Regel reicht eine einfache manuelle Kaffeem\u00fchle mit Schneidwerkzeug aus, um aus den Kaffeebohnen frisch gemahlenen Pulverkaffee zu produzieren. Solche kleine Kaffeem\u00fchlen sind bereits ab 10EUR erh\u00e4ltlich. Dabei sollten die Bohnen direkt vor dem Kaffee aufbr\u00fchen frisch gemahlen werden, da er nur dann sein volles und intensives Aroma entfalten kann.<\/p>\n\n\n\n<h3 class=\"wp-block-heading\"><a><\/a>Der richtige Mahlgrad: eine Wahl zwischen grob und fein<\/h3>\n\n\n\n<p><img loading=\"lazy\" decoding=\"async\" src=\"https:\/\/kaffee-fee.com\/pub\/media\/media\/kaffee-bruehen0.jpg\" alt=\"So wird Kaffee richtig und optimal per Hand gebr\u00fcht\" width=\"75\" height=\"38\">Je feiner der Kaffee gemahlen ist, umso mehr lassen sich die Aromen aus dem Pulver gewinnen. Das bedeutet jedoch auch, dass der Kaffee bei gleicher Pulvermenge st\u00e4rker wird. Wie stark der Kaffee schlussendlich sein soll, ist reine Geschmackssache. Als Faustregel gilt ein Mischungsverh\u00e4ltnis von 6 zu 100, Sie verwenden folglich 6 Gramm Kaffee auf 100 ml Wasser. Mit einer Waage l\u00e4sst sich das Kaffeepulver optimal abwiegen und der Kaffeegeschmack ist gleichbleibend. Bei einer regelm\u00e4\u00dfigen Sch\u00e4tzung kommt es nat\u00fcrlich zu leichten Unterschieden im Geschmack. Manche m\u00f6gen es gern in unterschiedlichen Nuancen. Wenn keine Waage verf\u00fcgbar ist, gilt folgende Faustformel: ein Essl\u00f6ffel fasst in etwa 6 Gramm Kaffeebohnen. Der Mahlgrad der Kaffeebohnen ist ideal, wenn sich das Pulver wie Sand anf\u00fchlt. Ist Ihnen der Kaffee jedoch zu stark, gilt es die Bohnen etwas gr\u00f6ber zu mahlen. Sie merken vielleicht selbst, dass Sie aus drei Varianten ihren perfekten Kaffee br\u00fchen k\u00f6nnen. Das sind die Menge der Bohnen, die St\u00e4rke des Kaffees und der Mahlgrad.<\/p>\n\n\n\n<h3 class=\"wp-block-heading\"><a><\/a>Kaffee br\u00fchen: und so wird&#8217;s gemacht!<\/h3>\n\n\n\n<p>Setzen Sie die gew\u00fcnschte Menge Wasser auf und warten Sie, bis das Wasser kocht. In der Zwischenzeit richten Sie die ben\u00f6tigten Utensilien her. Damit der Papierfilter sich im Filteraufsatz nicht bewegt, ist es ratsam, die perforierten Bereiche leicht zu knicken. Dadurch passt der Papierfilter besser in den Beh\u00e4lter und er kann beim Kaffee aufbr\u00fchen nicht verrutschen. Setzen Sie den Kaffeefilter auf die passende Kanne.<\/p>\n\n\n\n<h4 class=\"wp-block-heading\"><a><\/a>Filterpapier oder Edelstahlfilter vorw\u00e4rmen<\/h4>\n\n\n\n<p><img loading=\"lazy\" decoding=\"async\" src=\"https:\/\/www.kaffee-fee.com\/media\/wysiwyg\/kaffee-lagern1.jpg\" alt=\"Kaffee richtig aufbr\u00fchen von Hand\" width=\"75\" height=\"38\">Ist der Filter einmal warm durchgesp\u00fclt, k\u00f6nnen Sie die gew\u00fcnschte Menge Kaffeepulver in den Filter geben. Achten Sie darauf, nicht zu viel und auch nicht zu wenig Pulver zu verwenden. Nachtr\u00e4gliches Hinzuf\u00fcgen von Kaffeepulver kann zu einer negativen Beeintr\u00e4chtigung des Geschmackes f\u00fchren. Wie der Kaffee am besten schmeckt, entscheiden Sie jedoch selbst. W\u00e4hrend es die einen st\u00e4rker und herzhafter m\u00f6gen, ist f\u00fcr die anderen ein schw\u00e4cherer Kaffee geschmacklich angenehmer. Entscheiden Sie daher nach dem Kaffee br\u00fchen selber, ob Sie beim n\u00e4chsten Mal mehr oder weniger Kaffeepulver verwenden.<\/p>\n\n\n\n<p>Damit sich alle Aromastoffe optimal entfalten k\u00f6nnen, ist eine Wassertemperatur von 96 Grad ideal. Keine Sorge, Sie ben\u00f6tigen nicht unbedingt ein Thermometer, um die richtige Wassertemperatur zu treffen. Perfektionisten jedoch verwenden gerne ein Thermometer, um den perfekten Zeitpunkt nicht zu verpassen. F\u00fcr den normalen Hausgebrauch ist es ausreichend, wenn Sie einen kurzen Moment warten, damit sich das Wasser etwas abgek\u00fchlt hat.<\/p>\n\n\n\n<p>Sind alle Vorkehrungen zum Aufbr\u00fchen getroffen, kann das Wasser in kreisenden Bewegungen \u00fcber das Kaffeepulver gegeben werden. Allerdings nur soweit, bis das gesamte Pulver mit dem Wasser bedeckt ist. Lassen Sie das Pulver etwa 30 Sekunden quellen. Durch diesen kurzen Quellprozess kann sich das Aroma besser entfalten. Sch\u00fctten Sie danach nicht gleich das gesamte kochende Wasser in den Filteraufsatz, sondern achten Sie auf eine gleichm\u00e4\u00dfige und kreisf\u00f6rmige Zufuhr. Kreisende Bewegungen bewirken, dass jedes fein vermahlende K\u00f6rnchen erreicht wird, und das volle Aroma und purer Kaffeegeschmack in die Kanne flie\u00dfen kann. Geben Sie dem Wasser stets etwas Zeit f\u00fcr ihren perfekten Kaffee.<\/p>\n\n\n\n<h3 class=\"wp-block-heading\"><a><\/a>Klassisch Kaffee per Hand br\u00fchen: schnell, immer und \u00fcberall!<\/h3>\n\n\n\n<p>Traditionelles Kaffee aufbr\u00fchen per Hand, dauert in der Regel nicht l\u00e4nger als drei Minuten. Die Zeit, die das Wasser zum Kochen ben\u00f6tigt, kann durch das Vorbereiten der Utensilien genutzt werden. Ein gro\u00dfer Vorteil dieser manuellen Variante ist, dass Sie Outdoor, auf Reisen und im Urlaub Ihren individuellen Kaffee aufbr\u00fchen k\u00f6nnen.<\/p>\n","protected":false},"excerpt":{"rendered":"<p>Inhaltsverzeichnis \/ Sprungmarker: Was brauche ich zum optimalen Br\u00fchen von Hand?Was gilt es vor dem Kaffee br\u00fchen zu beachten?Der richtige Mahlgrad: eine Wahl zwischen grob und feinKaffee br\u00fchen: und so wird&#8217;s gemacht!W\u00e4rmen Sie ihren Filter vorKlassisch Kaffee per Hand br\u00fchen immer und \u00fcberall! Kaffee richtig und optimal aufbr\u00fchen: wertvolle Tipps zum Br\u00fchen von Hand 26.02.2018 [&hellip;]<\/p>\n","protected":false},"author":1,"featured_media":0,"parent":0,"menu_order":0,"comment_status":"closed","ping_status":"closed","template":"","meta":{"footnotes":""},"class_list":["post-143","page","type-page","status-publish","hentry"],"yoast_head":"<!-- This site is optimized with the Yoast SEO plugin v26.9 - https:\/\/yoast.com\/product\/yoast-seo-wordpress\/ -->\n<title>Kaffee optimal von Hand br\u00fchen - kaffee-fee.com<\/title>\n<meta name=\"robots\" content=\"index, follow, max-snippet:-1, max-image-preview:large, max-video-preview:-1\" \/>\n<link rel=\"canonical\" href=\"https:\/\/kaffee-fee.com\/de\/kaffee-optimal-bruehen\" \/>\n<meta property=\"og:locale\" content=\"de_DE\" \/>\n<meta property=\"og:type\" content=\"article\" \/>\n<meta property=\"og:title\" content=\"Kaffee optimal von Hand br\u00fchen - kaffee-fee.com\" \/>\n<meta property=\"og:description\" content=\"Inhaltsverzeichnis \/ Sprungmarker: Was brauche ich zum optimalen Br\u00fchen von Hand?Was gilt es vor dem Kaffee br\u00fchen zu beachten?Der richtige Mahlgrad: eine Wahl zwischen grob und feinKaffee br\u00fchen: und so wird&#8217;s gemacht!W\u00e4rmen Sie ihren Filter vorKlassisch Kaffee per Hand br\u00fchen immer und \u00fcberall! Kaffee richtig und optimal aufbr\u00fchen: wertvolle Tipps zum Br\u00fchen von Hand 26.02.2018 [&hellip;]\" \/>\n<meta property=\"og:url\" content=\"https:\/\/kaffee-fee.com\/de\/kaffee-optimal-bruehen\" \/>\n<meta property=\"og:site_name\" content=\"kaffee-fee.com\" \/>\n<meta property=\"article:modified_time\" content=\"2025-08-22T09:57:05+00:00\" \/>\n<meta property=\"og:image\" content=\"https:\/\/www.kaffee-fee.com\/media\/wysiwyg\/kaffee-bruehen1.jpg\" \/>\n<meta name=\"twitter:card\" content=\"summary_large_image\" \/>\n<meta name=\"twitter:label1\" content=\"Gesch\u00e4tzte Lesezeit\" \/>\n\t<meta name=\"twitter:data1\" content=\"7\u00a0Minuten\" \/>\n<script type=\"application\/ld+json\" class=\"yoast-schema-graph\">{\"@context\":\"https:\/\/schema.org\",\"@graph\":[{\"@type\":\"WebPage\",\"@id\":\"https:\/\/kaffee-fee.com\/de\/kaffee-optimal-bruehen\",\"url\":\"https:\/\/kaffee-fee.com\/de\/kaffee-optimal-bruehen\",\"name\":\"Kaffee optimal von Hand br\u00fchen - kaffee-fee.com\",\"isPartOf\":{\"@id\":\"https:\/\/kaffee-fee.com\/de\/#website\"},\"primaryImageOfPage\":{\"@id\":\"https:\/\/kaffee-fee.com\/de\/kaffee-optimal-bruehen#primaryimage\"},\"image\":{\"@id\":\"https:\/\/kaffee-fee.com\/de\/kaffee-optimal-bruehen#primaryimage\"},\"thumbnailUrl\":\"https:\/\/www.kaffee-fee.com\/media\/wysiwyg\/kaffee-bruehen1.jpg\",\"datePublished\":\"2025-08-03T08:05:30+00:00\",\"dateModified\":\"2025-08-22T09:57:05+00:00\",\"breadcrumb\":{\"@id\":\"https:\/\/kaffee-fee.com\/de\/kaffee-optimal-bruehen#breadcrumb\"},\"inLanguage\":\"de\",\"potentialAction\":[{\"@type\":\"ReadAction\",\"target\":[\"https:\/\/kaffee-fee.com\/de\/kaffee-optimal-bruehen\"]}]},{\"@type\":\"ImageObject\",\"inLanguage\":\"de\",\"@id\":\"https:\/\/kaffee-fee.com\/de\/kaffee-optimal-bruehen#primaryimage\",\"url\":\"https:\/\/www.kaffee-fee.com\/media\/wysiwyg\/kaffee-bruehen1.jpg\",\"contentUrl\":\"https:\/\/www.kaffee-fee.com\/media\/wysiwyg\/kaffee-bruehen1.jpg\"},{\"@type\":\"BreadcrumbList\",\"@id\":\"https:\/\/kaffee-fee.com\/de\/kaffee-optimal-bruehen#breadcrumb\",\"itemListElement\":[{\"@type\":\"ListItem\",\"position\":1,\"name\":\"Startseite\",\"item\":\"https:\/\/kaffee-fee.com\/de\/\"},{\"@type\":\"ListItem\",\"position\":2,\"name\":\"Kaffee optimal von Hand br\u00fchen\"}]},{\"@type\":\"WebSite\",\"@id\":\"https:\/\/kaffee-fee.com\/de\/#website\",\"url\":\"https:\/\/kaffee-fee.com\/de\/\",\"name\":\"kaffee-fee.com\",\"description\":\"\",\"publisher\":{\"@id\":\"https:\/\/kaffee-fee.com\/de\/#\/schema\/person\/f674e74d619d094bd78b6c47b7beecd0\"},\"potentialAction\":[{\"@type\":\"SearchAction\",\"target\":{\"@type\":\"EntryPoint\",\"urlTemplate\":\"https:\/\/kaffee-fee.com\/de\/?s={search_term_string}\"},\"query-input\":{\"@type\":\"PropertyValueSpecification\",\"valueRequired\":true,\"valueName\":\"search_term_string\"}}],\"inLanguage\":\"de\"},{\"@type\":[\"Person\",\"Organization\"],\"@id\":\"https:\/\/kaffee-fee.com\/de\/#\/schema\/person\/f674e74d619d094bd78b6c47b7beecd0\",\"name\":\"Kaffee-Fee\",\"image\":{\"@type\":\"ImageObject\",\"inLanguage\":\"de\",\"@id\":\"https:\/\/kaffee-fee.com\/de\/#\/schema\/person\/image\/\",\"url\":\"https:\/\/kaffee-fee.com\/de\/wp-content\/uploads\/2025\/08\/cropped-kaffee-fee-logo-bohnen-328x170-1.jpg\",\"contentUrl\":\"https:\/\/kaffee-fee.com\/de\/wp-content\/uploads\/2025\/08\/cropped-kaffee-fee-logo-bohnen-328x170-1.jpg\",\"width\":200,\"height\":103,\"caption\":\"Kaffee-Fee\"},\"logo\":{\"@id\":\"https:\/\/kaffee-fee.com\/de\/#\/schema\/person\/image\/\"},\"sameAs\":[\"https:\/\/kaffee-fee.com\/de\"]}]}<\/script>\n<!-- \/ Yoast SEO plugin. -->","yoast_head_json":{"title":"Kaffee optimal von Hand br\u00fchen - kaffee-fee.com","robots":{"index":"index","follow":"follow","max-snippet":"max-snippet:-1","max-image-preview":"max-image-preview:large","max-video-preview":"max-video-preview:-1"},"canonical":"https:\/\/kaffee-fee.com\/de\/kaffee-optimal-bruehen","og_locale":"de_DE","og_type":"article","og_title":"Kaffee optimal von Hand br\u00fchen - kaffee-fee.com","og_description":"Inhaltsverzeichnis \/ Sprungmarker: Was brauche ich zum optimalen Br\u00fchen von Hand?Was gilt es vor dem Kaffee br\u00fchen zu beachten?Der richtige Mahlgrad: eine Wahl zwischen grob und feinKaffee br\u00fchen: und so wird&#8217;s gemacht!W\u00e4rmen Sie ihren Filter vorKlassisch Kaffee per Hand br\u00fchen immer und \u00fcberall! Kaffee richtig und optimal aufbr\u00fchen: wertvolle Tipps zum Br\u00fchen von Hand 26.02.2018 [&hellip;]","og_url":"https:\/\/kaffee-fee.com\/de\/kaffee-optimal-bruehen","og_site_name":"kaffee-fee.com","article_modified_time":"2025-08-22T09:57:05+00:00","og_image":[{"url":"https:\/\/www.kaffee-fee.com\/media\/wysiwyg\/kaffee-bruehen1.jpg","type":"","width":"","height":""}],"twitter_card":"summary_large_image","twitter_misc":{"Gesch\u00e4tzte Lesezeit":"7\u00a0Minuten"},"schema":{"@context":"https:\/\/schema.org","@graph":[{"@type":"WebPage","@id":"https:\/\/kaffee-fee.com\/de\/kaffee-optimal-bruehen","url":"https:\/\/kaffee-fee.com\/de\/kaffee-optimal-bruehen","name":"Kaffee optimal von Hand br\u00fchen - kaffee-fee.com","isPartOf":{"@id":"https:\/\/kaffee-fee.com\/de\/#website"},"primaryImageOfPage":{"@id":"https:\/\/kaffee-fee.com\/de\/kaffee-optimal-bruehen#primaryimage"},"image":{"@id":"https:\/\/kaffee-fee.com\/de\/kaffee-optimal-bruehen#primaryimage"},"thumbnailUrl":"https:\/\/www.kaffee-fee.com\/media\/wysiwyg\/kaffee-bruehen1.jpg","datePublished":"2025-08-03T08:05:30+00:00","dateModified":"2025-08-22T09:57:05+00:00","breadcrumb":{"@id":"https:\/\/kaffee-fee.com\/de\/kaffee-optimal-bruehen#breadcrumb"},"inLanguage":"de","potentialAction":[{"@type":"ReadAction","target":["https:\/\/kaffee-fee.com\/de\/kaffee-optimal-bruehen"]}]},{"@type":"ImageObject","inLanguage":"de","@id":"https:\/\/kaffee-fee.com\/de\/kaffee-optimal-bruehen#primaryimage","url":"https:\/\/www.kaffee-fee.com\/media\/wysiwyg\/kaffee-bruehen1.jpg","contentUrl":"https:\/\/www.kaffee-fee.com\/media\/wysiwyg\/kaffee-bruehen1.jpg"},{"@type":"BreadcrumbList","@id":"https:\/\/kaffee-fee.com\/de\/kaffee-optimal-bruehen#breadcrumb","itemListElement":[{"@type":"ListItem","position":1,"name":"Startseite","item":"https:\/\/kaffee-fee.com\/de\/"},{"@type":"ListItem","position":2,"name":"Kaffee optimal von Hand br\u00fchen"}]},{"@type":"WebSite","@id":"https:\/\/kaffee-fee.com\/de\/#website","url":"https:\/\/kaffee-fee.com\/de\/","name":"kaffee-fee.com","description":"","publisher":{"@id":"https:\/\/kaffee-fee.com\/de\/#\/schema\/person\/f674e74d619d094bd78b6c47b7beecd0"},"potentialAction":[{"@type":"SearchAction","target":{"@type":"EntryPoint","urlTemplate":"https:\/\/kaffee-fee.com\/de\/?s={search_term_string}"},"query-input":{"@type":"PropertyValueSpecification","valueRequired":true,"valueName":"search_term_string"}}],"inLanguage":"de"},{"@type":["Person","Organization"],"@id":"https:\/\/kaffee-fee.com\/de\/#\/schema\/person\/f674e74d619d094bd78b6c47b7beecd0","name":"Kaffee-Fee","image":{"@type":"ImageObject","inLanguage":"de","@id":"https:\/\/kaffee-fee.com\/de\/#\/schema\/person\/image\/","url":"https:\/\/kaffee-fee.com\/de\/wp-content\/uploads\/2025\/08\/cropped-kaffee-fee-logo-bohnen-328x170-1.jpg","contentUrl":"https:\/\/kaffee-fee.com\/de\/wp-content\/uploads\/2025\/08\/cropped-kaffee-fee-logo-bohnen-328x170-1.jpg","width":200,"height":103,"caption":"Kaffee-Fee"},"logo":{"@id":"https:\/\/kaffee-fee.com\/de\/#\/schema\/person\/image\/"},"sameAs":["https:\/\/kaffee-fee.com\/de"]}]}},"_links":{"self":[{"href":"https:\/\/kaffee-fee.com\/de\/wp-json\/wp\/v2\/pages\/143","targetHints":{"allow":["GET"]}}],"collection":[{"href":"https:\/\/kaffee-fee.com\/de\/wp-json\/wp\/v2\/pages"}],"about":[{"href":"https:\/\/kaffee-fee.com\/de\/wp-json\/wp\/v2\/types\/page"}],"author":[{"embeddable":true,"href":"https:\/\/kaffee-fee.com\/de\/wp-json\/wp\/v2\/users\/1"}],"replies":[{"embeddable":true,"href":"https:\/\/kaffee-fee.com\/de\/wp-json\/wp\/v2\/comments?post=143"}],"version-history":[{"count":2,"href":"https:\/\/kaffee-fee.com\/de\/wp-json\/wp\/v2\/pages\/143\/revisions"}],"predecessor-version":[{"id":335,"href":"https:\/\/kaffee-fee.com\/de\/wp-json\/wp\/v2\/pages\/143\/revisions\/335"}],"wp:attachment":[{"href":"https:\/\/kaffee-fee.com\/de\/wp-json\/wp\/v2\/media?parent=143"}],"curies":[{"name":"wp","href":"https:\/\/api.w.org\/{rel}","templated":true}]}}