{"id":145,"date":"2025-08-03T10:06:14","date_gmt":"2025-08-03T08:06:14","guid":{"rendered":"https:\/\/kaffee-fee.com\/de\/?page_id=145"},"modified":"2025-08-22T11:58:55","modified_gmt":"2025-08-22T09:58:55","slug":"kaffeepads-ratgeber","status":"publish","type":"page","link":"https:\/\/kaffee-fee.com\/de\/kaffeepads-ratgeber","title":{"rendered":"Wissenswertes \u00fcber Kaffeepads &#8211; Kleiner Ratgeber"},"content":{"rendered":"\n<figure class=\"wp-block-image\"><img decoding=\"async\" src=\"https:\/\/kaffee-fee.com\/media\/wysiwyg\/kaffee-bruehen0.jpg\" alt=\"Kaffeepads Ratgeber\"\/><\/figure>\n\n\n\n<hr class=\"wp-block-separator has-alpha-channel-opacity\"\/>\n\n\n\n<h2 class=\"wp-block-heading\">Inhaltsverzeichnis<\/h2>\n\n\n\n<h3 class=\"wp-block-heading\">Springen Sie hier direkt zum Thema<\/h3>\n\n\n\n<p><a><\/a><br><br><a href=\"https:\/\/kaffee-fee.com\/de\/kaffeepads-ratgeber#wieviel\">Wie viel Kaffee ist in einem Kaffeepad?<\/a><br><a href=\"https:\/\/kaffee-fee.com\/de\/kaffeepads-ratgeber#guenstiger\">Was ist g\u00fcnstiger, Kaffeepads oder Kaffeebohnen?<\/a><br><a href=\"https:\/\/kaffee-fee.com\/de\/kaffeepads-ratgeber#haltbar\">Wie lange sind Kaffeepads haltbar?<\/a><br><a href=\"https:\/\/kaffee-fee.com\/de\/kaffeepads-ratgeber#unbedenklich\">Wie viel Kaffeepads am Tag sind unbedenklich?<\/a><br><a href=\"https:\/\/kaffee-fee.com\/de\/kaffeepads-ratgeber#einzelverpackt\">Gibt es auch Kaffeepads Gro\u00dfpackungen, die nicht einzeln verpackt sind?<\/a><br><a href=\"https:\/\/kaffee-fee.com\/de\/kaffeepads-ratgeber#wasdrin\">Was ist in Kaffeepads drin?<\/a><br><a href=\"https:\/\/kaffee-fee.com\/de\/kaffeepads-ratgeber#passen\">Welche Kaffeepads passen f\u00fcr die Senseo-Kaffeepadmaschine?<\/a><br><a href=\"https:\/\/kaffee-fee.com\/de\/kaffeepads-ratgeber#selber\">Wie mache ich Kaffeepads selber?<\/a><br><a href=\"https:\/\/kaffee-fee.com\/de\/kaffeepads-ratgeber#lagern\">Wie lagere ich am besten Kaffeepads?<\/a><br><a href=\"https:\/\/kaffee-fee.com\/de\/kaffeepads-ratgeber#bio\">Sind Kaffeepads biologisch abbaubar?<\/a><br><a href=\"https:\/\/kaffee-fee.com\/de\/kaffeepads-ratgeber#nachteil\">Vorteile und Nachteile von Kaffeepads?<\/a><br><br><br><br><\/p>\n\n\n\n<hr class=\"wp-block-separator has-alpha-channel-opacity\"\/>\n\n\n\n<h3 class=\"wp-block-heading\">Spannende Informationen \u00fcber Kaffeepads<\/h3>\n\n\n\n<p>(Update vom Autor Kaffee-Fee am 02.08.23): Die praktischen Kaffeepads wurden 2001 von Philips und Douwe Egberts f\u00fcr das Senseo-Maschinensystem entwickelt. Sie basieren auf den Espresso-Pads (von Antonino Di Leva in den 70er-Jahren erfunden) des Herstellers Illy. Leider sind die Illy-Pads selbst nicht f\u00fcr die Senseo-Kaffeepadmaschine geeignet. Es gibt aber Pads von nahezu allen namhaften Kaffeer\u00f6stern und Eigenmarken der Discounter und Superm\u00e4rkte. Am beliebtesten sind <a href=\"https:\/\/kaffee-fee.com\/de\/kaffee\/kaffeepads-100-stueck-grosspackung.html\">Kaffeepads Gro\u00dfpackungen<\/a>, die ebenfalls von sehr vielen Herstellern angeboten werden. Diese sind ideal f\u00fcr den kleinen Vorrat und werden bevorzugt von Firmen und Vereinen bestellt.<\/p>\n\n\n\n<script async src=\"https:\/\/pagead2.googlesyndication.com\/pagead\/js\/adsbygoogle.js?client=ca-pub-5253990762966564\"\n     crossorigin=\"anonymous\"><\/script>\n<!-- DisplayKaffee -->\n<ins class=\"adsbygoogle\"\n     style=\"display:block\"\n     data-ad-client=\"ca-pub-5253990762966564\"\n     data-ad-slot=\"9487734866\"\n     data-ad-format=\"auto\"\n     data-full-width-responsive=\"true\"><\/ins>\n<script>\n     (adsbygoogle = window.adsbygoogle || []).push({});\n<\/script>\n\n\n\n<h2 class=\"wp-block-heading\">Wie viel Kaffee ist in einem Kaffeepad?<\/h2>\n\n\n\n<p><a><\/a>Der Inhalt reicht f\u00fcr eine normale Tasse Kaffee (125 Milliliter) aus. Im Durchschnitt enthalten die Pads zwischen 6 und 8 Gramm Kaffeepulver. Der Inhalt kann je nach Hersteller etwas variieren. Die meisten Pads enthalten rund 7 Gramm Kaffeepulver, es gibt jedoch Ausnahmen: Kaffeepads aus dem Hause Tchibo enthalten aufgrund des Marketingversprechens, dass mehr Kaffee in einem Pad auch mehr Genuss bedeutet, 7,4 Gramm Kaffeepulver. In den Pads der Marke Crema Elegante vom Hersteller Eduscho sind 7,5 Gramm Kaffeepulver enthalten. F\u00fcr eine gro\u00dfe Tasse Kaffee (250 Milliliter) werden 2 Pads mit insgesamt 14 bis 16 Gramm Kaffeepulver ben\u00f6tigt.<\/p>\n\n\n\n<h2 class=\"wp-block-heading\"><img loading=\"lazy\" decoding=\"async\" src=\"https:\/\/kaffee-fee.com\/media\/wysiwyg\/kaffee-tasse.jpg\" alt=\"Kaffeepads Tasse\" width=\"75\" height=\"38\">Was ist g\u00fcnstiger, Kaffeepads oder Kaffeebohnen?<\/h2>\n\n\n\n<p><a><\/a>Pads lassen sich einfach und schnell zubereiten, doch die Bequemlichkeit hat ihren Preis. Sie bezahlen deutlich mehr Geld f\u00fcr die Pads als f\u00fcr Kaffeebohnen. Daf\u00fcr brauchen Sie f\u00fcr die Bohnen einen teuren Kaffeevollautomaten, der um ein Vielfaches mehr Geld kostet als eine Kaffeepad-Maschine. Eine Tasse Kaffee, die Sie in einem Kaffeevollautomaten zubereiten, kostet zwischen 4 und 10 Cent. Im direkten Vergleich dazu kosten Pads im Handel zwischen 10 und 15 Cent. Die Kaffeekapseln aus Plastik sind nochmals teurer und kosten zwischen 25 und 40 Cent. Die g\u00fcnstigsten Pads sind die verschiedenen Eigenmarken der Superm\u00e4rkte und Discounter. Am preiswertesten sind Kaffeepads Gro\u00dfpackungen, doch dazu sp\u00e4ter mehr. Sind Ihnen die Pads im Handel generell zu teuer, k\u00f6nnen Sie alternativ selbst Pads mit Kaffeepulver bef\u00fcllen und viel Geld sparen. Wie das funktioniert, erkl\u00e4ren wir Ihnen weiter unten.<\/p>\n\n\n\n<h2 class=\"wp-block-heading\">Wie lange sind Kaffeepads haltbar?<\/h2>\n\n\n\n<p><a><\/a>Die Haltbarkeit von den Pads h\u00e4ngt vom auf der Packung aufgedruckten Mindesthaltbarkeitsdatum ab. Laut den Herstellern sollten die Pads nach dem \u00d6ffnen der Packung innerhalb von 14 Tagen verbraucht werden. Nach Ablauf dieses Zeitraums wird der Inhalt nicht direkt ungenie\u00dfbar, jedoch wirkt sich eine l\u00e4ngere Aufbewahrung negativ auf das Aroma aus. Weiter unten erkl\u00e4ren wir Ihnen, wie Sie Ihre Pads am besten aufbewahren, damit das Aroma m\u00f6glichst lange erhalten bleibt.<\/p>\n\n\n\n<h2 class=\"wp-block-heading\">Wieviel Kaffeepads am Tag sind unbedenklich?<\/h2>\n\n\n\n<p><a><\/a>Da die Pads herk\u00f6mmliches Kaffeepulver enthalten, gelten f\u00fcr den Konsum die gleichen Regeln wie f\u00fcr jede Art von Kaffee. Wie viel Kaffee pro Tag maximal getrunken werden sollte, h\u00e4ngt von der Menge des Koffeins ab. Hier finden Sie mehr zur <a href=\"https:\/\/kaffee-fee.com\/de\/koffein-wirkung-nebenwirkung\/\">Wirkung von Koffein<\/a>. Laut einigen Experten sollte ein Erwachsener \u00fcber den ganzen Tag verteilt nicht mehr als 400 Milligramm Koffein zu sich nehmen. Mit einem Kaffeepad, welches 6 bis 8 Gramm Kaffeepulver enth\u00e4lt, k\u00f6nnen Sie 125 Milliliter Kaffee zubereiten. Ein solcher Kaffee enth\u00e4lt 60 bis 70 Milligramm Koffein. Gem\u00e4\u00df den Empfehlungen sollten Sie pro Tag nicht mehr als 5 Pads (Tassen) pro Tag zu sich nehmen. Unabh\u00e4ngig davon sollten Sie auf keinen Fall zu viel Koffein in k\u00fcrzester Zeit zu sich nehmen. Konsumieren Sie Kaffee in zu hohen Mengen und in einer zu kurzen Zeit kann das enthaltene Koffein Ihr Nervensystem, Ihren Magen-Darm-Trakt und Ihr Herzkreislauf-System belasten. Als Symptome k\u00f6nnen Schlaflosigkeit, erh\u00f6hter Blutdruck, ein hoher Puls, eine erh\u00f6hte Herzt\u00e4tigkeit, Hyperaktivit\u00e4t und Magen-Darm-Probleme auftreten.<\/p>\n\n\n\n<p>Mehr \u00fcber die wertvollen Inhaltsstoffe von Kaffee findest du hier:<br>\u00bb <a href=\"https:\/\/kaffee-fee.com\/de\/vitamine-und-mineralien-im-kaffee\/\">Vitamine und Mineralien sind auch im Kaffee!<\/a><br>\u00bb <a href=\"https:\/\/kaffee-fee.com\/de\/kaffee-kohlenhydrate-eiweisse-und-fette\/\">Energiewerte wie Fette, Eiwei\u00df und Kohlehydrate<\/a><br>\u00bb <a href=\"https:\/\/kaffee-fee.com\/de\/theophyllin-theobromin-bioaktive-substanzen\/\">Bioaktive und gesunde Inhaltsstoffe, die wir brauchen<\/a><br>\u00bb <a href=\"https:\/\/kaffee-fee.com\/de\/noch-mehr-alkaloide-im-kaffee\/\">Weitere Alkaloide gefunden &#8211; zahlreiche Muntermacher<\/a><\/p>\n\n\n\n<h2 class=\"wp-block-heading\"><img loading=\"lazy\" decoding=\"async\" src=\"https:\/\/kaffee-fee.com\/media\/media\/kaffeepads-ratgeber2.jpg\" alt=\"Kaffeepads Ratgeber\" width=\"75\" height=\"38\">Gibt es auch Kaffeepads Gro\u00dfpackungen, die nicht einzeln verpackt sind?<\/h2>\n\n\n\n<p><a><\/a>Ja, es gibt Gro\u00dfpackung mit Kaffeepads, die nicht einzeln verpackt sind! Diese Vorteilspacks gibt es von der Marke <a href=\"https:\/\/kaffee-fee.com\/de\/kaffeemarken\/holland\/cafeclub-kaffee.html\">Caf\u00e9club<\/a> und enthalten 56 Kaffeepads pro Gro\u00dfpackung. Immer mehr Kunden hoffen auf den Verzicht zus\u00e4tzlicher, teilweise unn\u00f6tiger Alu- und Plastikverpackungen. Die Verbraucher setzen hier vermehrt deutliche Signale, dass unsere Umwelt nicht l\u00e4nger belastet werden soll. Jedoch \u00fcberwiegt die Anzahl der Verbraucher, die Einzelverpackung zwecks Haltbarkeit bevorzugen, derzeit weiterhin. Der Trend f\u00fcr mehr Umweltbewusstsein ist jedoch deutlich zu beobachten.<\/p>\n\n\n\n<h2 class=\"wp-block-heading\">Was ist in Kaffeepads drin?<\/h2>\n\n\n\n<p><a><\/a>Wie weiter oben erkl\u00e4rt enthalten die Pads im Durchschnitt 7 Gramm Kaffeepulver, doch dies ist nicht alles. Jedes Kaffeepad besteht aus 2 unterschiedlichen Lagen von Zellstoff. Die beiden Lagen sind miteinander verklebt und enthalten in ihrem Inneren den vorgemahlenen Kaffee. Somit fungieren die Zellstoff-Lagen als H\u00fclle und als Filterpapier.<\/p>\n\n\n\n<h3 class=\"wp-block-heading\">Welche Kaffeepads gibt es<\/h3>\n\n\n\n<h4 class=\"wp-block-heading\">Passende Kaffeepads f\u00fcr die Senseo-Kaffeepadmaschine?<\/h4>\n\n\n\n<p>Haben Sie eine Senseo-Kaffeepadmaschine von Philips, kommen Sie in den Genuss einer gro\u00dfen Auswahl an Pads. Da fast alle angebotenen Pads im Handel eine identische Gr\u00f6\u00dfe besitzen, m\u00fcssen Sie nicht zwangsweise die originalen Pads von Senseo verwenden. Sie k\u00f6nnen die meisten Pads anderer bekannter Marken oder die preiswerten Eigenmarken benutzen. Unter anderem passen Kaffeepads folgender Marken in Ihre Senseo-Kaffeepadmaschine:<\/p>\n\n\n\n<ul class=\"wp-block-list\">\n<li><a href=\"https:\/\/kaffee-fee.com\/de\/kaffeemarken\/deutschland\/dallmayr-kaffee.html?product=75\">Dallmayr<\/a><\/li>\n\n\n\n<li>Tchibo<\/li>\n\n\n\n<li>Lavazza<\/li>\n\n\n\n<li><a href=\"https:\/\/kaffee-fee.com\/de\/kaffeemarken\/italien\/segafredo-kaffee.html?product=75\">Segafredo<\/a><\/li>\n\n\n\n<li>Jacobs<\/li>\n\n\n\n<li>Caf\u00e9club<\/li>\n\n\n\n<li>Melitta<\/li>\n\n\n\n<li>M\u00f6venpick<\/li>\n\n\n\n<li>Eilles<\/li>\n\n\n\n<li>Favor<\/li>\n\n\n\n<li>Alberto<\/li>\n\n\n\n<li>Padinies<\/li>\n\n\n\n<li>Caf\u00e9 Aroma<\/li>\n\n\n\n<li>Holland<\/li>\n<\/ul>\n\n\n\n<h3 class=\"wp-block-heading\"><a><\/a>Wie mache ich Kaffeepads selber?<\/h3>\n\n\n\n<p>Sind Ihnen die Pads im Handel zu teuer, k\u00f6nnen Sie Ihre eigenen Pads herstellen. Sie ben\u00f6tigen dazu einen Teefilter, Kaffeepulver (mittlerer Mahlgrad) und einen Teel\u00f6ffel. Es gibt mehrere M\u00f6glichkeiten und Methoden. Bei der nachfolgenden Methode wird der Teefilter einfach zu einem Pad umfunktioniert:<\/p>\n\n\n\n<ol class=\"wp-block-list\">\n<li>Nehmen Sie den Teefilter in die Hand und bef\u00fcllen Sie ihn mit 2 Teel\u00f6ffel Pulver<\/li>\n\n\n\n<li>Platzieren Sie den Teefilter vorsichtig in der Padhalterung und klappen Sie alle \u00fcberstehenden Ecken ein, sodass der Filter komplett in der Maschinenhalterung liegt<\/li>\n\n\n\n<li>Schie\u00dfen Sie die Kaffeepad-Maschine und bereiten Sie sich wie gewohnt einen Kaffee zu<\/li>\n<\/ol>\n\n\n\n<p><a><\/a>Sollen Ihre hergestellten Pads genauso aussehen wie die gekauften Produkte im Supermarkt, m\u00fcssen Sie die spezielle Form vorsichtig aus dem Filterpapier zurechtschneiden. Danach n\u00e4hen Sie die beiden H\u00e4lften zusammen. Zus\u00e4tzlich zu den oben genannten Materialien ben\u00f6tigen Sie f\u00fcr die aufwendige Methode eine N\u00e4hmaschine und eine Schere.<\/p>\n\n\n\n<h2 class=\"wp-block-heading\">Wie lagere ich am besten Kaffeepads?<\/h2>\n\n\n\n<p><a><\/a>Damit die Pads m\u00f6glichst lange ihr Aroma behalten und genauso gut wie am ersten Tag schmecken, sollten Sie richtig gelagert werden. Kaffeekapseln bestehen aus Aluminium oder Plastik und behalten ihr Aroma und ihren Geschmack. Pads verlieren im Gegensatz dazu ihren Geschmack und werden zudem h\u00e4rter, wenn die Packung eine l\u00e4ngere Zeit ge\u00f6ffnet ist. Am besten entnehmen Sie alle Pads aus der Verpackung und bewahren sie entweder in einem luftdichten Beutel oder Beh\u00e4lter auf. W\u00e4hlen Sie einen lichtgesch\u00fctzten und trockenen Ort und sch\u00fctzen Sie die Pads vor Hitze und vor Fremdger\u00fcchen. Hier finden Sie weitere wertvolle Information zur <a href=\"https:\/\/kaffee-fee.com\/de\/kaffee-richtig-lagern\/\">optimalen Lagerung des Kaffees<\/a>.<\/p>\n\n\n\n<h2 class=\"wp-block-heading\"><img loading=\"lazy\" decoding=\"async\" src=\"https:\/\/kaffee-fee.com\/media\/wysiwyg\/pads-kompostierbar.jpg\" alt=\"Kaffeepads kompostierbar\" width=\"400\" height=\"267\">Sind Kaffeepads biologisch abbaubar?<\/h2>\n\n\n\n<p><a><\/a>Die meisten Pads bestehen aus Filterpapier und aus Kaffeemehl. Somit sind die Pads vollkommen biologisch abbaubar. Sie k\u00f6nnen die benutzten Pads entweder auf Ihrem Komposthaufen oder im Biom\u00fcll entsorgen. Haben Sie einen Komposthaufen, wird sich dieser \u00fcber die entsorgten Pads freuen: Das Kaffeepulver in den Pads enth\u00e4lt Kalium, Stickstoff und Phosphor. Diese N\u00e4hrstoffe tun der Erde und dem Kompost gut und beschleunigen den Kompostierungsprozess. Alternativ k\u00f6nnen Sie die enthaltenen N\u00e4hrstoffe in den Kaffeepads als D\u00fcnger benutzen und in Ihre Blumenerde mischen. Aufpassen m\u00fcssen Sie bei Pads, die kleine Plastikanteile oder Klammern aus Kunststoff enthalten. Diese sind nicht zu 100 % biologisch abbaubar und sollten entsprechend entsorgt werden.<\/p>\n\n\n\n<h3 class=\"wp-block-heading\">Vorteile und Nachteile von Kaffeepads<\/h3>\n\n\n\n<p>Kaffeepads sind eine schnelle und einfache L\u00f6sung, die ein gleichm\u00e4\u00dfiges und bequemes Br\u00fchverfahren erm\u00f6glichen. Die fast perfekt abgewogenen 7 Gramm Kaffeepulver, die in eine kompatible Kaffeepadmaschine eingelegt werden k\u00f6nnen haben nat\u00fcrlich auch Nachteile.<\/p>\n\n\n\n<p>Ein gro\u00dfer Nachteil von Kaffeepads sind die klar erkennbaren Geschmacksunterschiede im Vergleich zum traditionellen Aufbr\u00fchen. Kaffeekenner sind sich alle einig, dass der Geschmack und das Aroma von Kaffee aus Kaffeepads niemals die Tiefe und Komplexit\u00e4t von Kaffee aus frisch gemahlenen Kaffeebohnen erreichen k\u00f6nnen. Das ist der mangelnden Kontrolle \u00fcber die Br\u00fchzeit und der Kaffee-Qualit\u00e4t der einzelnen Pads geschuldet. Somit sind individuelle Anpassungen \u00fcber eine Kaffeepadmaschine nicht m\u00f6glich, da diese Variablen (Wassertemperatur, Br\u00fchzeit, Verh\u00e4ltnis von Kaffee zu Wasser) strikt vorgegeben sind. Wenn jedoch Bequemlichkeit und Einfachheit an erster Stelle steht, dann sind Kaffeepads eine ideale L\u00f6sung f\u00fcr Zwischendurch. Sie erm\u00f6glichen eine schnelle und problemlose Zubereitung und bieten zudem eine gro\u00dfe Auswahl an Geschmacksrichtungen. Letztendlich ist die Entscheidung zwischen Einfachheit und Qualit\u00e4t eine pers\u00f6nliche Entscheidung, die je nach Situation unterschiedlich ausf\u00e4llt.<\/p>\n\n\n\n<p>Ein weitere wichtiger Vorteil wie oben bereits erw\u00e4hnt, ist die einfache Entsorgung der Kaffeepads: Benutzte Kaffeepads k\u00f6nnen ohne Gewissensbisse im Kompost oder der Biotonne entsorgt werden. Das Filterpapier der Kaffeepads ist zu 100% kompostierbar. Der Kompostierungsprozess liegt in der Regel bei ca. 3 &#8211; 4 Monaten.<\/p>\n","protected":false},"excerpt":{"rendered":"<p>Inhaltsverzeichnis Springen Sie hier direkt zum Thema Wie viel Kaffee ist in einem Kaffeepad?Was ist g\u00fcnstiger, Kaffeepads oder Kaffeebohnen?Wie lange sind Kaffeepads haltbar?Wie viel Kaffeepads am Tag sind unbedenklich?Gibt es auch Kaffeepads Gro\u00dfpackungen, die nicht einzeln verpackt sind?Was ist in Kaffeepads drin?Welche Kaffeepads passen f\u00fcr die Senseo-Kaffeepadmaschine?Wie mache ich Kaffeepads selber?Wie lagere ich am besten [&hellip;]<\/p>\n","protected":false},"author":1,"featured_media":0,"parent":0,"menu_order":0,"comment_status":"closed","ping_status":"closed","template":"","meta":{"footnotes":""},"class_list":["post-145","page","type-page","status-publish","hentry"],"yoast_head":"<!-- This site is optimized with the Yoast SEO plugin v26.9 - https:\/\/yoast.com\/product\/yoast-seo-wordpress\/ -->\n<title>Wissenswertes \u00fcber Kaffeepads - Kleiner Ratgeber - kaffee-fee.com<\/title>\n<meta name=\"robots\" content=\"index, follow, max-snippet:-1, max-image-preview:large, max-video-preview:-1\" \/>\n<link rel=\"canonical\" href=\"https:\/\/kaffee-fee.com\/de\/kaffeepads-ratgeber\" \/>\n<meta property=\"og:locale\" content=\"de_DE\" \/>\n<meta property=\"og:type\" content=\"article\" \/>\n<meta property=\"og:title\" content=\"Wissenswertes \u00fcber Kaffeepads - Kleiner Ratgeber - kaffee-fee.com\" \/>\n<meta property=\"og:description\" content=\"Inhaltsverzeichnis Springen Sie hier direkt zum Thema Wie viel Kaffee ist in einem Kaffeepad?Was ist g\u00fcnstiger, Kaffeepads oder Kaffeebohnen?Wie lange sind Kaffeepads haltbar?Wie viel Kaffeepads am Tag sind unbedenklich?Gibt es auch Kaffeepads Gro\u00dfpackungen, die nicht einzeln verpackt sind?Was ist in Kaffeepads drin?Welche Kaffeepads passen f\u00fcr die Senseo-Kaffeepadmaschine?Wie mache ich Kaffeepads selber?Wie lagere ich am besten [&hellip;]\" \/>\n<meta property=\"og:url\" content=\"https:\/\/kaffee-fee.com\/de\/kaffeepads-ratgeber\" \/>\n<meta property=\"og:site_name\" content=\"kaffee-fee.com\" \/>\n<meta property=\"article:modified_time\" content=\"2025-08-22T09:58:55+00:00\" \/>\n<meta property=\"og:image\" content=\"https:\/\/kaffee-fee.com\/media\/wysiwyg\/kaffee-bruehen0.jpg\" \/>\n<meta name=\"twitter:card\" content=\"summary_large_image\" \/>\n<meta name=\"twitter:label1\" content=\"Gesch\u00e4tzte Lesezeit\" \/>\n\t<meta name=\"twitter:data1\" content=\"10\u00a0Minuten\" \/>\n<script type=\"application\/ld+json\" class=\"yoast-schema-graph\">{\"@context\":\"https:\/\/schema.org\",\"@graph\":[{\"@type\":\"WebPage\",\"@id\":\"https:\/\/kaffee-fee.com\/de\/kaffeepads-ratgeber\",\"url\":\"https:\/\/kaffee-fee.com\/de\/kaffeepads-ratgeber\",\"name\":\"Wissenswertes \u00fcber Kaffeepads - Kleiner Ratgeber - kaffee-fee.com\",\"isPartOf\":{\"@id\":\"https:\/\/kaffee-fee.com\/de\/#website\"},\"primaryImageOfPage\":{\"@id\":\"https:\/\/kaffee-fee.com\/de\/kaffeepads-ratgeber#primaryimage\"},\"image\":{\"@id\":\"https:\/\/kaffee-fee.com\/de\/kaffeepads-ratgeber#primaryimage\"},\"thumbnailUrl\":\"https:\/\/kaffee-fee.com\/media\/wysiwyg\/kaffee-bruehen0.jpg\",\"datePublished\":\"2025-08-03T08:06:14+00:00\",\"dateModified\":\"2025-08-22T09:58:55+00:00\",\"breadcrumb\":{\"@id\":\"https:\/\/kaffee-fee.com\/de\/kaffeepads-ratgeber#breadcrumb\"},\"inLanguage\":\"de\",\"potentialAction\":[{\"@type\":\"ReadAction\",\"target\":[\"https:\/\/kaffee-fee.com\/de\/kaffeepads-ratgeber\"]}]},{\"@type\":\"ImageObject\",\"inLanguage\":\"de\",\"@id\":\"https:\/\/kaffee-fee.com\/de\/kaffeepads-ratgeber#primaryimage\",\"url\":\"https:\/\/kaffee-fee.com\/media\/wysiwyg\/kaffee-bruehen0.jpg\",\"contentUrl\":\"https:\/\/kaffee-fee.com\/media\/wysiwyg\/kaffee-bruehen0.jpg\"},{\"@type\":\"BreadcrumbList\",\"@id\":\"https:\/\/kaffee-fee.com\/de\/kaffeepads-ratgeber#breadcrumb\",\"itemListElement\":[{\"@type\":\"ListItem\",\"position\":1,\"name\":\"Startseite\",\"item\":\"https:\/\/kaffee-fee.com\/de\/\"},{\"@type\":\"ListItem\",\"position\":2,\"name\":\"Wissenswertes \u00fcber Kaffeepads &#8211; Kleiner Ratgeber\"}]},{\"@type\":\"WebSite\",\"@id\":\"https:\/\/kaffee-fee.com\/de\/#website\",\"url\":\"https:\/\/kaffee-fee.com\/de\/\",\"name\":\"kaffee-fee.com\",\"description\":\"\",\"publisher\":{\"@id\":\"https:\/\/kaffee-fee.com\/de\/#\/schema\/person\/f674e74d619d094bd78b6c47b7beecd0\"},\"potentialAction\":[{\"@type\":\"SearchAction\",\"target\":{\"@type\":\"EntryPoint\",\"urlTemplate\":\"https:\/\/kaffee-fee.com\/de\/?s={search_term_string}\"},\"query-input\":{\"@type\":\"PropertyValueSpecification\",\"valueRequired\":true,\"valueName\":\"search_term_string\"}}],\"inLanguage\":\"de\"},{\"@type\":[\"Person\",\"Organization\"],\"@id\":\"https:\/\/kaffee-fee.com\/de\/#\/schema\/person\/f674e74d619d094bd78b6c47b7beecd0\",\"name\":\"Kaffee-Fee\",\"image\":{\"@type\":\"ImageObject\",\"inLanguage\":\"de\",\"@id\":\"https:\/\/kaffee-fee.com\/de\/#\/schema\/person\/image\/\",\"url\":\"https:\/\/kaffee-fee.com\/de\/wp-content\/uploads\/2025\/08\/cropped-kaffee-fee-logo-bohnen-328x170-1.jpg\",\"contentUrl\":\"https:\/\/kaffee-fee.com\/de\/wp-content\/uploads\/2025\/08\/cropped-kaffee-fee-logo-bohnen-328x170-1.jpg\",\"width\":200,\"height\":103,\"caption\":\"Kaffee-Fee\"},\"logo\":{\"@id\":\"https:\/\/kaffee-fee.com\/de\/#\/schema\/person\/image\/\"},\"sameAs\":[\"https:\/\/kaffee-fee.com\/de\"]}]}<\/script>\n<!-- \/ Yoast SEO plugin. -->","yoast_head_json":{"title":"Wissenswertes \u00fcber Kaffeepads - Kleiner Ratgeber - kaffee-fee.com","robots":{"index":"index","follow":"follow","max-snippet":"max-snippet:-1","max-image-preview":"max-image-preview:large","max-video-preview":"max-video-preview:-1"},"canonical":"https:\/\/kaffee-fee.com\/de\/kaffeepads-ratgeber","og_locale":"de_DE","og_type":"article","og_title":"Wissenswertes \u00fcber Kaffeepads - Kleiner Ratgeber - kaffee-fee.com","og_description":"Inhaltsverzeichnis Springen Sie hier direkt zum Thema Wie viel Kaffee ist in einem Kaffeepad?Was ist g\u00fcnstiger, Kaffeepads oder Kaffeebohnen?Wie lange sind Kaffeepads haltbar?Wie viel Kaffeepads am Tag sind unbedenklich?Gibt es auch Kaffeepads Gro\u00dfpackungen, die nicht einzeln verpackt sind?Was ist in Kaffeepads drin?Welche Kaffeepads passen f\u00fcr die Senseo-Kaffeepadmaschine?Wie mache ich Kaffeepads selber?Wie lagere ich am besten [&hellip;]","og_url":"https:\/\/kaffee-fee.com\/de\/kaffeepads-ratgeber","og_site_name":"kaffee-fee.com","article_modified_time":"2025-08-22T09:58:55+00:00","og_image":[{"url":"https:\/\/kaffee-fee.com\/media\/wysiwyg\/kaffee-bruehen0.jpg","type":"","width":"","height":""}],"twitter_card":"summary_large_image","twitter_misc":{"Gesch\u00e4tzte Lesezeit":"10\u00a0Minuten"},"schema":{"@context":"https:\/\/schema.org","@graph":[{"@type":"WebPage","@id":"https:\/\/kaffee-fee.com\/de\/kaffeepads-ratgeber","url":"https:\/\/kaffee-fee.com\/de\/kaffeepads-ratgeber","name":"Wissenswertes \u00fcber Kaffeepads - Kleiner Ratgeber - kaffee-fee.com","isPartOf":{"@id":"https:\/\/kaffee-fee.com\/de\/#website"},"primaryImageOfPage":{"@id":"https:\/\/kaffee-fee.com\/de\/kaffeepads-ratgeber#primaryimage"},"image":{"@id":"https:\/\/kaffee-fee.com\/de\/kaffeepads-ratgeber#primaryimage"},"thumbnailUrl":"https:\/\/kaffee-fee.com\/media\/wysiwyg\/kaffee-bruehen0.jpg","datePublished":"2025-08-03T08:06:14+00:00","dateModified":"2025-08-22T09:58:55+00:00","breadcrumb":{"@id":"https:\/\/kaffee-fee.com\/de\/kaffeepads-ratgeber#breadcrumb"},"inLanguage":"de","potentialAction":[{"@type":"ReadAction","target":["https:\/\/kaffee-fee.com\/de\/kaffeepads-ratgeber"]}]},{"@type":"ImageObject","inLanguage":"de","@id":"https:\/\/kaffee-fee.com\/de\/kaffeepads-ratgeber#primaryimage","url":"https:\/\/kaffee-fee.com\/media\/wysiwyg\/kaffee-bruehen0.jpg","contentUrl":"https:\/\/kaffee-fee.com\/media\/wysiwyg\/kaffee-bruehen0.jpg"},{"@type":"BreadcrumbList","@id":"https:\/\/kaffee-fee.com\/de\/kaffeepads-ratgeber#breadcrumb","itemListElement":[{"@type":"ListItem","position":1,"name":"Startseite","item":"https:\/\/kaffee-fee.com\/de\/"},{"@type":"ListItem","position":2,"name":"Wissenswertes \u00fcber Kaffeepads &#8211; Kleiner Ratgeber"}]},{"@type":"WebSite","@id":"https:\/\/kaffee-fee.com\/de\/#website","url":"https:\/\/kaffee-fee.com\/de\/","name":"kaffee-fee.com","description":"","publisher":{"@id":"https:\/\/kaffee-fee.com\/de\/#\/schema\/person\/f674e74d619d094bd78b6c47b7beecd0"},"potentialAction":[{"@type":"SearchAction","target":{"@type":"EntryPoint","urlTemplate":"https:\/\/kaffee-fee.com\/de\/?s={search_term_string}"},"query-input":{"@type":"PropertyValueSpecification","valueRequired":true,"valueName":"search_term_string"}}],"inLanguage":"de"},{"@type":["Person","Organization"],"@id":"https:\/\/kaffee-fee.com\/de\/#\/schema\/person\/f674e74d619d094bd78b6c47b7beecd0","name":"Kaffee-Fee","image":{"@type":"ImageObject","inLanguage":"de","@id":"https:\/\/kaffee-fee.com\/de\/#\/schema\/person\/image\/","url":"https:\/\/kaffee-fee.com\/de\/wp-content\/uploads\/2025\/08\/cropped-kaffee-fee-logo-bohnen-328x170-1.jpg","contentUrl":"https:\/\/kaffee-fee.com\/de\/wp-content\/uploads\/2025\/08\/cropped-kaffee-fee-logo-bohnen-328x170-1.jpg","width":200,"height":103,"caption":"Kaffee-Fee"},"logo":{"@id":"https:\/\/kaffee-fee.com\/de\/#\/schema\/person\/image\/"},"sameAs":["https:\/\/kaffee-fee.com\/de"]}]}},"_links":{"self":[{"href":"https:\/\/kaffee-fee.com\/de\/wp-json\/wp\/v2\/pages\/145","targetHints":{"allow":["GET"]}}],"collection":[{"href":"https:\/\/kaffee-fee.com\/de\/wp-json\/wp\/v2\/pages"}],"about":[{"href":"https:\/\/kaffee-fee.com\/de\/wp-json\/wp\/v2\/types\/page"}],"author":[{"embeddable":true,"href":"https:\/\/kaffee-fee.com\/de\/wp-json\/wp\/v2\/users\/1"}],"replies":[{"embeddable":true,"href":"https:\/\/kaffee-fee.com\/de\/wp-json\/wp\/v2\/comments?post=145"}],"version-history":[{"count":2,"href":"https:\/\/kaffee-fee.com\/de\/wp-json\/wp\/v2\/pages\/145\/revisions"}],"predecessor-version":[{"id":342,"href":"https:\/\/kaffee-fee.com\/de\/wp-json\/wp\/v2\/pages\/145\/revisions\/342"}],"wp:attachment":[{"href":"https:\/\/kaffee-fee.com\/de\/wp-json\/wp\/v2\/media?parent=145"}],"curies":[{"name":"wp","href":"https:\/\/api.w.org\/{rel}","templated":true}]}}