{"id":152,"date":"2025-08-03T10:08:11","date_gmt":"2025-08-03T08:08:11","guid":{"rendered":"https:\/\/kaffee-fee.com\/de\/?page_id=152"},"modified":"2025-08-22T11:58:25","modified_gmt":"2025-08-22T09:58:25","slug":"noch-mehr-alkaloide-im-kaffee","status":"publish","type":"page","link":"https:\/\/kaffee-fee.com\/de\/noch-mehr-alkaloide-im-kaffee","title":{"rendered":"Noch mehr Alkaloide (Muntermacher) im Kaffee entdeckt"},"content":{"rendered":"\n<h2 class=\"wp-block-heading\">Noch mehr Stoffe f\u00fcr mehr Euphorie<\/h2>\n\n\n\n<p>Nach einer kurzen Recherche bin ich auf zwei Webseiten gestossen, die sich mit dem Thema Alkaloide (zur Erinnerung: es sind organische Stickstoffverbindungen wie Koffein, Theophyllin, Theobromin etc.) auseinandersetzen. Etwas weiter unten sind Links aufgef\u00fchrt, die zu den jeweiligen Themen weiterleiten. Ich selbst habe dar\u00fcberhinaus mehr Infos gesucht und nur sehr wenig dar\u00fcber gefunden. Daher sind keine genauen Angaben dar\u00fcber zufinden, inwiefern diese Aussagen zutreffen. Eine Interessante Aussage von einer Autorin, die ein noch interessanteres Buch ver\u00f6ffentlicht hat. Dieses Buch handelt ausschlie\u00dflich von Kaffee und bildet auch eine inhaltliche Gr\u00f6\u00dfe und Grundlage f\u00fcr viele meiner Themen auf dieser Webseite. Die erste Auflage erschien bereits im Januar 2006 und ist von Frau Anita He\u00dfmann-Kosaris eigens verfasst worden. Das Buch heisst: Kaffee &#8211; Der gesunde Muntermacher und ist sehr empfehlenswert. In ihren Buch schrieb sie (kein Zitat), dass australische Forscher vor einigen Jahren einen Stoff im Kaffee entdeckt haben, der in seiner Wirkung mophinartige Eigenschaften aufwies. Klingt im ersten Moment nat\u00fcrlich sehr \u00fcberraschend. Dieser Stoff scheint nicht mit dem Koffein direkt in Verbindung zu stehen, da auch bei koffeinfreiem Kaffee diese Stickstoffverbindung vorhanden sind. So hat nach Aussage der Autorin auch der koffeinfreie Kaffee seinen wohltuenden Charakter. Mit wohltuend meine ich: euphorisierend, schmerzstillend und beruhigend. F\u00fcr mich klingt das fantastisch. Ich gehe davon aus, dass die Konzentration dieser(s) morphin\u00e4hnlichen Stoffe(s) im Vergleich zum Koffein eher niedrig sein wird, sonst h\u00e4tten Forscher es vielleicht fr\u00fcher entdeckt. Allerdings ist das nur eine Annahme. Ich habe leider nichts gefunden, was diese Aussage kr\u00e4ftigt. Vielleicht findet ihr ja irgendetwas brauchbares, was ihr dann unten posten k\u00f6nnt.<\/p>\n\n\n\n<script async src=\"https:\/\/pagead2.googlesyndication.com\/pagead\/js\/adsbygoogle.js?client=ca-pub-5253990762966564\"\n     crossorigin=\"anonymous\"><\/script>\n<!-- DisplayKaffee -->\n<ins class=\"adsbygoogle\"\n     style=\"display:block\"\n     data-ad-client=\"ca-pub-5253990762966564\"\n     data-ad-slot=\"9487734866\"\n     data-ad-format=\"auto\"\n     data-full-width-responsive=\"true\"><\/ins>\n<script>\n     (adsbygoogle = window.adsbygoogle || []).push({});\n<\/script>\n\n\n\n<h3 class=\"wp-block-heading\">Weiterer Link zu dem Thema Alkaloide<\/h3>\n\n\n\n<p>Ich weise daraufhin, dass ich die Inhalte nicht komplett vertrete, da m\u00f6glicherweise unwissenschaftliche Aussagen dahinterstecken. Es ist lediglich weiterer Lesestoff, der sich mit diesem Thema befasst. Link: <a href=\"https:\/\/www.freitag.de\/autoren\/dasnetzindir\/was-sind-eigentlich-exorphine-kasomorphine-gliadorphine\" target=\"_blank\" rel=\"noreferrer noopener\">Beitrag \u00fcber Exorphine<\/a><\/p>\n","protected":false},"excerpt":{"rendered":"<p>Noch mehr Stoffe f\u00fcr mehr Euphorie Nach einer kurzen Recherche bin ich auf zwei Webseiten gestossen, die sich mit dem Thema Alkaloide (zur Erinnerung: es sind organische Stickstoffverbindungen wie Koffein, Theophyllin, Theobromin etc.) auseinandersetzen. Etwas weiter unten sind Links aufgef\u00fchrt, die zu den jeweiligen Themen weiterleiten. Ich selbst habe dar\u00fcberhinaus mehr Infos gesucht und nur [&hellip;]<\/p>\n","protected":false},"author":1,"featured_media":0,"parent":0,"menu_order":0,"comment_status":"closed","ping_status":"closed","template":"","meta":{"footnotes":""},"class_list":["post-152","page","type-page","status-publish","hentry"],"yoast_head":"<!-- This site is optimized with the Yoast SEO plugin v26.9 - https:\/\/yoast.com\/product\/yoast-seo-wordpress\/ -->\n<title>Noch mehr Alkaloide (Muntermacher) im Kaffee entdeckt - kaffee-fee.com<\/title>\n<meta name=\"robots\" content=\"index, follow, max-snippet:-1, max-image-preview:large, max-video-preview:-1\" \/>\n<link rel=\"canonical\" href=\"https:\/\/kaffee-fee.com\/de\/noch-mehr-alkaloide-im-kaffee\" \/>\n<meta property=\"og:locale\" content=\"de_DE\" \/>\n<meta property=\"og:type\" content=\"article\" \/>\n<meta property=\"og:title\" content=\"Noch mehr Alkaloide (Muntermacher) im Kaffee entdeckt - kaffee-fee.com\" \/>\n<meta property=\"og:description\" content=\"Noch mehr Stoffe f\u00fcr mehr Euphorie Nach einer kurzen Recherche bin ich auf zwei Webseiten gestossen, die sich mit dem Thema Alkaloide (zur Erinnerung: es sind organische Stickstoffverbindungen wie Koffein, Theophyllin, Theobromin etc.) auseinandersetzen. Etwas weiter unten sind Links aufgef\u00fchrt, die zu den jeweiligen Themen weiterleiten. Ich selbst habe dar\u00fcberhinaus mehr Infos gesucht und nur [&hellip;]\" \/>\n<meta property=\"og:url\" content=\"https:\/\/kaffee-fee.com\/de\/noch-mehr-alkaloide-im-kaffee\" \/>\n<meta property=\"og:site_name\" content=\"kaffee-fee.com\" \/>\n<meta property=\"article:modified_time\" content=\"2025-08-22T09:58:25+00:00\" \/>\n<meta name=\"twitter:card\" content=\"summary_large_image\" \/>\n<meta name=\"twitter:label1\" content=\"Gesch\u00e4tzte Lesezeit\" \/>\n\t<meta name=\"twitter:data1\" content=\"2\u00a0Minuten\" \/>\n<script type=\"application\/ld+json\" class=\"yoast-schema-graph\">{\"@context\":\"https:\/\/schema.org\",\"@graph\":[{\"@type\":\"WebPage\",\"@id\":\"https:\/\/kaffee-fee.com\/de\/noch-mehr-alkaloide-im-kaffee\",\"url\":\"https:\/\/kaffee-fee.com\/de\/noch-mehr-alkaloide-im-kaffee\",\"name\":\"Noch mehr Alkaloide (Muntermacher) im Kaffee entdeckt - kaffee-fee.com\",\"isPartOf\":{\"@id\":\"https:\/\/kaffee-fee.com\/de\/#website\"},\"datePublished\":\"2025-08-03T08:08:11+00:00\",\"dateModified\":\"2025-08-22T09:58:25+00:00\",\"breadcrumb\":{\"@id\":\"https:\/\/kaffee-fee.com\/de\/noch-mehr-alkaloide-im-kaffee#breadcrumb\"},\"inLanguage\":\"de\",\"potentialAction\":[{\"@type\":\"ReadAction\",\"target\":[\"https:\/\/kaffee-fee.com\/de\/noch-mehr-alkaloide-im-kaffee\"]}]},{\"@type\":\"BreadcrumbList\",\"@id\":\"https:\/\/kaffee-fee.com\/de\/noch-mehr-alkaloide-im-kaffee#breadcrumb\",\"itemListElement\":[{\"@type\":\"ListItem\",\"position\":1,\"name\":\"Startseite\",\"item\":\"https:\/\/kaffee-fee.com\/de\/\"},{\"@type\":\"ListItem\",\"position\":2,\"name\":\"Noch mehr Alkaloide (Muntermacher) im Kaffee entdeckt\"}]},{\"@type\":\"WebSite\",\"@id\":\"https:\/\/kaffee-fee.com\/de\/#website\",\"url\":\"https:\/\/kaffee-fee.com\/de\/\",\"name\":\"kaffee-fee.com\",\"description\":\"\",\"publisher\":{\"@id\":\"https:\/\/kaffee-fee.com\/de\/#\/schema\/person\/f674e74d619d094bd78b6c47b7beecd0\"},\"potentialAction\":[{\"@type\":\"SearchAction\",\"target\":{\"@type\":\"EntryPoint\",\"urlTemplate\":\"https:\/\/kaffee-fee.com\/de\/?s={search_term_string}\"},\"query-input\":{\"@type\":\"PropertyValueSpecification\",\"valueRequired\":true,\"valueName\":\"search_term_string\"}}],\"inLanguage\":\"de\"},{\"@type\":[\"Person\",\"Organization\"],\"@id\":\"https:\/\/kaffee-fee.com\/de\/#\/schema\/person\/f674e74d619d094bd78b6c47b7beecd0\",\"name\":\"Kaffee-Fee\",\"image\":{\"@type\":\"ImageObject\",\"inLanguage\":\"de\",\"@id\":\"https:\/\/kaffee-fee.com\/de\/#\/schema\/person\/image\/\",\"url\":\"https:\/\/kaffee-fee.com\/de\/wp-content\/uploads\/2025\/08\/cropped-kaffee-fee-logo-bohnen-328x170-1.jpg\",\"contentUrl\":\"https:\/\/kaffee-fee.com\/de\/wp-content\/uploads\/2025\/08\/cropped-kaffee-fee-logo-bohnen-328x170-1.jpg\",\"width\":200,\"height\":103,\"caption\":\"Kaffee-Fee\"},\"logo\":{\"@id\":\"https:\/\/kaffee-fee.com\/de\/#\/schema\/person\/image\/\"},\"sameAs\":[\"https:\/\/kaffee-fee.com\/de\"]}]}<\/script>\n<!-- \/ Yoast SEO plugin. -->","yoast_head_json":{"title":"Noch mehr Alkaloide (Muntermacher) im Kaffee entdeckt - kaffee-fee.com","robots":{"index":"index","follow":"follow","max-snippet":"max-snippet:-1","max-image-preview":"max-image-preview:large","max-video-preview":"max-video-preview:-1"},"canonical":"https:\/\/kaffee-fee.com\/de\/noch-mehr-alkaloide-im-kaffee","og_locale":"de_DE","og_type":"article","og_title":"Noch mehr Alkaloide (Muntermacher) im Kaffee entdeckt - kaffee-fee.com","og_description":"Noch mehr Stoffe f\u00fcr mehr Euphorie Nach einer kurzen Recherche bin ich auf zwei Webseiten gestossen, die sich mit dem Thema Alkaloide (zur Erinnerung: es sind organische Stickstoffverbindungen wie Koffein, Theophyllin, Theobromin etc.) auseinandersetzen. Etwas weiter unten sind Links aufgef\u00fchrt, die zu den jeweiligen Themen weiterleiten. Ich selbst habe dar\u00fcberhinaus mehr Infos gesucht und nur [&hellip;]","og_url":"https:\/\/kaffee-fee.com\/de\/noch-mehr-alkaloide-im-kaffee","og_site_name":"kaffee-fee.com","article_modified_time":"2025-08-22T09:58:25+00:00","twitter_card":"summary_large_image","twitter_misc":{"Gesch\u00e4tzte Lesezeit":"2\u00a0Minuten"},"schema":{"@context":"https:\/\/schema.org","@graph":[{"@type":"WebPage","@id":"https:\/\/kaffee-fee.com\/de\/noch-mehr-alkaloide-im-kaffee","url":"https:\/\/kaffee-fee.com\/de\/noch-mehr-alkaloide-im-kaffee","name":"Noch mehr Alkaloide (Muntermacher) im Kaffee entdeckt - kaffee-fee.com","isPartOf":{"@id":"https:\/\/kaffee-fee.com\/de\/#website"},"datePublished":"2025-08-03T08:08:11+00:00","dateModified":"2025-08-22T09:58:25+00:00","breadcrumb":{"@id":"https:\/\/kaffee-fee.com\/de\/noch-mehr-alkaloide-im-kaffee#breadcrumb"},"inLanguage":"de","potentialAction":[{"@type":"ReadAction","target":["https:\/\/kaffee-fee.com\/de\/noch-mehr-alkaloide-im-kaffee"]}]},{"@type":"BreadcrumbList","@id":"https:\/\/kaffee-fee.com\/de\/noch-mehr-alkaloide-im-kaffee#breadcrumb","itemListElement":[{"@type":"ListItem","position":1,"name":"Startseite","item":"https:\/\/kaffee-fee.com\/de\/"},{"@type":"ListItem","position":2,"name":"Noch mehr Alkaloide (Muntermacher) im Kaffee entdeckt"}]},{"@type":"WebSite","@id":"https:\/\/kaffee-fee.com\/de\/#website","url":"https:\/\/kaffee-fee.com\/de\/","name":"kaffee-fee.com","description":"","publisher":{"@id":"https:\/\/kaffee-fee.com\/de\/#\/schema\/person\/f674e74d619d094bd78b6c47b7beecd0"},"potentialAction":[{"@type":"SearchAction","target":{"@type":"EntryPoint","urlTemplate":"https:\/\/kaffee-fee.com\/de\/?s={search_term_string}"},"query-input":{"@type":"PropertyValueSpecification","valueRequired":true,"valueName":"search_term_string"}}],"inLanguage":"de"},{"@type":["Person","Organization"],"@id":"https:\/\/kaffee-fee.com\/de\/#\/schema\/person\/f674e74d619d094bd78b6c47b7beecd0","name":"Kaffee-Fee","image":{"@type":"ImageObject","inLanguage":"de","@id":"https:\/\/kaffee-fee.com\/de\/#\/schema\/person\/image\/","url":"https:\/\/kaffee-fee.com\/de\/wp-content\/uploads\/2025\/08\/cropped-kaffee-fee-logo-bohnen-328x170-1.jpg","contentUrl":"https:\/\/kaffee-fee.com\/de\/wp-content\/uploads\/2025\/08\/cropped-kaffee-fee-logo-bohnen-328x170-1.jpg","width":200,"height":103,"caption":"Kaffee-Fee"},"logo":{"@id":"https:\/\/kaffee-fee.com\/de\/#\/schema\/person\/image\/"},"sameAs":["https:\/\/kaffee-fee.com\/de"]}]}},"_links":{"self":[{"href":"https:\/\/kaffee-fee.com\/de\/wp-json\/wp\/v2\/pages\/152","targetHints":{"allow":["GET"]}}],"collection":[{"href":"https:\/\/kaffee-fee.com\/de\/wp-json\/wp\/v2\/pages"}],"about":[{"href":"https:\/\/kaffee-fee.com\/de\/wp-json\/wp\/v2\/types\/page"}],"author":[{"embeddable":true,"href":"https:\/\/kaffee-fee.com\/de\/wp-json\/wp\/v2\/users\/1"}],"replies":[{"embeddable":true,"href":"https:\/\/kaffee-fee.com\/de\/wp-json\/wp\/v2\/comments?post=152"}],"version-history":[{"count":2,"href":"https:\/\/kaffee-fee.com\/de\/wp-json\/wp\/v2\/pages\/152\/revisions"}],"predecessor-version":[{"id":340,"href":"https:\/\/kaffee-fee.com\/de\/wp-json\/wp\/v2\/pages\/152\/revisions\/340"}],"wp:attachment":[{"href":"https:\/\/kaffee-fee.com\/de\/wp-json\/wp\/v2\/media?parent=152"}],"curies":[{"name":"wp","href":"https:\/\/api.w.org\/{rel}","templated":true}]}}