{"id":156,"date":"2025-08-03T10:10:15","date_gmt":"2025-08-03T08:10:15","guid":{"rendered":"https:\/\/kaffee-fee.com\/de\/?page_id=156"},"modified":"2025-08-22T11:38:07","modified_gmt":"2025-08-22T09:38:07","slug":"theophyllin-theobromin-bioaktive-substanzen","status":"publish","type":"page","link":"https:\/\/kaffee-fee.com\/de\/theophyllin-theobromin-bioaktive-substanzen","title":{"rendered":"Bioaktive Inhaltststoffe im Kaffee"},"content":{"rendered":"\n<h2 class=\"wp-block-heading\">Theobromin, Theophyllin, und andere bioaktive Substanzen im Kaffee<\/h2>\n\n\n\n<figure class=\"wp-block-image\"><img decoding=\"async\" src=\"https:\/\/kaffee-fee.com\/media\/wysiwyg\/kaffeebohnen-kreis380x380.jpg\" alt=\"Kaffee Inhaltsstoffe\"\/><\/figure>\n\n\n\n<h3 class=\"wp-block-heading\">Theobromin im Kaffee &#8211; auch in der Kakaobohne enthalten<\/h3>\n\n\n\n<p>Update(01.09.21): Schokolade macht gl\u00fccklich, je dunkler die Schokolade, (also h\u00f6herer Kakaoanteil) desto gl\u00fccklicher wird man. Dieses umgangssprachliche Zitat ist wohl weltweit bekannt. Die Erkl\u00e4rung daf\u00fcr finden wir im Alkaloid (ebenfalls eine Verbindung der Xanthine wie das Koffein) namens Theobromin. Dieser anregende Stoff, der an die Fr\u00fcchte und Bl\u00e4tter gebunden ist, kommt haupts\u00e4chlich in der Kakaobohne vor. Hier liegt der Anteil bei durchschnittlich \u00fcber 1,5%, was im Verh\u00e4ltnis zu Kolab\u00e4umen, Matestr\u00e4uchern und Teebl\u00e4ttern sehr hoch ist.<\/p>\n\n\n\n<p>Durch eine Fermentierung wird Theobromin freigesetzt und entfaltet seine stimulierende Wirkung (die Fermentierung w\u00e4re z.B. ein R\u00f6stprozess). Theobromin ist ebenso bekannt f\u00fcr seine gef\u00e4\u00dferweiternde und harntreibende Wirkung.<\/p>\n\n\n\n<script async src=\"https:\/\/pagead2.googlesyndication.com\/pagead\/js\/adsbygoogle.js?client=ca-pub-5253990762966564\"\n     crossorigin=\"anonymous\"><\/script>\n<!-- DisplayKaffee -->\n<ins class=\"adsbygoogle\"\n     style=\"display:block\"\n     data-ad-client=\"ca-pub-5253990762966564\"\n     data-ad-slot=\"9487734866\"\n     data-ad-format=\"auto\"\n     data-full-width-responsive=\"true\"><\/ins>\n<script>\n     (adsbygoogle = window.adsbygoogle || []).push({});\n<\/script>\n\n\n\n<p>Hier mal der Gehalt in der Schokolade (Quelle: Wikipedia): Dunkle Schokolade (h\u00f6herer Kakaoanteil) enth\u00e4lt 3\u201310 Gramm Theobromin pro Kilogramm, Milchschokolade dagegen enth\u00e4lt 0,6\u20134 Gramm pro Kilogramm. Zusammenfassend kann gesagt werden, das Theobromin \u00e4hnliche Wirkungen hat wie Koffein, sie sind aber deutlich schw\u00e4cher. Auch hier gilt die Regel: zu viel von diesem Stoff wirkt sich negativ auf den menschlichen K\u00f6rper aus. Allerdings ist eine \u00dcberdosierung durch die Aufnahme von nat\u00fcrlichen Produkten kaum m\u00f6glich. Ein 100kg schwerer Mensch m\u00fcsste ca. 27 Gramm Theobromin zu sich nehmen, um die t\u00f6dliche Dosis zu erreichen. Umgerechnet w\u00e4ren das ca. 3kg dunkle Schokolade innerhalb einer Stunde.<\/p>\n\n\n\n<h2 class=\"wp-block-heading\">Theophyllin im Kaffee<\/h2>\n\n\n\n<p>Theophyllin (namentlich abgeleitet von Teebl\u00e4ttern) ist in geringen Mengen nicht nur in der Kaffeebohne enthalten, sondern mehrfach auch in Teebl\u00e4ttern, Guarana, Mate und in der Kakaobohne. Theophyllin ist gleichzeitig ein Abbauprodukt des Koffeins in unserem K\u00f6rper durch die Leber. Folglich ist er in seiner Molekularstruktur dem Koffein sehr \u00e4hnlich, und hat ebenfalls medizinisch wertvolle Eigenschaften.<\/p>\n\n\n\n<p>Laut Wikipedia wird diese Kohlenstoff-Stickstoffverbindung therapeutisch als Arzneistoff gegen Bronchialasthma und anderen Bronchialerkrankungen eingesetzt. Zus\u00e4tzlich wird die Leistung des Herzens gesteigert. Weitere Informationen zum Thema Koffein sind <a href=\"https:\/\/kaffee-fee.com\/de\/koffein-wirkung-nebenwirkung\">hier<\/a>! Au\u00dferdem mehr zum Thema: <a href=\"https:\/\/kaffee-fee.com\/de\/ist-kaffee-gesund\">Kaffee ist gesund<\/a>!<\/p>\n\n\n\n<figure class=\"wp-block-image\"><img decoding=\"async\" src=\"https:\/\/kaffee-fee.com\/media\/wysiwyg\/kaffeebohnen-frau2-380x418.jpg\" alt=\"Bioaktive Substanzen im Kaffee\"\/><\/figure>\n\n\n\n<h3 class=\"wp-block-heading\">Wof\u00fcr sind bioaktiven Substanzen in den Kaffeebohnen?<\/h3>\n\n\n\n<p>Mit bioaktiven Substanzen meine ich die Stoffe, die w\u00e4hrend der Wachstums- und Bl\u00fctephase wichtige und lebensnotwendige Aufgaben erf\u00fcllen m\u00fcssen. Gemeint sind Farbstoffe, Geschmacksstoffe und Wirkstoffe, die im Biotop ihre erhaltenden und sch\u00fctzenden Funktionen haben. Als lebender Organismus ist jede Pflanze, wie wir Menschen auch, auf arterhaltende Prozesse angewiesen. Ein fortlaufender Stoffwechsel und ausreichender Schutz vor freien Radikalen und Feinden ist Grundvoraussetzung f\u00fcr die Weiterentwicklung.<\/p>\n\n\n\n<p>Diese bioaktiven Substanzen bilden einen Teil dieser Voraussetzungen. Inwieweit wir diese Substanzen f\u00fcr uns positiv nutzen k\u00f6nnen, ist in vieler Hinsicht noch unklar. Doch eins ist klar: unsere Wissenschaftler und Forscher sind diesen Stoffen dicht auf den Versen. Gegenw\u00e4rtig sind viele Wirkungsweisen und Stoffe entschl\u00fcsselt, was zu Gunsten aller Kaffee-Genie\u00dfer ausf\u00e4llt, und ich bin \u00fcberzeugt davon, dass noch viele weitere tolle Erkenntnisse folgen werden.<\/p>\n\n\n\n<h2 class=\"wp-block-heading\">Weitere bioaktiven Inhaltsstoffe im Kaffee!<\/h2>\n\n\n\n<p>Hier sind weitere der bekanntesten bioaktiven Substanzen im Kaffee und ihre Eigenschaften:<\/p>\n\n\n\n<ol class=\"wp-block-list\">\n<li>Koffein: Koffein ist wahrscheinlich die bekannteste bioaktive Substanz im Kaffee. Es ist ein stimulierendes Mittel, das die Aufmerksamkeit und Wachsamkeit verbessern kann. Koffein kann auch die Stimmung heben und vor\u00fcbergehend Erm\u00fcdung bek\u00e4mpfen.<\/li>\n\n\n\n<li>Chlorogens\u00e4uren: Chlorogens\u00e4uren sind Antioxidantien, die in Kaffeebohnen vorkommen. Sie tragen zum typischen Geschmack von Kaffee bei und haben antioxidative und entz\u00fcndungshemmende Eigenschaften. Studien deuten darauf hin, dass Chlorogens\u00e4uren auch positive Auswirkungen auf den Blutzuckerspiegel und den Stoffwechsel haben k\u00f6nnen.<\/li>\n\n\n\n<li>Trigonellin: Trigonellin ist eine Substanz, die w\u00e4hrend des R\u00f6stprozesses aus Chlorogens\u00e4uren entsteht. Es verleiht Kaffee einen leicht bitteren Geschmack. Trigonellin hat antioxidative Eigenschaften und wurde auch mit potenziellen vorteilhaften Wirkungen auf die Gehirnfunktion in Verbindung gebracht.<\/li>\n\n\n\n<li>Caffeoylchinas\u00e4uren: Diese Gruppe von bioaktiven Verbindungen hat antioxidative und entz\u00fcndungshemmende Eigenschaften. Sie tragen auch zum Geschmack von Kaffee bei und k\u00f6nnen verschiedene gesundheitliche Vorteile bieten, darunter eine m\u00f6gliche Schutzwirkung gegen bestimmte Krebsarten und Herz-Kreislauf-Erkrankungen.<\/li>\n\n\n\n<li>Melanoidine: Melanoidine sind pigmentspezifische Verbindungen, die w\u00e4hrend des R\u00f6stprozesses entstehen. Sie verleihen Kaffee seine dunkle Farbe und haben antioxidative Eigenschaften. Melanoidine k\u00f6nnen auch entz\u00fcndungshemmende Wirkungen haben und das Immunsystem unterst\u00fctzen.<\/li>\n<\/ol>\n\n\n\n<p><img loading=\"lazy\" decoding=\"async\" src=\"https:\/\/kaffee-fee.com\/media\/wysiwyg\/kaffeebohnen-380-257.jpg\" alt=\"Bioaktive Inhaltstoffe im Kaffee\" width=\"380\" height=\"257\">\u00dcber die Wirkungsweisen von Koffein finden Sie hier einen lesenswerten Artikel: Lesen Sie hier mehr zu <a href=\"https:\/\/kaffee-fee.com\/de\/koffein-wirkung-nebenwirkung\">Wirkungen und Nebenwirkungen von Koffein!<\/a><\/p>\n\n\n\n<p>Dort finden Sie auch mehrere Quellen zu Studien, die die positiven Effekte von Kaffee und seinen bioaktiven Substanzen belegen. Es ist wichtig zu beachten, dass die Wirkungen dieser bioaktiven Substanzen im Kaffee von Person zu Person variieren k\u00f6nnen und weitere Forschungen erforderlich sind, um ihre genauen Auswirkungen auf die Gesundheit zu best\u00e4tigen.<\/p>\n\n\n\n<p>Lesen Sie wissenswertes zum Thema <a href=\"https:\/\/kaffee-fee.com\/de\/ist-kaffee-gesund\/\">Kaffee Gesundheit<\/a>.<\/p>\n\n\n\n<p>Das Thema Koffein geh\u00f6rt zu den spannenden Themen, da diese Droge bekanntlich eine der meisten eingenommenen Droge in Deutschland ist. Mehr zum Thema Koffein und Kaffee findest Du hier: <a href=\"https:\/\/kaffee-fee.com\/de\/koffein-wirkung-nebenwirkung\/\">Koffein &#8211; Wirkung und Nebenwirkung<\/a> des beliebten Stoffes!<\/p>\n\n\n\n<p>Auf eine gesunde Tasse Kaffee!<\/p>\n","protected":false},"excerpt":{"rendered":"<p>Theobromin, Theophyllin, und andere bioaktive Substanzen im Kaffee Theobromin im Kaffee &#8211; auch in der Kakaobohne enthalten Update(01.09.21): Schokolade macht gl\u00fccklich, je dunkler die Schokolade, (also h\u00f6herer Kakaoanteil) desto gl\u00fccklicher wird man. Dieses umgangssprachliche Zitat ist wohl weltweit bekannt. Die Erkl\u00e4rung daf\u00fcr finden wir im Alkaloid (ebenfalls eine Verbindung der Xanthine wie das Koffein) namens [&hellip;]<\/p>\n","protected":false},"author":1,"featured_media":0,"parent":0,"menu_order":0,"comment_status":"closed","ping_status":"closed","template":"","meta":{"footnotes":""},"class_list":["post-156","page","type-page","status-publish","hentry"],"yoast_head":"<!-- This site is optimized with the Yoast SEO plugin v26.9 - https:\/\/yoast.com\/product\/yoast-seo-wordpress\/ -->\n<title>Bioaktive Inhaltststoffe im Kaffee - kaffee-fee.com<\/title>\n<meta name=\"robots\" content=\"index, follow, max-snippet:-1, max-image-preview:large, max-video-preview:-1\" \/>\n<link rel=\"canonical\" href=\"https:\/\/kaffee-fee.com\/de\/theophyllin-theobromin-bioaktive-substanzen\" \/>\n<meta property=\"og:locale\" content=\"de_DE\" \/>\n<meta property=\"og:type\" content=\"article\" \/>\n<meta property=\"og:title\" content=\"Bioaktive Inhaltststoffe im Kaffee - kaffee-fee.com\" \/>\n<meta property=\"og:description\" content=\"Theobromin, Theophyllin, und andere bioaktive Substanzen im Kaffee Theobromin im Kaffee &#8211; auch in der Kakaobohne enthalten Update(01.09.21): Schokolade macht gl\u00fccklich, je dunkler die Schokolade, (also h\u00f6herer Kakaoanteil) desto gl\u00fccklicher wird man. Dieses umgangssprachliche Zitat ist wohl weltweit bekannt. Die Erkl\u00e4rung daf\u00fcr finden wir im Alkaloid (ebenfalls eine Verbindung der Xanthine wie das Koffein) namens [&hellip;]\" \/>\n<meta property=\"og:url\" content=\"https:\/\/kaffee-fee.com\/de\/theophyllin-theobromin-bioaktive-substanzen\" \/>\n<meta property=\"og:site_name\" content=\"kaffee-fee.com\" \/>\n<meta property=\"article:modified_time\" content=\"2025-08-22T09:38:07+00:00\" \/>\n<meta property=\"og:image\" content=\"https:\/\/kaffee-fee.com\/media\/wysiwyg\/kaffeebohnen-kreis380x380.jpg\" \/>\n<meta name=\"twitter:card\" content=\"summary_large_image\" \/>\n<meta name=\"twitter:label1\" content=\"Gesch\u00e4tzte Lesezeit\" \/>\n\t<meta name=\"twitter:data1\" content=\"5\u00a0Minuten\" \/>\n<script type=\"application\/ld+json\" class=\"yoast-schema-graph\">{\"@context\":\"https:\/\/schema.org\",\"@graph\":[{\"@type\":\"WebPage\",\"@id\":\"https:\/\/kaffee-fee.com\/de\/theophyllin-theobromin-bioaktive-substanzen\",\"url\":\"https:\/\/kaffee-fee.com\/de\/theophyllin-theobromin-bioaktive-substanzen\",\"name\":\"Bioaktive Inhaltststoffe im Kaffee - kaffee-fee.com\",\"isPartOf\":{\"@id\":\"https:\/\/kaffee-fee.com\/de\/#website\"},\"primaryImageOfPage\":{\"@id\":\"https:\/\/kaffee-fee.com\/de\/theophyllin-theobromin-bioaktive-substanzen#primaryimage\"},\"image\":{\"@id\":\"https:\/\/kaffee-fee.com\/de\/theophyllin-theobromin-bioaktive-substanzen#primaryimage\"},\"thumbnailUrl\":\"https:\/\/kaffee-fee.com\/media\/wysiwyg\/kaffeebohnen-kreis380x380.jpg\",\"datePublished\":\"2025-08-03T08:10:15+00:00\",\"dateModified\":\"2025-08-22T09:38:07+00:00\",\"breadcrumb\":{\"@id\":\"https:\/\/kaffee-fee.com\/de\/theophyllin-theobromin-bioaktive-substanzen#breadcrumb\"},\"inLanguage\":\"de\",\"potentialAction\":[{\"@type\":\"ReadAction\",\"target\":[\"https:\/\/kaffee-fee.com\/de\/theophyllin-theobromin-bioaktive-substanzen\"]}]},{\"@type\":\"ImageObject\",\"inLanguage\":\"de\",\"@id\":\"https:\/\/kaffee-fee.com\/de\/theophyllin-theobromin-bioaktive-substanzen#primaryimage\",\"url\":\"https:\/\/kaffee-fee.com\/media\/wysiwyg\/kaffeebohnen-kreis380x380.jpg\",\"contentUrl\":\"https:\/\/kaffee-fee.com\/media\/wysiwyg\/kaffeebohnen-kreis380x380.jpg\"},{\"@type\":\"BreadcrumbList\",\"@id\":\"https:\/\/kaffee-fee.com\/de\/theophyllin-theobromin-bioaktive-substanzen#breadcrumb\",\"itemListElement\":[{\"@type\":\"ListItem\",\"position\":1,\"name\":\"Startseite\",\"item\":\"https:\/\/kaffee-fee.com\/de\/\"},{\"@type\":\"ListItem\",\"position\":2,\"name\":\"Bioaktive Inhaltststoffe im Kaffee\"}]},{\"@type\":\"WebSite\",\"@id\":\"https:\/\/kaffee-fee.com\/de\/#website\",\"url\":\"https:\/\/kaffee-fee.com\/de\/\",\"name\":\"kaffee-fee.com\",\"description\":\"\",\"publisher\":{\"@id\":\"https:\/\/kaffee-fee.com\/de\/#\/schema\/person\/f674e74d619d094bd78b6c47b7beecd0\"},\"potentialAction\":[{\"@type\":\"SearchAction\",\"target\":{\"@type\":\"EntryPoint\",\"urlTemplate\":\"https:\/\/kaffee-fee.com\/de\/?s={search_term_string}\"},\"query-input\":{\"@type\":\"PropertyValueSpecification\",\"valueRequired\":true,\"valueName\":\"search_term_string\"}}],\"inLanguage\":\"de\"},{\"@type\":[\"Person\",\"Organization\"],\"@id\":\"https:\/\/kaffee-fee.com\/de\/#\/schema\/person\/f674e74d619d094bd78b6c47b7beecd0\",\"name\":\"Kaffee-Fee\",\"image\":{\"@type\":\"ImageObject\",\"inLanguage\":\"de\",\"@id\":\"https:\/\/kaffee-fee.com\/de\/#\/schema\/person\/image\/\",\"url\":\"https:\/\/kaffee-fee.com\/de\/wp-content\/uploads\/2025\/08\/cropped-kaffee-fee-logo-bohnen-328x170-1.jpg\",\"contentUrl\":\"https:\/\/kaffee-fee.com\/de\/wp-content\/uploads\/2025\/08\/cropped-kaffee-fee-logo-bohnen-328x170-1.jpg\",\"width\":200,\"height\":103,\"caption\":\"Kaffee-Fee\"},\"logo\":{\"@id\":\"https:\/\/kaffee-fee.com\/de\/#\/schema\/person\/image\/\"},\"sameAs\":[\"https:\/\/kaffee-fee.com\/de\"]}]}<\/script>\n<!-- \/ Yoast SEO plugin. -->","yoast_head_json":{"title":"Bioaktive Inhaltststoffe im Kaffee - kaffee-fee.com","robots":{"index":"index","follow":"follow","max-snippet":"max-snippet:-1","max-image-preview":"max-image-preview:large","max-video-preview":"max-video-preview:-1"},"canonical":"https:\/\/kaffee-fee.com\/de\/theophyllin-theobromin-bioaktive-substanzen","og_locale":"de_DE","og_type":"article","og_title":"Bioaktive Inhaltststoffe im Kaffee - kaffee-fee.com","og_description":"Theobromin, Theophyllin, und andere bioaktive Substanzen im Kaffee Theobromin im Kaffee &#8211; auch in der Kakaobohne enthalten Update(01.09.21): Schokolade macht gl\u00fccklich, je dunkler die Schokolade, (also h\u00f6herer Kakaoanteil) desto gl\u00fccklicher wird man. Dieses umgangssprachliche Zitat ist wohl weltweit bekannt. Die Erkl\u00e4rung daf\u00fcr finden wir im Alkaloid (ebenfalls eine Verbindung der Xanthine wie das Koffein) namens [&hellip;]","og_url":"https:\/\/kaffee-fee.com\/de\/theophyllin-theobromin-bioaktive-substanzen","og_site_name":"kaffee-fee.com","article_modified_time":"2025-08-22T09:38:07+00:00","og_image":[{"url":"https:\/\/kaffee-fee.com\/media\/wysiwyg\/kaffeebohnen-kreis380x380.jpg","type":"","width":"","height":""}],"twitter_card":"summary_large_image","twitter_misc":{"Gesch\u00e4tzte Lesezeit":"5\u00a0Minuten"},"schema":{"@context":"https:\/\/schema.org","@graph":[{"@type":"WebPage","@id":"https:\/\/kaffee-fee.com\/de\/theophyllin-theobromin-bioaktive-substanzen","url":"https:\/\/kaffee-fee.com\/de\/theophyllin-theobromin-bioaktive-substanzen","name":"Bioaktive Inhaltststoffe im Kaffee - kaffee-fee.com","isPartOf":{"@id":"https:\/\/kaffee-fee.com\/de\/#website"},"primaryImageOfPage":{"@id":"https:\/\/kaffee-fee.com\/de\/theophyllin-theobromin-bioaktive-substanzen#primaryimage"},"image":{"@id":"https:\/\/kaffee-fee.com\/de\/theophyllin-theobromin-bioaktive-substanzen#primaryimage"},"thumbnailUrl":"https:\/\/kaffee-fee.com\/media\/wysiwyg\/kaffeebohnen-kreis380x380.jpg","datePublished":"2025-08-03T08:10:15+00:00","dateModified":"2025-08-22T09:38:07+00:00","breadcrumb":{"@id":"https:\/\/kaffee-fee.com\/de\/theophyllin-theobromin-bioaktive-substanzen#breadcrumb"},"inLanguage":"de","potentialAction":[{"@type":"ReadAction","target":["https:\/\/kaffee-fee.com\/de\/theophyllin-theobromin-bioaktive-substanzen"]}]},{"@type":"ImageObject","inLanguage":"de","@id":"https:\/\/kaffee-fee.com\/de\/theophyllin-theobromin-bioaktive-substanzen#primaryimage","url":"https:\/\/kaffee-fee.com\/media\/wysiwyg\/kaffeebohnen-kreis380x380.jpg","contentUrl":"https:\/\/kaffee-fee.com\/media\/wysiwyg\/kaffeebohnen-kreis380x380.jpg"},{"@type":"BreadcrumbList","@id":"https:\/\/kaffee-fee.com\/de\/theophyllin-theobromin-bioaktive-substanzen#breadcrumb","itemListElement":[{"@type":"ListItem","position":1,"name":"Startseite","item":"https:\/\/kaffee-fee.com\/de\/"},{"@type":"ListItem","position":2,"name":"Bioaktive Inhaltststoffe im Kaffee"}]},{"@type":"WebSite","@id":"https:\/\/kaffee-fee.com\/de\/#website","url":"https:\/\/kaffee-fee.com\/de\/","name":"kaffee-fee.com","description":"","publisher":{"@id":"https:\/\/kaffee-fee.com\/de\/#\/schema\/person\/f674e74d619d094bd78b6c47b7beecd0"},"potentialAction":[{"@type":"SearchAction","target":{"@type":"EntryPoint","urlTemplate":"https:\/\/kaffee-fee.com\/de\/?s={search_term_string}"},"query-input":{"@type":"PropertyValueSpecification","valueRequired":true,"valueName":"search_term_string"}}],"inLanguage":"de"},{"@type":["Person","Organization"],"@id":"https:\/\/kaffee-fee.com\/de\/#\/schema\/person\/f674e74d619d094bd78b6c47b7beecd0","name":"Kaffee-Fee","image":{"@type":"ImageObject","inLanguage":"de","@id":"https:\/\/kaffee-fee.com\/de\/#\/schema\/person\/image\/","url":"https:\/\/kaffee-fee.com\/de\/wp-content\/uploads\/2025\/08\/cropped-kaffee-fee-logo-bohnen-328x170-1.jpg","contentUrl":"https:\/\/kaffee-fee.com\/de\/wp-content\/uploads\/2025\/08\/cropped-kaffee-fee-logo-bohnen-328x170-1.jpg","width":200,"height":103,"caption":"Kaffee-Fee"},"logo":{"@id":"https:\/\/kaffee-fee.com\/de\/#\/schema\/person\/image\/"},"sameAs":["https:\/\/kaffee-fee.com\/de"]}]}},"_links":{"self":[{"href":"https:\/\/kaffee-fee.com\/de\/wp-json\/wp\/v2\/pages\/156","targetHints":{"allow":["GET"]}}],"collection":[{"href":"https:\/\/kaffee-fee.com\/de\/wp-json\/wp\/v2\/pages"}],"about":[{"href":"https:\/\/kaffee-fee.com\/de\/wp-json\/wp\/v2\/types\/page"}],"author":[{"embeddable":true,"href":"https:\/\/kaffee-fee.com\/de\/wp-json\/wp\/v2\/users\/1"}],"replies":[{"embeddable":true,"href":"https:\/\/kaffee-fee.com\/de\/wp-json\/wp\/v2\/comments?post=156"}],"version-history":[{"count":2,"href":"https:\/\/kaffee-fee.com\/de\/wp-json\/wp\/v2\/pages\/156\/revisions"}],"predecessor-version":[{"id":327,"href":"https:\/\/kaffee-fee.com\/de\/wp-json\/wp\/v2\/pages\/156\/revisions\/327"}],"wp:attachment":[{"href":"https:\/\/kaffee-fee.com\/de\/wp-json\/wp\/v2\/media?parent=156"}],"curies":[{"name":"wp","href":"https:\/\/api.w.org\/{rel}","templated":true}]}}