{"id":165,"date":"2025-08-03T10:28:00","date_gmt":"2025-08-03T08:28:00","guid":{"rendered":"https:\/\/kaffee-fee.com\/de\/?page_id=165"},"modified":"2025-08-20T11:11:49","modified_gmt":"2025-08-20T09:11:49","slug":"impressum","status":"publish","type":"page","link":"https:\/\/kaffee-fee.com\/de\/impressum","title":{"rendered":"Impressum"},"content":{"rendered":"\n<p><strong>Angaben gem\u00e4\u00df \u00a7 5 TMG<\/strong><\/p>\n\n\n\n<p>Marcus Schepke<br>via del Talaiot 2a<br>E-07589 Canyamel \/ Baleares<br>Spanien<br>Telefon: +34 176 969 791<br>NIF: Y1588587-D<br>E-Mail: <a href=\"mailto:service@kaffee-fee.com\">service@kaffee-fee.com<\/a><br>Web: <a href=\"https:\/\/kaffee-fee.com\" target=\"_blank\" rel=\"noreferrer noopener\">https:\/\/kaffee-fee.com<\/a><\/p>\n\n\n\n<h2 class=\"wp-block-heading\">Haftungsausschluss<\/h2>\n\n\n\n<p>Auf dieser Webseite findet <strong>kein Produktverkauf<\/strong> statt. Ich binde lediglich Werbemittel und Affiliate-Links von Drittanbietern ein, insbesondere von Amazon. F\u00fcr Inhalte und Angebote dieser externen Anbieter bin ich nicht verantwortlich.<\/p>\n\n\n\n<h2 class=\"wp-block-heading\">Affiliate-Links<\/h2>\n\n\n\n<p>Diese Webseite enth\u00e4lt sogenannte Affiliate-Links. Wenn Sie \u00fcber einen solchen Link einkaufen, erhalte ich eine Provision. F\u00fcr Sie entstehen dadurch keine Mehrkosten.<\/p>\n\n\n\n<h2 class=\"wp-block-heading\">Verantwortlich f\u00fcr den Inhalt nach \u00a7 55 Abs. 2 RStV:<\/h2>\n\n\n\n<p>Marcus Schepke, via del Talaiot 2a, E-07589 Canyamel \/ Baleares<\/p>\n\n\n\n<p><\/p>\n","protected":false},"excerpt":{"rendered":"<p>Angaben gem\u00e4\u00df \u00a7 5 TMG Marcus Schepkevia del Talaiot 2aE-07589 Canyamel \/ BalearesSpanienTelefon: +34 176 969 791NIF: Y1588587-DE-Mail: service@kaffee-fee.comWeb: https:\/\/kaffee-fee.com Haftungsausschluss Auf dieser Webseite findet kein Produktverkauf statt. Ich binde lediglich Werbemittel und Affiliate-Links von Drittanbietern ein, insbesondere von Amazon. F\u00fcr Inhalte und Angebote dieser externen Anbieter bin ich nicht verantwortlich. Affiliate-Links Diese Webseite enth\u00e4lt [&hellip;]<\/p>\n","protected":false},"author":1,"featured_media":0,"parent":0,"menu_order":0,"comment_status":"closed","ping_status":"closed","template":"","meta":{"footnotes":""},"class_list":["post-165","page","type-page","status-publish","hentry"],"yoast_head":"<!-- This site is optimized with the Yoast SEO plugin v26.9 - https:\/\/yoast.com\/product\/yoast-seo-wordpress\/ -->\n<title>Impressum - kaffee-fee.com<\/title>\n<meta name=\"robots\" content=\"noindex, follow\" \/>\n<meta property=\"og:locale\" content=\"de_DE\" \/>\n<meta property=\"og:type\" content=\"article\" \/>\n<meta property=\"og:title\" content=\"Impressum - kaffee-fee.com\" \/>\n<meta property=\"og:description\" content=\"Angaben gem\u00e4\u00df \u00a7 5 TMG Marcus Schepkevia del Talaiot 2aE-07589 Canyamel \/ BalearesSpanienTelefon: +34 176 969 791NIF: Y1588587-DE-Mail: service@kaffee-fee.comWeb: https:\/\/kaffee-fee.com Haftungsausschluss Auf dieser Webseite findet kein Produktverkauf statt. Ich binde lediglich Werbemittel und Affiliate-Links von Drittanbietern ein, insbesondere von Amazon. F\u00fcr Inhalte und Angebote dieser externen Anbieter bin ich nicht verantwortlich. Affiliate-Links Diese Webseite enth\u00e4lt [&hellip;]\" \/>\n<meta property=\"og:url\" content=\"https:\/\/kaffee-fee.com\/de\/impressum\" \/>\n<meta property=\"og:site_name\" content=\"kaffee-fee.com\" \/>\n<meta property=\"article:modified_time\" content=\"2025-08-20T09:11:49+00:00\" \/>\n<meta name=\"twitter:card\" content=\"summary_large_image\" \/>\n<meta name=\"twitter:label1\" content=\"Gesch\u00e4tzte Lesezeit\" \/>\n\t<meta name=\"twitter:data1\" content=\"1\u00a0Minute\" \/>\n<script type=\"application\/ld+json\" class=\"yoast-schema-graph\">{\"@context\":\"https:\/\/schema.org\",\"@graph\":[{\"@type\":\"WebPage\",\"@id\":\"https:\/\/kaffee-fee.com\/de\/impressum\",\"url\":\"https:\/\/kaffee-fee.com\/de\/impressum\",\"name\":\"Impressum - kaffee-fee.com\",\"isPartOf\":{\"@id\":\"https:\/\/kaffee-fee.com\/de\/#website\"},\"datePublished\":\"2025-08-03T08:28:00+00:00\",\"dateModified\":\"2025-08-20T09:11:49+00:00\",\"breadcrumb\":{\"@id\":\"https:\/\/kaffee-fee.com\/de\/impressum#breadcrumb\"},\"inLanguage\":\"de\",\"potentialAction\":[{\"@type\":\"ReadAction\",\"target\":[\"https:\/\/kaffee-fee.com\/de\/impressum\"]}]},{\"@type\":\"BreadcrumbList\",\"@id\":\"https:\/\/kaffee-fee.com\/de\/impressum#breadcrumb\",\"itemListElement\":[{\"@type\":\"ListItem\",\"position\":1,\"name\":\"Startseite\",\"item\":\"https:\/\/kaffee-fee.com\/de\/\"},{\"@type\":\"ListItem\",\"position\":2,\"name\":\"Impressum\"}]},{\"@type\":\"WebSite\",\"@id\":\"https:\/\/kaffee-fee.com\/de\/#website\",\"url\":\"https:\/\/kaffee-fee.com\/de\/\",\"name\":\"kaffee-fee.com\",\"description\":\"\",\"publisher\":{\"@id\":\"https:\/\/kaffee-fee.com\/de\/#\/schema\/person\/f674e74d619d094bd78b6c47b7beecd0\"},\"potentialAction\":[{\"@type\":\"SearchAction\",\"target\":{\"@type\":\"EntryPoint\",\"urlTemplate\":\"https:\/\/kaffee-fee.com\/de\/?s={search_term_string}\"},\"query-input\":{\"@type\":\"PropertyValueSpecification\",\"valueRequired\":true,\"valueName\":\"search_term_string\"}}],\"inLanguage\":\"de\"},{\"@type\":[\"Person\",\"Organization\"],\"@id\":\"https:\/\/kaffee-fee.com\/de\/#\/schema\/person\/f674e74d619d094bd78b6c47b7beecd0\",\"name\":\"Kaffee-Fee\",\"image\":{\"@type\":\"ImageObject\",\"inLanguage\":\"de\",\"@id\":\"https:\/\/kaffee-fee.com\/de\/#\/schema\/person\/image\/\",\"url\":\"https:\/\/kaffee-fee.com\/de\/wp-content\/uploads\/2025\/08\/cropped-kaffee-fee-logo-bohnen-328x170-1.jpg\",\"contentUrl\":\"https:\/\/kaffee-fee.com\/de\/wp-content\/uploads\/2025\/08\/cropped-kaffee-fee-logo-bohnen-328x170-1.jpg\",\"width\":200,\"height\":103,\"caption\":\"Kaffee-Fee\"},\"logo\":{\"@id\":\"https:\/\/kaffee-fee.com\/de\/#\/schema\/person\/image\/\"},\"sameAs\":[\"https:\/\/kaffee-fee.com\/de\"]}]}<\/script>\n<!-- \/ Yoast SEO plugin. -->","yoast_head_json":{"title":"Impressum - kaffee-fee.com","robots":{"index":"noindex","follow":"follow"},"og_locale":"de_DE","og_type":"article","og_title":"Impressum - kaffee-fee.com","og_description":"Angaben gem\u00e4\u00df \u00a7 5 TMG Marcus Schepkevia del Talaiot 2aE-07589 Canyamel \/ BalearesSpanienTelefon: +34 176 969 791NIF: Y1588587-DE-Mail: service@kaffee-fee.comWeb: https:\/\/kaffee-fee.com Haftungsausschluss Auf dieser Webseite findet kein Produktverkauf statt. Ich binde lediglich Werbemittel und Affiliate-Links von Drittanbietern ein, insbesondere von Amazon. F\u00fcr Inhalte und Angebote dieser externen Anbieter bin ich nicht verantwortlich. Affiliate-Links Diese Webseite enth\u00e4lt [&hellip;]","og_url":"https:\/\/kaffee-fee.com\/de\/impressum","og_site_name":"kaffee-fee.com","article_modified_time":"2025-08-20T09:11:49+00:00","twitter_card":"summary_large_image","twitter_misc":{"Gesch\u00e4tzte Lesezeit":"1\u00a0Minute"},"schema":{"@context":"https:\/\/schema.org","@graph":[{"@type":"WebPage","@id":"https:\/\/kaffee-fee.com\/de\/impressum","url":"https:\/\/kaffee-fee.com\/de\/impressum","name":"Impressum - kaffee-fee.com","isPartOf":{"@id":"https:\/\/kaffee-fee.com\/de\/#website"},"datePublished":"2025-08-03T08:28:00+00:00","dateModified":"2025-08-20T09:11:49+00:00","breadcrumb":{"@id":"https:\/\/kaffee-fee.com\/de\/impressum#breadcrumb"},"inLanguage":"de","potentialAction":[{"@type":"ReadAction","target":["https:\/\/kaffee-fee.com\/de\/impressum"]}]},{"@type":"BreadcrumbList","@id":"https:\/\/kaffee-fee.com\/de\/impressum#breadcrumb","itemListElement":[{"@type":"ListItem","position":1,"name":"Startseite","item":"https:\/\/kaffee-fee.com\/de\/"},{"@type":"ListItem","position":2,"name":"Impressum"}]},{"@type":"WebSite","@id":"https:\/\/kaffee-fee.com\/de\/#website","url":"https:\/\/kaffee-fee.com\/de\/","name":"kaffee-fee.com","description":"","publisher":{"@id":"https:\/\/kaffee-fee.com\/de\/#\/schema\/person\/f674e74d619d094bd78b6c47b7beecd0"},"potentialAction":[{"@type":"SearchAction","target":{"@type":"EntryPoint","urlTemplate":"https:\/\/kaffee-fee.com\/de\/?s={search_term_string}"},"query-input":{"@type":"PropertyValueSpecification","valueRequired":true,"valueName":"search_term_string"}}],"inLanguage":"de"},{"@type":["Person","Organization"],"@id":"https:\/\/kaffee-fee.com\/de\/#\/schema\/person\/f674e74d619d094bd78b6c47b7beecd0","name":"Kaffee-Fee","image":{"@type":"ImageObject","inLanguage":"de","@id":"https:\/\/kaffee-fee.com\/de\/#\/schema\/person\/image\/","url":"https:\/\/kaffee-fee.com\/de\/wp-content\/uploads\/2025\/08\/cropped-kaffee-fee-logo-bohnen-328x170-1.jpg","contentUrl":"https:\/\/kaffee-fee.com\/de\/wp-content\/uploads\/2025\/08\/cropped-kaffee-fee-logo-bohnen-328x170-1.jpg","width":200,"height":103,"caption":"Kaffee-Fee"},"logo":{"@id":"https:\/\/kaffee-fee.com\/de\/#\/schema\/person\/image\/"},"sameAs":["https:\/\/kaffee-fee.com\/de"]}]}},"_links":{"self":[{"href":"https:\/\/kaffee-fee.com\/de\/wp-json\/wp\/v2\/pages\/165","targetHints":{"allow":["GET"]}}],"collection":[{"href":"https:\/\/kaffee-fee.com\/de\/wp-json\/wp\/v2\/pages"}],"about":[{"href":"https:\/\/kaffee-fee.com\/de\/wp-json\/wp\/v2\/types\/page"}],"author":[{"embeddable":true,"href":"https:\/\/kaffee-fee.com\/de\/wp-json\/wp\/v2\/users\/1"}],"replies":[{"embeddable":true,"href":"https:\/\/kaffee-fee.com\/de\/wp-json\/wp\/v2\/comments?post=165"}],"version-history":[{"count":2,"href":"https:\/\/kaffee-fee.com\/de\/wp-json\/wp\/v2\/pages\/165\/revisions"}],"predecessor-version":[{"id":175,"href":"https:\/\/kaffee-fee.com\/de\/wp-json\/wp\/v2\/pages\/165\/revisions\/175"}],"wp:attachment":[{"href":"https:\/\/kaffee-fee.com\/de\/wp-json\/wp\/v2\/media?parent=165"}],"curies":[{"name":"wp","href":"https:\/\/api.w.org\/{rel}","templated":true}]}}