{"id":3,"date":"2025-08-01T08:56:49","date_gmt":"2025-08-01T08:56:49","guid":{"rendered":"http:\/\/kaffee-fee.com\/de\/?page_id=3"},"modified":"2025-08-22T11:51:57","modified_gmt":"2025-08-22T09:51:57","slug":"datenschutz","status":"publish","type":"page","link":"https:\/\/kaffee-fee.com\/de\/datenschutz","title":{"rendered":"Datenschutzerkl\u00e4rung"},"content":{"rendered":"\n<p>Ich nehme den Schutz Ihrer pers\u00f6nlichen Daten sehr ernst. Die Erhebung und Verarbeitung personenbezogener Daten erfolgt stets im Einklang mit den geltenden Datenschutzvorschriften, insbesondere der DSGVO.<\/p>\n\n\n\n<h2 class=\"wp-block-heading\">Allgemeine Hinweise<\/h2>\n\n\n\n<p>Sie k\u00f6nnen meine Webseite in der Regel ohne Angabe personenbezogener Daten nutzen. Soweit auf meinen Seiten personenbezogene Daten erhoben werden, erfolgt dies \u2013 soweit m\u00f6glich \u2013 auf freiwilliger Basis.<\/p>\n\n\n\n<h2 class=\"wp-block-heading\">Cookies<\/h2>\n\n\n\n<p>Diese Website verwendet ausschlie\u00dflich technisch notwendige Cookies, z.\u202fB. zur Spracheinstellung oder Session-Steuerung. Es erfolgt kein Tracking. Durch die Nutzung der Seite stimmen Sie der Verwendung notwendiger Cookies zu.<\/p>\n\n\n\n<h2 class=\"wp-block-heading\">Server-Log-Dateien<\/h2>\n\n\n\n<p>Beim Besuch der Website werden automatisch Informationen durch den Webserver gespeichert:<\/p>\n\n\n\n<ul class=\"wp-block-list\">\n<li>Browsertyp \/ Browserversion<\/li>\n\n\n\n<li>verwendetes Betriebssystem<\/li>\n\n\n\n<li>Referrer-URL<\/li>\n\n\n\n<li>Uhrzeit der Serveranfrage<\/li>\n<\/ul>\n\n\n\n<p>Diese Daten sind nicht bestimmten Personen zuordenbar und dienen ausschlie\u00dflich der Sicherstellung eines st\u00f6rungsfreien Betriebs.<\/p>\n\n\n\n<h2 class=\"wp-block-heading\">Affiliate-Links und Werbepartner<\/h2>\n\n\n\n<p>Ich nutze Affiliate-Links (z.\u202fB. von Amazon). Beim Klick auf solche Links und anschlie\u00dfenden Kauf erhalte ich eine Provision. Dabei werden ggf. Cookies des jeweiligen Anbieters gesetzt. Weitere Informationen dazu erhalten Sie auf den Seiten des Anbieters (z.\u202fB. <a href=\"https:\/\/www.amazon.de\/gp\/help\/customer\/display.html?nodeId=201909010\" target=\"_blank\" rel=\"noreferrer noopener\">Amazon Datenschutzerkl\u00e4rung<\/a>).<\/p>\n\n\n\n<h2 class=\"wp-block-heading\">Verwendung von Google AdSense<\/h2>\n\n\n\n<p>Unsere Website nutzt Google AdSense, einen Dienst zum Einbinden von Werbeanzeigen der Google Inc. (\u201eGoogle\u201c). Google AdSense verwendet sogenannte Cookies, also Textdateien, die auf Ihrem Computer gespeichert werden und die eine Analyse der Benutzung der Website erm\u00f6glicht. Dar\u00fcber hinaus verwendet AdSense auch sogenannte Web Beacons, unsichtbare Grafiken. Durch diese Web Beacons k\u00f6nnen Informationen wie der Besucherverkehr auf diesen Seiten ausgewertet werden.<\/p>\n\n\n\n<p>Die durch Cookies und Web Beacons erzeugten Informationen \u00fcber die Benutzung dieser Website (einschlie\u00dflich Ihrer IP-Adresse) und Auslieferung von Werbeformaten werden an einen Server von Google in den USA \u00fcbertragen und dort gespeichert. Diese Informationen k\u00f6nnen von Google an Vertragspartner von Google weitergegeben werden. Google wird Ihre IP-Adresse jedoch nicht mit anderen von Ihnen gespeicherten Daten zusammenf\u00fchren.<\/p>\n\n\n\n<p>Sie k\u00f6nnen die Installation der Cookies durch eine entsprechende Einstellung Ihrer Browser-Software verhindern; wir weisen Sie jedoch darauf hin, dass Sie in diesem Fall gegebenenfalls nicht s\u00e4mtliche Funktionen dieser Website vollumf\u00e4nglich nutzen k\u00f6nnen. Durch die Nutzung dieser Website erkl\u00e4ren Sie sich mit der Bearbeitung der \u00fcber Sie erhobenen Daten durch Google in der zuvor beschriebenen Art und Weise und zu dem zuvor benannten Zweck einverstanden.<\/p>\n\n\n\n<h2 class=\"wp-block-heading\">Datenweitergabe an Dritte<\/h2>\n\n\n\n<p>Ihre Daten werden nicht an Dritte weitergegeben, es sei denn, dies ist gesetzlich vorgeschrieben oder zur Bearbeitung einer Anfrage erforderlich.<\/p>\n\n\n\n<h2 class=\"wp-block-heading\">Speicherdauer<\/h2>\n\n\n\n<p>Personenbezogene Daten werden nur so lange gespeichert, wie dies zur Bearbeitung notwendig ist. Danach werden sie gel\u00f6scht, sofern keine gesetzliche Aufbewahrungspflicht besteht.<\/p>\n\n\n\n<h2 class=\"wp-block-heading\">Ihre Rechte<\/h2>\n\n\n\n<p>Sie haben das Recht auf Auskunft, Berichtigung, L\u00f6schung und Einschr\u00e4nkung der Verarbeitung Ihrer personenbezogenen Daten. Kontaktieren Sie mich dazu unter <a href=\"mailto:service@kaffee-fee.com\">service@kaffee-fee.com<\/a>.<\/p>\n","protected":false},"excerpt":{"rendered":"<p>Ich nehme den Schutz Ihrer pers\u00f6nlichen Daten sehr ernst. Die Erhebung und Verarbeitung personenbezogener Daten erfolgt stets im Einklang mit den geltenden Datenschutzvorschriften, insbesondere der DSGVO. Allgemeine Hinweise Sie k\u00f6nnen meine Webseite in der Regel ohne Angabe personenbezogener Daten nutzen. Soweit auf meinen Seiten personenbezogene Daten erhoben werden, erfolgt dies \u2013 soweit m\u00f6glich \u2013 auf [&hellip;]<\/p>\n","protected":false},"author":1,"featured_media":0,"parent":0,"menu_order":0,"comment_status":"closed","ping_status":"closed","template":"","meta":{"footnotes":""},"class_list":["post-3","page","type-page","status-publish","hentry"],"yoast_head":"<!-- This site is optimized with the Yoast SEO plugin v26.9 - https:\/\/yoast.com\/product\/yoast-seo-wordpress\/ -->\n<title>Datenschutzerkl\u00e4rung - kaffee-fee.com<\/title>\n<meta name=\"robots\" content=\"noindex, follow\" \/>\n<meta property=\"og:locale\" content=\"de_DE\" \/>\n<meta property=\"og:type\" content=\"article\" \/>\n<meta property=\"og:title\" content=\"Datenschutzerkl\u00e4rung - kaffee-fee.com\" \/>\n<meta property=\"og:description\" content=\"Ich nehme den Schutz Ihrer pers\u00f6nlichen Daten sehr ernst. Die Erhebung und Verarbeitung personenbezogener Daten erfolgt stets im Einklang mit den geltenden Datenschutzvorschriften, insbesondere der DSGVO. Allgemeine Hinweise Sie k\u00f6nnen meine Webseite in der Regel ohne Angabe personenbezogener Daten nutzen. Soweit auf meinen Seiten personenbezogene Daten erhoben werden, erfolgt dies \u2013 soweit m\u00f6glich \u2013 auf [&hellip;]\" \/>\n<meta property=\"og:url\" content=\"https:\/\/kaffee-fee.com\/de\/datenschutz\" \/>\n<meta property=\"og:site_name\" content=\"kaffee-fee.com\" \/>\n<meta property=\"article:modified_time\" content=\"2025-08-22T09:51:57+00:00\" \/>\n<meta name=\"twitter:card\" content=\"summary_large_image\" \/>\n<meta name=\"twitter:label1\" content=\"Gesch\u00e4tzte Lesezeit\" \/>\n\t<meta name=\"twitter:data1\" content=\"3\u00a0Minuten\" \/>\n<script type=\"application\/ld+json\" class=\"yoast-schema-graph\">{\"@context\":\"https:\/\/schema.org\",\"@graph\":[{\"@type\":\"WebPage\",\"@id\":\"https:\/\/kaffee-fee.com\/de\/datenschutz\",\"url\":\"https:\/\/kaffee-fee.com\/de\/datenschutz\",\"name\":\"Datenschutzerkl\u00e4rung - kaffee-fee.com\",\"isPartOf\":{\"@id\":\"https:\/\/kaffee-fee.com\/de\/#website\"},\"datePublished\":\"2025-08-01T08:56:49+00:00\",\"dateModified\":\"2025-08-22T09:51:57+00:00\",\"breadcrumb\":{\"@id\":\"https:\/\/kaffee-fee.com\/de\/datenschutz#breadcrumb\"},\"inLanguage\":\"de\",\"potentialAction\":[{\"@type\":\"ReadAction\",\"target\":[\"https:\/\/kaffee-fee.com\/de\/datenschutz\"]}]},{\"@type\":\"BreadcrumbList\",\"@id\":\"https:\/\/kaffee-fee.com\/de\/datenschutz#breadcrumb\",\"itemListElement\":[{\"@type\":\"ListItem\",\"position\":1,\"name\":\"Startseite\",\"item\":\"https:\/\/kaffee-fee.com\/de\/\"},{\"@type\":\"ListItem\",\"position\":2,\"name\":\"Datenschutzerkl\u00e4rung\"}]},{\"@type\":\"WebSite\",\"@id\":\"https:\/\/kaffee-fee.com\/de\/#website\",\"url\":\"https:\/\/kaffee-fee.com\/de\/\",\"name\":\"kaffee-fee.com\",\"description\":\"\",\"publisher\":{\"@id\":\"https:\/\/kaffee-fee.com\/de\/#\/schema\/person\/f674e74d619d094bd78b6c47b7beecd0\"},\"potentialAction\":[{\"@type\":\"SearchAction\",\"target\":{\"@type\":\"EntryPoint\",\"urlTemplate\":\"https:\/\/kaffee-fee.com\/de\/?s={search_term_string}\"},\"query-input\":{\"@type\":\"PropertyValueSpecification\",\"valueRequired\":true,\"valueName\":\"search_term_string\"}}],\"inLanguage\":\"de\"},{\"@type\":[\"Person\",\"Organization\"],\"@id\":\"https:\/\/kaffee-fee.com\/de\/#\/schema\/person\/f674e74d619d094bd78b6c47b7beecd0\",\"name\":\"Kaffee-Fee\",\"image\":{\"@type\":\"ImageObject\",\"inLanguage\":\"de\",\"@id\":\"https:\/\/kaffee-fee.com\/de\/#\/schema\/person\/image\/\",\"url\":\"https:\/\/kaffee-fee.com\/de\/wp-content\/uploads\/2025\/08\/cropped-kaffee-fee-logo-bohnen-328x170-1.jpg\",\"contentUrl\":\"https:\/\/kaffee-fee.com\/de\/wp-content\/uploads\/2025\/08\/cropped-kaffee-fee-logo-bohnen-328x170-1.jpg\",\"width\":200,\"height\":103,\"caption\":\"Kaffee-Fee\"},\"logo\":{\"@id\":\"https:\/\/kaffee-fee.com\/de\/#\/schema\/person\/image\/\"},\"sameAs\":[\"https:\/\/kaffee-fee.com\/de\"]}]}<\/script>\n<!-- \/ Yoast SEO plugin. -->","yoast_head_json":{"title":"Datenschutzerkl\u00e4rung - kaffee-fee.com","robots":{"index":"noindex","follow":"follow"},"og_locale":"de_DE","og_type":"article","og_title":"Datenschutzerkl\u00e4rung - kaffee-fee.com","og_description":"Ich nehme den Schutz Ihrer pers\u00f6nlichen Daten sehr ernst. Die Erhebung und Verarbeitung personenbezogener Daten erfolgt stets im Einklang mit den geltenden Datenschutzvorschriften, insbesondere der DSGVO. Allgemeine Hinweise Sie k\u00f6nnen meine Webseite in der Regel ohne Angabe personenbezogener Daten nutzen. Soweit auf meinen Seiten personenbezogene Daten erhoben werden, erfolgt dies \u2013 soweit m\u00f6glich \u2013 auf [&hellip;]","og_url":"https:\/\/kaffee-fee.com\/de\/datenschutz","og_site_name":"kaffee-fee.com","article_modified_time":"2025-08-22T09:51:57+00:00","twitter_card":"summary_large_image","twitter_misc":{"Gesch\u00e4tzte Lesezeit":"3\u00a0Minuten"},"schema":{"@context":"https:\/\/schema.org","@graph":[{"@type":"WebPage","@id":"https:\/\/kaffee-fee.com\/de\/datenschutz","url":"https:\/\/kaffee-fee.com\/de\/datenschutz","name":"Datenschutzerkl\u00e4rung - kaffee-fee.com","isPartOf":{"@id":"https:\/\/kaffee-fee.com\/de\/#website"},"datePublished":"2025-08-01T08:56:49+00:00","dateModified":"2025-08-22T09:51:57+00:00","breadcrumb":{"@id":"https:\/\/kaffee-fee.com\/de\/datenschutz#breadcrumb"},"inLanguage":"de","potentialAction":[{"@type":"ReadAction","target":["https:\/\/kaffee-fee.com\/de\/datenschutz"]}]},{"@type":"BreadcrumbList","@id":"https:\/\/kaffee-fee.com\/de\/datenschutz#breadcrumb","itemListElement":[{"@type":"ListItem","position":1,"name":"Startseite","item":"https:\/\/kaffee-fee.com\/de\/"},{"@type":"ListItem","position":2,"name":"Datenschutzerkl\u00e4rung"}]},{"@type":"WebSite","@id":"https:\/\/kaffee-fee.com\/de\/#website","url":"https:\/\/kaffee-fee.com\/de\/","name":"kaffee-fee.com","description":"","publisher":{"@id":"https:\/\/kaffee-fee.com\/de\/#\/schema\/person\/f674e74d619d094bd78b6c47b7beecd0"},"potentialAction":[{"@type":"SearchAction","target":{"@type":"EntryPoint","urlTemplate":"https:\/\/kaffee-fee.com\/de\/?s={search_term_string}"},"query-input":{"@type":"PropertyValueSpecification","valueRequired":true,"valueName":"search_term_string"}}],"inLanguage":"de"},{"@type":["Person","Organization"],"@id":"https:\/\/kaffee-fee.com\/de\/#\/schema\/person\/f674e74d619d094bd78b6c47b7beecd0","name":"Kaffee-Fee","image":{"@type":"ImageObject","inLanguage":"de","@id":"https:\/\/kaffee-fee.com\/de\/#\/schema\/person\/image\/","url":"https:\/\/kaffee-fee.com\/de\/wp-content\/uploads\/2025\/08\/cropped-kaffee-fee-logo-bohnen-328x170-1.jpg","contentUrl":"https:\/\/kaffee-fee.com\/de\/wp-content\/uploads\/2025\/08\/cropped-kaffee-fee-logo-bohnen-328x170-1.jpg","width":200,"height":103,"caption":"Kaffee-Fee"},"logo":{"@id":"https:\/\/kaffee-fee.com\/de\/#\/schema\/person\/image\/"},"sameAs":["https:\/\/kaffee-fee.com\/de"]}]}},"_links":{"self":[{"href":"https:\/\/kaffee-fee.com\/de\/wp-json\/wp\/v2\/pages\/3","targetHints":{"allow":["GET"]}}],"collection":[{"href":"https:\/\/kaffee-fee.com\/de\/wp-json\/wp\/v2\/pages"}],"about":[{"href":"https:\/\/kaffee-fee.com\/de\/wp-json\/wp\/v2\/types\/page"}],"author":[{"embeddable":true,"href":"https:\/\/kaffee-fee.com\/de\/wp-json\/wp\/v2\/users\/1"}],"replies":[{"embeddable":true,"href":"https:\/\/kaffee-fee.com\/de\/wp-json\/wp\/v2\/comments?post=3"}],"version-history":[{"count":2,"href":"https:\/\/kaffee-fee.com\/de\/wp-json\/wp\/v2\/pages\/3\/revisions"}],"predecessor-version":[{"id":330,"href":"https:\/\/kaffee-fee.com\/de\/wp-json\/wp\/v2\/pages\/3\/revisions\/330"}],"wp:attachment":[{"href":"https:\/\/kaffee-fee.com\/de\/wp-json\/wp\/v2\/media?parent=3"}],"curies":[{"name":"wp","href":"https:\/\/api.w.org\/{rel}","templated":true}]}}