{"id":7,"date":"2025-08-01T09:56:26","date_gmt":"2025-08-01T07:56:26","guid":{"rendered":"https:\/\/kaffee-fee.com\/de\/?page_id=7"},"modified":"2025-11-21T11:16:48","modified_gmt":"2025-11-21T10:16:48","slug":"kaffee-in-holland-online-kaufen-bestellen","status":"publish","type":"page","link":"https:\/\/kaffee-fee.com\/de\/","title":{"rendered":"Kaffee kaufen &#8211; immer zu fairen Preisen"},"content":{"rendered":"\n<h2 class=\"wp-block-heading\">Tolle Kaffee Angebote direkt zu Ihnen nach Hause<\/h2>\n\n\n\n<div class=\"amazon-box\">\n  <a href=\"https:\/\/amzn.to\/45vPrvt\" target=\"_blank\" rel=\"nofollow noopener sponsored\">\n    <strong>Tolle Kaffee Angebote<\/strong> jetzt auf Amazon ansehen*\n  <\/a>\n<\/div>\n\n\n<p >Keine Produkte gefunden.<\/p>\n\n\n<h3 class=\"wp-block-heading\">Die leckeren Kaffeepads Gro\u00dfpackungen kommen direkt aus Holland<\/h3>\n\n\n\n<p>Die leckeren <a href=\"https:\/\/kaffee-fee.com\/de\/kaffee\/kaffeepads-100-stueck-grosspackung.html\">Kaffeepads Gro\u00dfpackungen<\/a> sind mit 100 einzeln frisch verpackten Pads. Diese Gro\u00dfpackungen, von verschiedenen namhaften Herstellern, sind in gro\u00dfer Auswahl vorhanden. Die Anfrage nach Kaffeepads Gro\u00dfpackungen ohne Einzelverpackung steigt. Es existieren bereits gr\u00f6\u00dfere Packs mit 56 Kaffeepads, die nicht einzeln verpackt sind. Somit wird weniger Verpackungsmaterial genutzt, um die Umwelt weniger zu belasten. Ein kleiner Schritt in eine bessere Zukunft!<\/p>\n\n\n\n<h2 class=\"wp-block-heading\">Fantastische Auswahl! Ihren Kaffee zu fairen Preisen kaufen<\/h2>\n\n\n\n<p>S\u00e4mtliche Kaffeevarianten gibt es hier in zahlreichen R\u00f6ststufen. So kann von &#8222;<a href=\"https:\/\/kaffee-fee.com\/de\/kaffeesorten\/entkoffeinierter-kaffee.html\">entkoffeiniert<\/a>&#8220; bis &#8222;extra stark&#8220; gew\u00e4hlt werden. Auch bei den Kaffeepads sind viele R\u00f6ststufen lieferbar. Fast jede Kaffeebohnen Sorte Kaffee gibt es auch in gemahlener Ausf\u00fchrung. Uns ist aufgefallen, dass italienischer Kaffee eine der gro\u00dfen Suchintention vieler Kunden ist. Aus diesem Grund haben wir eine eigene Kategorie f\u00fcr Sie angelegt. Falls Sie ebenfalls italienischen Kaffee zu Ihren Favoriten z\u00e4hlen, kommen Sie hier direkt zur Kategorie &#8218;<a href=\"https:\/\/kaffee-fee.com\/de\/kaffeemarken\/italien.html\">Italienischer Kaffee<\/a>&#8218;. \u00dcberzeugen sie sich selbst von der gro\u00dfen Auswahl, und lassen Ihren Kaffee auch einfach nach Hause liefern.<\/p>\n\n\n\n<p>Ein gro\u00dfer Vorteil zeigt sich in der umfassenden Auswahlm\u00f6glichkeit, um somit alle gew\u00fcnschten Sorten auch nur von einem Versandh\u00e4ndler zu bestellen. Kundenmeinungen best\u00e4tigen mir, dass es oft l\u00e4stig ist, die Bestelldaten bei jeder Bestellung neu eingeben zu m\u00fcssen.<\/p>\n\n\n\n<h3 class=\"wp-block-heading\">Der Kaffee ist schnell bei Ihnen<\/h3>\n\n\n\n<p>Der Kaffee wird schnell geliefert und erreicht alle Kunden innerhalb von 2 &#8211; 4 Tagen. Neben der schnellen Zahlungsm\u00f6glichkeiten ist eine gute Suchfunktion nach Preis und Hersteller vorhanden. Die Preise werden regelm\u00e4\u00dfig \u00fcberpr\u00fcft, um weiterhin faire Preise zu gew\u00e4hrleisten. So werden Sie auch in Zukunft ihren Lieblings-Kaffee g\u00fcnstig kaufen k\u00f6nnen. W\u00fcnsche eine gute Tasse Kaffee. Eure Kaffee Fee.<\/p>\n\n\n\n<h3 class=\"wp-block-heading\">Weitere tolle interessante Informationen zu Kaffee und Tee<\/h3>\n\n\n\n<p>Folgende Themen k\u00f6nnten sie interessieren. Alle Daten und Informationen beziehen sich auf Studienergebnisse, die \u00fcber verschiedene Quellen ver\u00f6ffentlicht wurden. Ich m\u00f6chte allen Kaffeetrinkern solche Infos nicht vorenthalten, da es doch so sch\u00f6n ist gelegentlich seinen Kaffee zu genie\u00dfen. Niemand braucht ein schlechtes Gewissen zu haben, wenn er gerne und auch mal etwas mehr Kaffee zu sich nimmt. Viel Spa\u00df beim Lesen:)<br>eure Kaffee Fee<\/p>\n\n\n\n<hr class=\"wp-block-separator has-alpha-channel-opacity\"\/>\n\n\n\n<h3 class=\"wp-block-heading\">Wussten Sie schon?<\/h3>\n\n\n\n<ul class=\"wp-block-list\">\n<li><a href=\"https:\/\/kaffee-fee.com\/de\/fotokalender-kostenlos-pdf\/\">Kaffee Kalender zum Ausdrucken als Danke sch\u00f6n f\u00fcr Sie<\/a><\/li>\n\n\n\n<li><a href=\"https:\/\/kaffee-fee.com\/de\/kaffeepads-ratgeber\/\">Alles wissenswerte \u00fcber Kaffeepads &#8211; Ihr Ratgeber<\/a><\/li>\n\n\n\n<li><a href=\"https:\/\/kaffee-fee.com\/de\/french-press-kaffee\/\">French Press Kaffee perfekt zubereiten<\/a><\/li>\n\n\n\n<li><a href=\"https:\/\/kaffee-fee.com\/de\/cold-brew-kaffee\/\">Cold Brew Kaffee perfekt zubereiten<\/a><\/li>\n\n\n\n<li><a href=\"https:\/\/kaffee-fee.com\/de\/bulletproof-coffee\/\">Bulletproof Coffee oder auch kugelsicherer Kaffee genannt &#8211; Trend-Kaffee<\/a><\/li>\n\n\n\n<li><a href=\"https:\/\/kaffee-fee.com\/de\/ist-kaffee-gesund\/\">Ist mein Kaffee, den ich trinke, denn nun gesund oder ungesund?<\/a><\/li>\n\n\n\n<li><a href=\"https:\/\/kaffee-fee.com\/de\/kaffee-richtig-lagern\/\">Wie Sie ihren Kaffee richtig lagern, und so das Aroma sch\u00fctzen<\/a><\/li>\n\n\n\n<li><a href=\"https:\/\/kaffee-fee.com\/de\/kaffee-optimal-bruehen\/\">Kaffee optimal von Hand br\u00fchen &#8211; so wird&#8217;s gemacht<\/a><\/li>\n\n\n\n<li><a href=\"https:\/\/kaffee-fee.com\/de\/kaffee-bekannte-sorten\/\">Kaffee &#8211; Bekannte und beliebte Kaffeesorten erkl\u00e4rt<\/a><\/li>\n\n\n\n<li><a href=\"https:\/\/kaffee-fee.com\/de\/koffein-wirkung-nebenwirkung\/\">Koffein &#8211; Wirkung und Nebenwirkung des beliebten Stoffes<\/a><\/li>\n\n\n\n<li><a href=\"https:\/\/kaffee-fee.com\/de\/vitamine-und-mineralien-im-kaffee\/\">Vitamine und Mineralien sind auch im Kaffee!<\/a><\/li>\n\n\n\n<li><a href=\"https:\/\/kaffee-fee.com\/de\/kaffee-kohlenhydrate-eiweisse-und-fette\/\">Energiewerte wie Fette, Eiwei\u00df und Kohlehydrate<\/a><\/li>\n\n\n\n<li><a href=\"https:\/\/kaffee-fee.com\/de\/theophyllin-theobromin-bioaktive-substanzen\/\">Bioaktive und gesunde Inhaltsstoffe, die wir brauchen<\/a><\/li>\n\n\n\n<li><a href=\"https:\/\/kaffee-fee.com\/de\/noch-mehr-alkaloide-im-kaffee\/\">Weitere Alkaloide gefunden &#8211; zahlreiche Muntermacher<\/a><\/li>\n\n\n\n<li><a href=\"https:\/\/kaffee-fee.com\/de\/kaffeehaeuser-erobern-herzen\">Kaffeeh\u00e4user erobern Herzen mit Porzellan, Patina und Pianokl\u00e4ngen<\/a><\/li>\n<\/ul>\n","protected":false},"excerpt":{"rendered":"<p>Tolle Kaffee Angebote direkt zu Ihnen nach Hause Tolle Kaffee Angebote jetzt auf Amazon ansehen* Die leckeren Kaffeepads Gro\u00dfpackungen kommen direkt aus Holland Die leckeren Kaffeepads Gro\u00dfpackungen sind mit 100 einzeln frisch verpackten Pads. Diese Gro\u00dfpackungen, von verschiedenen namhaften Herstellern, sind in gro\u00dfer Auswahl vorhanden. Die Anfrage nach Kaffeepads Gro\u00dfpackungen ohne Einzelverpackung steigt. Es existieren [&hellip;]<\/p>\n","protected":false},"author":1,"featured_media":0,"parent":0,"menu_order":0,"comment_status":"closed","ping_status":"closed","template":"","meta":{"footnotes":""},"class_list":["post-7","page","type-page","status-publish","hentry"],"yoast_head":"<!-- This site is optimized with the Yoast SEO plugin v26.9 - https:\/\/yoast.com\/product\/yoast-seo-wordpress\/ -->\n<title>Kaffee kaufen - immer zu fairen Preisen<\/title>\n<meta name=\"description\" content=\"Leckeren Kaffee kaufen zu fairen Preisen in gro\u00dfer Auswahl. Schnell geliefert.\" \/>\n<meta name=\"robots\" content=\"index, follow, max-snippet:-1, max-image-preview:large, max-video-preview:-1\" \/>\n<link rel=\"canonical\" href=\"https:\/\/kaffee-fee.com\/de\/\" \/>\n<meta property=\"og:locale\" content=\"de_DE\" \/>\n<meta property=\"og:type\" content=\"article\" \/>\n<meta property=\"og:title\" content=\"Kaffee kaufen - immer zu fairen Preisen\" \/>\n<meta property=\"og:description\" content=\"Leckeren Kaffee kaufen zu fairen Preisen in gro\u00dfer Auswahl. Schnell geliefert.\" \/>\n<meta property=\"og:url\" content=\"https:\/\/kaffee-fee.com\/de\/\" \/>\n<meta property=\"og:site_name\" content=\"kaffee-fee.com\" \/>\n<meta property=\"article:modified_time\" content=\"2025-11-21T10:16:48+00:00\" \/>\n<meta name=\"twitter:card\" content=\"summary_large_image\" \/>\n<meta name=\"twitter:label1\" content=\"Gesch\u00e4tzte Lesezeit\" \/>\n\t<meta name=\"twitter:data1\" content=\"3\u00a0Minuten\" \/>\n<script type=\"application\/ld+json\" class=\"yoast-schema-graph\">{\"@context\":\"https:\/\/schema.org\",\"@graph\":[{\"@type\":\"WebPage\",\"@id\":\"https:\/\/kaffee-fee.com\/de\/\",\"url\":\"https:\/\/kaffee-fee.com\/de\/\",\"name\":\"Kaffee kaufen - immer zu fairen Preisen\",\"isPartOf\":{\"@id\":\"https:\/\/kaffee-fee.com\/de\/#website\"},\"datePublished\":\"2025-08-01T07:56:26+00:00\",\"dateModified\":\"2025-11-21T10:16:48+00:00\",\"description\":\"Leckeren Kaffee kaufen zu fairen Preisen in gro\u00dfer Auswahl. Schnell geliefert.\",\"breadcrumb\":{\"@id\":\"https:\/\/kaffee-fee.com\/de\/#breadcrumb\"},\"inLanguage\":\"de\",\"potentialAction\":[{\"@type\":\"ReadAction\",\"target\":[\"https:\/\/kaffee-fee.com\/de\/\"]}]},{\"@type\":\"BreadcrumbList\",\"@id\":\"https:\/\/kaffee-fee.com\/de\/#breadcrumb\",\"itemListElement\":[{\"@type\":\"ListItem\",\"position\":1,\"name\":\"Startseite\",\"item\":\"https:\/\/kaffee-fee.com\/de\/\"},{\"@type\":\"ListItem\",\"position\":2,\"name\":\"Kaffee kaufen &#8211; immer zu fairen Preisen\"}]},{\"@type\":\"WebSite\",\"@id\":\"https:\/\/kaffee-fee.com\/de\/#website\",\"url\":\"https:\/\/kaffee-fee.com\/de\/\",\"name\":\"kaffee-fee.com\",\"description\":\"\",\"publisher\":{\"@id\":\"https:\/\/kaffee-fee.com\/de\/#\/schema\/person\/f674e74d619d094bd78b6c47b7beecd0\"},\"potentialAction\":[{\"@type\":\"SearchAction\",\"target\":{\"@type\":\"EntryPoint\",\"urlTemplate\":\"https:\/\/kaffee-fee.com\/de\/?s={search_term_string}\"},\"query-input\":{\"@type\":\"PropertyValueSpecification\",\"valueRequired\":true,\"valueName\":\"search_term_string\"}}],\"inLanguage\":\"de\"},{\"@type\":[\"Person\",\"Organization\"],\"@id\":\"https:\/\/kaffee-fee.com\/de\/#\/schema\/person\/f674e74d619d094bd78b6c47b7beecd0\",\"name\":\"Kaffee-Fee\",\"image\":{\"@type\":\"ImageObject\",\"inLanguage\":\"de\",\"@id\":\"https:\/\/kaffee-fee.com\/de\/#\/schema\/person\/image\/\",\"url\":\"https:\/\/kaffee-fee.com\/de\/wp-content\/uploads\/2025\/08\/cropped-kaffee-fee-logo-bohnen-328x170-1.jpg\",\"contentUrl\":\"https:\/\/kaffee-fee.com\/de\/wp-content\/uploads\/2025\/08\/cropped-kaffee-fee-logo-bohnen-328x170-1.jpg\",\"width\":200,\"height\":103,\"caption\":\"Kaffee-Fee\"},\"logo\":{\"@id\":\"https:\/\/kaffee-fee.com\/de\/#\/schema\/person\/image\/\"},\"sameAs\":[\"https:\/\/kaffee-fee.com\/de\"]}]}<\/script>\n<!-- \/ Yoast SEO plugin. -->","yoast_head_json":{"title":"Kaffee kaufen - immer zu fairen Preisen","description":"Leckeren Kaffee kaufen zu fairen Preisen in gro\u00dfer Auswahl. Schnell geliefert.","robots":{"index":"index","follow":"follow","max-snippet":"max-snippet:-1","max-image-preview":"max-image-preview:large","max-video-preview":"max-video-preview:-1"},"canonical":"https:\/\/kaffee-fee.com\/de\/","og_locale":"de_DE","og_type":"article","og_title":"Kaffee kaufen - immer zu fairen Preisen","og_description":"Leckeren Kaffee kaufen zu fairen Preisen in gro\u00dfer Auswahl. Schnell geliefert.","og_url":"https:\/\/kaffee-fee.com\/de\/","og_site_name":"kaffee-fee.com","article_modified_time":"2025-11-21T10:16:48+00:00","twitter_card":"summary_large_image","twitter_misc":{"Gesch\u00e4tzte Lesezeit":"3\u00a0Minuten"},"schema":{"@context":"https:\/\/schema.org","@graph":[{"@type":"WebPage","@id":"https:\/\/kaffee-fee.com\/de\/","url":"https:\/\/kaffee-fee.com\/de\/","name":"Kaffee kaufen - immer zu fairen Preisen","isPartOf":{"@id":"https:\/\/kaffee-fee.com\/de\/#website"},"datePublished":"2025-08-01T07:56:26+00:00","dateModified":"2025-11-21T10:16:48+00:00","description":"Leckeren Kaffee kaufen zu fairen Preisen in gro\u00dfer Auswahl. Schnell geliefert.","breadcrumb":{"@id":"https:\/\/kaffee-fee.com\/de\/#breadcrumb"},"inLanguage":"de","potentialAction":[{"@type":"ReadAction","target":["https:\/\/kaffee-fee.com\/de\/"]}]},{"@type":"BreadcrumbList","@id":"https:\/\/kaffee-fee.com\/de\/#breadcrumb","itemListElement":[{"@type":"ListItem","position":1,"name":"Startseite","item":"https:\/\/kaffee-fee.com\/de\/"},{"@type":"ListItem","position":2,"name":"Kaffee kaufen &#8211; immer zu fairen Preisen"}]},{"@type":"WebSite","@id":"https:\/\/kaffee-fee.com\/de\/#website","url":"https:\/\/kaffee-fee.com\/de\/","name":"kaffee-fee.com","description":"","publisher":{"@id":"https:\/\/kaffee-fee.com\/de\/#\/schema\/person\/f674e74d619d094bd78b6c47b7beecd0"},"potentialAction":[{"@type":"SearchAction","target":{"@type":"EntryPoint","urlTemplate":"https:\/\/kaffee-fee.com\/de\/?s={search_term_string}"},"query-input":{"@type":"PropertyValueSpecification","valueRequired":true,"valueName":"search_term_string"}}],"inLanguage":"de"},{"@type":["Person","Organization"],"@id":"https:\/\/kaffee-fee.com\/de\/#\/schema\/person\/f674e74d619d094bd78b6c47b7beecd0","name":"Kaffee-Fee","image":{"@type":"ImageObject","inLanguage":"de","@id":"https:\/\/kaffee-fee.com\/de\/#\/schema\/person\/image\/","url":"https:\/\/kaffee-fee.com\/de\/wp-content\/uploads\/2025\/08\/cropped-kaffee-fee-logo-bohnen-328x170-1.jpg","contentUrl":"https:\/\/kaffee-fee.com\/de\/wp-content\/uploads\/2025\/08\/cropped-kaffee-fee-logo-bohnen-328x170-1.jpg","width":200,"height":103,"caption":"Kaffee-Fee"},"logo":{"@id":"https:\/\/kaffee-fee.com\/de\/#\/schema\/person\/image\/"},"sameAs":["https:\/\/kaffee-fee.com\/de"]}]}},"_links":{"self":[{"href":"https:\/\/kaffee-fee.com\/de\/wp-json\/wp\/v2\/pages\/7","targetHints":{"allow":["GET"]}}],"collection":[{"href":"https:\/\/kaffee-fee.com\/de\/wp-json\/wp\/v2\/pages"}],"about":[{"href":"https:\/\/kaffee-fee.com\/de\/wp-json\/wp\/v2\/types\/page"}],"author":[{"embeddable":true,"href":"https:\/\/kaffee-fee.com\/de\/wp-json\/wp\/v2\/users\/1"}],"replies":[{"embeddable":true,"href":"https:\/\/kaffee-fee.com\/de\/wp-json\/wp\/v2\/comments?post=7"}],"version-history":[{"count":10,"href":"https:\/\/kaffee-fee.com\/de\/wp-json\/wp\/v2\/pages\/7\/revisions"}],"predecessor-version":[{"id":453,"href":"https:\/\/kaffee-fee.com\/de\/wp-json\/wp\/v2\/pages\/7\/revisions\/453"}],"wp:attachment":[{"href":"https:\/\/kaffee-fee.com\/de\/wp-json\/wp\/v2\/media?parent=7"}],"curies":[{"name":"wp","href":"https:\/\/api.w.org\/{rel}","templated":true}]}}